{"id":758787,"date":"2025-08-28T08:14:51","date_gmt":"2025-08-28T05:14:51","guid":{"rendered":"https:\/\/roveyayinevi.com.tr\/index.php\/urun\/affetmek\/"},"modified":"2026-04-16T03:11:47","modified_gmt":"2026-04-16T00:11:47","slug":"affetmek","status":"publish","type":"product","link":"https:\/\/roveyayinevi.com.tr\/index.php\/urun\/affetmek\/","title":{"rendered":"Affetmek"},"content":{"rendered":"<p>Yu\u0308zy\u0131llar boyunca, ku\u0308ltu\u0308rel ve spiritu\u0308el kurallar bize \u00f6fkeyi yok etmeyi ve affedicili\u011fi benimsemeyi \u00f6\u011fretmi\u015f, birini di\u011feriyle kolayca de\u011fi\u015ftirebilece\u011fimizi varsaym\u0131\u015ft\u0131r, fakat hi\u00e7bir \u015fey ger\u00e7e\u011fe bu kadar ayk\u0131r\u0131 olamaz. Spiritu\u0308el Usta Osho, Affetmek adl\u0131 kitab\u0131nda bu konunun detaylar\u0131na iniyor, k\u00f6kenlerini ara\u015ft\u0131r\u0131yor ve affetme konusunda \u2013gu\u0308nah, su\u00e7luluk, utan\u00e7 ve t\u00f6vbe gibi ilgili fikirlerin yan\u0131 s\u0131ra\u2013 Do\u011fu ve Bat\u0131 perspektiflerinin bir araya geldi\u011fi noktalara \u0131\u015f\u0131k tutuyor. \u00c7ok okunan Yeni Bir Ya\u015fam Tarz\u0131 \u0130\u00e7in \u0130\u00e7g\u00f6ru\u0308ler serisi, siz okuyucular\u0131 ya\u015fam\u0131n zenginli\u011fini deneyimlemenize engel olan k\u00f6kle\u015fmi\u015f inan\u00e7 sistemlerini ve \u00f6n yarg\u0131lar\u0131 sorgulamaya ve bunlar\u0131 b\u0131rakmaya te\u015fvik ediyor. Bu kitaplar, ger\u00e7ek benli\u011finiz olman\u0131n \u00f6nu\u0308ne ge\u00e7en inan\u00e7 ve tutumlara \u0131\u015f\u0131k tutmaktad\u0131r. Tu\u0308m metin \u015fefkat ve mizah\u0131n ustaca bir kar\u0131\u015f\u0131m\u0131d\u0131r ve okuyucular en \u00e7ok ka\u00e7\u0131nmak istedikleri \u015feylerle yu\u0308zle\u015fmeye te\u015fvik edilmektedir, ki bu da ger\u00e7ek i\u00e7g\u00f6ru\u0308 ve gu\u0308cu\u0308n anahtar\u0131n\u0131 sa\u011flayan \u015feydir. <\/p>\n","protected":false},"excerpt":{"rendered":"<p>Yu\u0308zy\u0131llar boyunca, ku\u0308ltu\u0308rel ve spiritu\u0308el kurallar bize \u00f6fkeyi yok etmeyi ve affedicili\u011fi benimsemeyi \u00f6\u011fretmi\u015f, birini di\u011feriyle kolayca de\u011fi\u015ftirebilece\u011fimizi varsaym\u0131\u015ft\u0131r, fakat hi\u00e7bir \u015fey ger\u00e7e\u011fe bu kadar ayk\u0131r\u0131<span class=\"excerpt-hellip\"> [\u2026]<\/span><\/p>\n","protected":false},"featured_media":0,"template":"","meta":{"_monsterinsights_skip_tracking":false,"_monsterinsights_sitenote_active":false,"_monsterinsights_sitenote_note":"","_monsterinsights_sitenote_category":0},"product_brand":[],"product_cat":[12364,12376],"product_tag":[],"class_list":{"0":"post-758787","1":"product","2":"type-product","3":"status-publish","5":"product_cat-genel-konular","6":"product_cat-kisisel-gelisim","7":"pa_cilt-ciltsiz","8":"pa_tur-kitap","9":"pa_yayinevi-butik-yayinlari","10":"pa_yazar-osho","12":"first","13":"instock","14":"sale","15":"shipping-taxable","16":"purchasable","17":"product-type-simple"},"_links":{"self":[{"href":"https:\/\/roveyayinevi.com.tr\/index.php\/wp-json\/wp\/v2\/product\/758787","targetHints":{"allow":["GET"]}}],"collection":[{"href":"https:\/\/roveyayinevi.com.tr\/index.php\/wp-json\/wp\/v2\/product"}],"about":[{"href":"https:\/\/roveyayinevi.com.tr\/index.php\/wp-json\/wp\/v2\/types\/product"}],"wp:attachment":[{"href":"https:\/\/roveyayinevi.com.tr\/index.php\/wp-json\/wp\/v2\/media?parent=758787"}],"wp:term":[{"taxonomy":"product_brand","embeddable":true,"href":"https:\/\/roveyayinevi.com.tr\/index.php\/wp-json\/wp\/v2\/product_brand?post=758787"},{"taxonomy":"product_cat","embeddable":true,"href":"https:\/\/roveyayinevi.com.tr\/index.php\/wp-json\/wp\/v2\/product_cat?post=758787"},{"taxonomy":"product_tag","embeddable":true,"href":"https:\/\/roveyayinevi.com.tr\/index.php\/wp-json\/wp\/v2\/product_tag?post=758787"}],"curies":[{"name":"wp","href":"https:\/\/api.w.org\/{rel}","templated":true}]}}