{"id":758784,"date":"2025-08-28T08:14:47","date_gmt":"2025-08-28T05:14:47","guid":{"rendered":"https:\/\/roveyayinevi.com.tr\/index.php\/urun\/mehdilik-ve-sahkulu-ayaklanmasi\/"},"modified":"2026-04-16T03:11:47","modified_gmt":"2026-04-16T00:11:47","slug":"mehdilik-ve-sahkulu-ayaklanmasi","status":"publish","type":"product","link":"https:\/\/roveyayinevi.com.tr\/index.php\/urun\/mehdilik-ve-sahkulu-ayaklanmasi\/","title":{"rendered":"Mehdilik ve \u015eahkulu  Ayaklanmas\u0131"},"content":{"rendered":"<p>&#8230;Toplumlar\u0131n zor durumda oldu\u011fu d\u00f6nemlerde, refah, zenginlik vaat eden ve \u00e7o\u011fu kez de do\u011fa\u00fcst\u00fc alandan g\u00fc\u00e7 ald\u0131\u011f\u0131n\u0131 s\u00f6yleyen birtak\u0131m liderler ortaya \u00e7\u0131km\u0131\u015ft\u0131r. Bu liderler gelece\u011fe dair umutlar\u0131 olan ki\u015filerin sesi olmu\u015f ve bunlar\u0131n etraf\u0131na b\u00fcy\u00fck kitleler toplanm\u0131\u015ft\u0131r. Tarihsel s\u00fcre\u00e7 i\u00e7erisinde bu minvalde geli\u015fen \u201ckurtar\u0131c\u0131 tasavvuru\u201d k\u00fclt\u00fcrden k\u00fclt\u00fcre intikal etmi\u015f ve kendine has birtak\u0131m mistik karakterlerle \u015fekillenmi\u015ftir. -Mihriban Artan Ok   Mehdilik ve \u015eahkulu Ayaklanmas\u0131 kitab\u0131 \u00f6zellikle Osmanl\u0131&#8217;da \u015eahkulu Ayaklanmas\u0131 \u00f6rne\u011finde d\u00f6nem kronikleri, ar\u015fiv vesikalar\u0131, yabanc\u0131 seyyah notlar\u0131, hadis kitaplar\u0131 ve tasavvuf kaynaklar\u0131ndan yararlanarak mehdili\u011fin anla\u015f\u0131lmas\u0131na katk\u0131 sunmaktad\u0131r. <\/p>\n","protected":false},"excerpt":{"rendered":"<p>&#8230;Toplumlar\u0131n zor durumda oldu\u011fu d\u00f6nemlerde, refah, zenginlik vaat eden ve \u00e7o\u011fu kez de do\u011fa\u00fcst\u00fc alandan g\u00fc\u00e7 ald\u0131\u011f\u0131n\u0131 s\u00f6yleyen birtak\u0131m liderler ortaya \u00e7\u0131km\u0131\u015ft\u0131r. Bu liderler gelece\u011fe dair<span class=\"excerpt-hellip\"> [\u2026]<\/span><\/p>\n","protected":false},"featured_media":0,"template":"","meta":{"_monsterinsights_skip_tracking":false,"_monsterinsights_sitenote_active":false,"_monsterinsights_sitenote_note":"","_monsterinsights_sitenote_category":0},"product_brand":[],"product_cat":[12370,12304],"product_tag":[],"class_list":{"0":"post-758784","1":"product","2":"type-product","3":"status-publish","5":"product_cat-arastirma-inceleme","6":"product_cat-tarih","7":"pa_cilt-ciltsiz","8":"pa_tur-kitap","9":"pa_yayinevi-alfa-yayinlari","10":"pa_yazar-mihriban-artan-ok","12":"first","13":"instock","14":"sale","15":"shipping-taxable","16":"purchasable","17":"product-type-simple"},"_links":{"self":[{"href":"https:\/\/roveyayinevi.com.tr\/index.php\/wp-json\/wp\/v2\/product\/758784","targetHints":{"allow":["GET"]}}],"collection":[{"href":"https:\/\/roveyayinevi.com.tr\/index.php\/wp-json\/wp\/v2\/product"}],"about":[{"href":"https:\/\/roveyayinevi.com.tr\/index.php\/wp-json\/wp\/v2\/types\/product"}],"wp:attachment":[{"href":"https:\/\/roveyayinevi.com.tr\/index.php\/wp-json\/wp\/v2\/media?parent=758784"}],"wp:term":[{"taxonomy":"product_brand","embeddable":true,"href":"https:\/\/roveyayinevi.com.tr\/index.php\/wp-json\/wp\/v2\/product_brand?post=758784"},{"taxonomy":"product_cat","embeddable":true,"href":"https:\/\/roveyayinevi.com.tr\/index.php\/wp-json\/wp\/v2\/product_cat?post=758784"},{"taxonomy":"product_tag","embeddable":true,"href":"https:\/\/roveyayinevi.com.tr\/index.php\/wp-json\/wp\/v2\/product_tag?post=758784"}],"curies":[{"name":"wp","href":"https:\/\/api.w.org\/{rel}","templated":true}]}}