{"id":758777,"date":"2025-08-28T08:14:34","date_gmt":"2025-08-28T05:14:34","guid":{"rendered":"https:\/\/roveyayinevi.com.tr\/index.php\/urun\/ogretimde-hikayelestirme\/"},"modified":"2026-04-16T03:11:46","modified_gmt":"2026-04-16T00:11:46","slug":"ogretimde-hikayelestirme","status":"publish","type":"product","link":"https:\/\/roveyayinevi.com.tr\/index.php\/urun\/ogretimde-hikayelestirme\/","title":{"rendered":"\u00d6\u011fretimde Hikayele\u015ftirme"},"content":{"rendered":"<p>Hepimiz birer hik\u00e2ye anlat\u0131c\u0131s\u0131y\u0131z!Hayat\u0131m\u0131z hik\u00e2yelerle \u00e7evrili. \u0130nsanlarla ileti\u015fime ge\u00e7ti\u011fimiz her anda bir hik\u00e2ye ba\u015fl\u0131yor. Bu hik\u00e2yeleri i\u00e7imizde ta\u015f\u0131yoruz. Ba\u015fkalar\u0131na anlat\u0131yor, \u00e7o\u011falt\u0131yoruz.Hik\u00e2yele\u015ftirme ayn\u0131 zamanda en eski ve en etkili \u00f6\u011fretim arac\u0131. \u00d6\u011fretimde Hik\u00e2yele\u015ftirme bu metodun derslerde nas\u0131l etkili bir bi\u00e7imde kullan\u0131labilece\u011fini mercek alt\u0131na al\u0131yor. Ba\u015fka bir deyi\u015fle, hik\u00e2yeleri insanlar\u0131 harekete ge\u00e7irecek \u015fekilde anlatman\u0131n ve uygulaman\u0131n yollar\u0131n\u0131 ara\u015ft\u0131r\u0131yor. Bu yakla\u015f\u0131m\u0131 bir performans sanat\u00e7\u0131s\u0131 g\u00f6z\u00fcyle ele alarak hik\u00e2yenin ve hik\u00e2ye anlat\u0131c\u0131l\u0131\u011f\u0131n\u0131n do\u011fas\u0131na daha yak\u0131ndan bak\u0131yor. Dersler i\u00e7in \u00e7e\u015fitli \u00f6rnek uygulamalar sunarak hik\u00e2ye anlat\u0131m\u0131 pratiklerinin nas\u0131l \u00e7al\u0131\u015ft\u0131\u011f\u0131n\u0131 analiz ediyor.\u00d6\u011fretimde Hik\u00e2yele\u015ftirme; g\u00fcnl\u00fck ya\u015famda etraf\u0131m\u0131z\u0131 \u00e7evreleyen hik\u00e2yeleri kullanarak derslerde de iyi birer uygulay\u0131c\u0131ya d\u00f6n\u00fc\u015f\u00fcrken size rehberlik edecek. \u00d6\u011fretmenler, \u00f6\u011frenciler, veliler ve hik\u00e2yelere ilgi duyan herkes i\u00e7in benzersiz bir k\u0131lavuz.<\/p>\n","protected":false},"excerpt":{"rendered":"<p>Hepimiz birer hik\u00e2ye anlat\u0131c\u0131s\u0131y\u0131z!Hayat\u0131m\u0131z hik\u00e2yelerle \u00e7evrili. \u0130nsanlarla ileti\u015fime ge\u00e7ti\u011fimiz her anda bir hik\u00e2ye ba\u015fl\u0131yor. Bu hik\u00e2yeleri i\u00e7imizde ta\u015f\u0131yoruz. Ba\u015fkalar\u0131na anlat\u0131yor, \u00e7o\u011falt\u0131yoruz.Hik\u00e2yele\u015ftirme ayn\u0131 zamanda en eski ve<span class=\"excerpt-hellip\"> [\u2026]<\/span><\/p>\n","protected":false},"featured_media":0,"template":"","meta":{"_monsterinsights_skip_tracking":false,"_monsterinsights_sitenote_active":false,"_monsterinsights_sitenote_note":"","_monsterinsights_sitenote_category":0},"product_brand":[],"product_cat":[12573,12566],"product_tag":[],"class_list":{"0":"post-758777","1":"product","2":"type-product","3":"status-publish","5":"product_cat-akademik-kitaplar","6":"product_cat-egitim","7":"pa_cilt-ciltsiz","8":"pa_tur-kitap","9":"pa_yayinevi-altin-kitaplar-akademi","10":"pa_yazar-ceren-moghaddam","12":"first","13":"instock","14":"sale","15":"shipping-taxable","16":"purchasable","17":"product-type-simple"},"_links":{"self":[{"href":"https:\/\/roveyayinevi.com.tr\/index.php\/wp-json\/wp\/v2\/product\/758777","targetHints":{"allow":["GET"]}}],"collection":[{"href":"https:\/\/roveyayinevi.com.tr\/index.php\/wp-json\/wp\/v2\/product"}],"about":[{"href":"https:\/\/roveyayinevi.com.tr\/index.php\/wp-json\/wp\/v2\/types\/product"}],"wp:attachment":[{"href":"https:\/\/roveyayinevi.com.tr\/index.php\/wp-json\/wp\/v2\/media?parent=758777"}],"wp:term":[{"taxonomy":"product_brand","embeddable":true,"href":"https:\/\/roveyayinevi.com.tr\/index.php\/wp-json\/wp\/v2\/product_brand?post=758777"},{"taxonomy":"product_cat","embeddable":true,"href":"https:\/\/roveyayinevi.com.tr\/index.php\/wp-json\/wp\/v2\/product_cat?post=758777"},{"taxonomy":"product_tag","embeddable":true,"href":"https:\/\/roveyayinevi.com.tr\/index.php\/wp-json\/wp\/v2\/product_tag?post=758777"}],"curies":[{"name":"wp","href":"https:\/\/api.w.org\/{rel}","templated":true}]}}