{"id":758776,"date":"2025-08-28T08:14:33","date_gmt":"2025-08-28T05:14:33","guid":{"rendered":"https:\/\/roveyayinevi.com.tr\/index.php\/urun\/on-kucuk-ordekcik\/"},"modified":"2026-04-16T03:11:46","modified_gmt":"2026-04-16T00:11:46","slug":"on-kucuk-ordekcik","status":"publish","type":"product","link":"https:\/\/roveyayinevi.com.tr\/index.php\/urun\/on-kucuk-ordekcik\/","title":{"rendered":"On K\u00fc\u00e7\u00fck \u00d6rdek\u00e7ik"},"content":{"rendered":"<p>G\u00fcne\u015f do\u011fdu, yepyeni bir g\u00fcn ba\u015fl\u0131yor. On k\u00fc\u00e7\u00fck \u00f6rdek\u00e7ik biraz oyun istiyor. Kapa g\u00f6zlerini, sak\u0131n s\u00f6yleme sonunu. Haydi beraber oynayal\u0131m, bir saklamba\u00e7 oyunu!   On k\u00fc\u00e7\u00fck \u00f6rdek\u00e7ik b\u00fcy\u00fck bir maceraya \u00e7\u0131k\u0131yor. Her sayfada saklanan k\u00fc\u00e7\u00fck \u00f6rde\u011fi bulabilir misin?     Ke\u015ffedecek ayr\u0131nt\u0131larla dolu, e\u011flenceli bir ara-bul kitab\u0131. <\/p>\n","protected":false},"excerpt":{"rendered":"<p>G\u00fcne\u015f do\u011fdu, yepyeni bir g\u00fcn ba\u015fl\u0131yor. On k\u00fc\u00e7\u00fck \u00f6rdek\u00e7ik biraz oyun istiyor. Kapa g\u00f6zlerini, sak\u0131n s\u00f6yleme sonunu. Haydi beraber oynayal\u0131m, bir saklamba\u00e7 oyunu! On k\u00fc\u00e7\u00fck \u00f6rdek\u00e7ik<span class=\"excerpt-hellip\"> [\u2026]<\/span><\/p>\n","protected":false},"featured_media":0,"template":"","meta":{"_monsterinsights_skip_tracking":false,"_monsterinsights_sitenote_active":false,"_monsterinsights_sitenote_note":"","_monsterinsights_sitenote_category":0},"product_brand":[],"product_cat":[12274,12518],"product_tag":[],"class_list":{"0":"post-758776","1":"product","2":"type-product","3":"status-publish","5":"product_cat-cocuk-ve-genclik-kitaplari","6":"product_cat-okul-oncesi-kitaplar","7":"pa_cilt-ciltsiz","8":"pa_tur-kitap","9":"pa_yayinevi-buyulu-fener-yayinlari","10":"pa_yazar-lucy-rowland-aki","12":"first","13":"instock","14":"sale","15":"shipping-taxable","16":"purchasable","17":"product-type-simple"},"_links":{"self":[{"href":"https:\/\/roveyayinevi.com.tr\/index.php\/wp-json\/wp\/v2\/product\/758776","targetHints":{"allow":["GET"]}}],"collection":[{"href":"https:\/\/roveyayinevi.com.tr\/index.php\/wp-json\/wp\/v2\/product"}],"about":[{"href":"https:\/\/roveyayinevi.com.tr\/index.php\/wp-json\/wp\/v2\/types\/product"}],"wp:attachment":[{"href":"https:\/\/roveyayinevi.com.tr\/index.php\/wp-json\/wp\/v2\/media?parent=758776"}],"wp:term":[{"taxonomy":"product_brand","embeddable":true,"href":"https:\/\/roveyayinevi.com.tr\/index.php\/wp-json\/wp\/v2\/product_brand?post=758776"},{"taxonomy":"product_cat","embeddable":true,"href":"https:\/\/roveyayinevi.com.tr\/index.php\/wp-json\/wp\/v2\/product_cat?post=758776"},{"taxonomy":"product_tag","embeddable":true,"href":"https:\/\/roveyayinevi.com.tr\/index.php\/wp-json\/wp\/v2\/product_tag?post=758776"}],"curies":[{"name":"wp","href":"https:\/\/api.w.org\/{rel}","templated":true}]}}