{"id":758775,"date":"2025-08-28T08:14:31","date_gmt":"2025-08-28T05:14:31","guid":{"rendered":"https:\/\/roveyayinevi.com.tr\/index.php\/urun\/ikinci-benlik-bilgisayarlar-ve-insan-ruhu\/"},"modified":"2026-04-16T03:11:46","modified_gmt":"2026-04-16T00:11:46","slug":"ikinci-benlik-bilgisayarlar-ve-insan-ruhu","status":"publish","type":"product","link":"https:\/\/roveyayinevi.com.tr\/index.php\/urun\/ikinci-benlik-bilgisayarlar-ve-insan-ruhu\/","title":{"rendered":"\u0130kinci Benlik (Bilgisayarlar ve \u0130nsan Ruhu)"},"content":{"rendered":"<p>Bilgisayara, salt bir &#8220;ara\u00e7&#8221; olarak de\u011fil, sosyal ve psikolojik hayat\u0131m\u0131z\u0131n bir par\u00e7as\u0131 olarak bakan Turkle, bilgisayar\u0131n kendimizi ve d\u00fcnyayla ili\u015fkimiz hakk\u0131ndaki fark\u0131ndal\u0131\u011f\u0131m\u0131z\u0131 nas\u0131l etkiledi\u011fini ke\u015ffetmek i\u00e7in bilgisayar oyunlar\u0131n\u0131 ve bilgisayar aray\u00fczlerini nas\u0131l kulland\u0131\u011f\u0131m\u0131z\u0131 inceliyor. Bir klasik h\u00e2line gelen bu eser, yazar\u0131n yeniden g\u00f6zden ge\u00e7irdi\u011fi bu yeni bask\u0131s\u0131yla, hayatlar\u0131m\u0131z\u0131n art\u0131k birer par\u00e7as\u0131 olan bilgisayarlar\u0131n ve aplikasyonlar\u0131n ruh h\u00e2llerimizi nas\u0131l \u015fekillendirdi\u011fini, \u00e2deta nas\u0131l bir \u201cikinci benlik\u201d \u00fcretti\u011fini \u00e7arp\u0131c\u0131 bir bi\u00e7imde inceliyor. <\/p>\n","protected":false},"excerpt":{"rendered":"<p>Bilgisayara, salt bir &#8220;ara\u00e7&#8221; olarak de\u011fil, sosyal ve psikolojik hayat\u0131m\u0131z\u0131n bir par\u00e7as\u0131 olarak bakan Turkle, bilgisayar\u0131n kendimizi ve d\u00fcnyayla ili\u015fkimiz hakk\u0131ndaki fark\u0131ndal\u0131\u011f\u0131m\u0131z\u0131 nas\u0131l etkiledi\u011fini ke\u015ffetmek i\u00e7in<span class=\"excerpt-hellip\"> [\u2026]<\/span><\/p>\n","protected":false},"featured_media":0,"template":"","meta":{"_monsterinsights_skip_tracking":false,"_monsterinsights_sitenote_active":false,"_monsterinsights_sitenote_note":"","_monsterinsights_sitenote_category":0},"product_brand":[],"product_cat":[15983,13488],"product_tag":[],"class_list":{"0":"post-758775","1":"product","2":"type-product","3":"status-publish","5":"product_cat-iletisim-ve-medya","6":"product_cat-toplum-ve-insan","7":"pa_cilt-ciltsiz","8":"pa_tur-kitap","9":"pa_yayinevi-anadolu-ajansi-yayinevi","10":"pa_yazar-sherry-turkle","12":"first","13":"instock","14":"sale","15":"shipping-taxable","16":"purchasable","17":"product-type-simple"},"_links":{"self":[{"href":"https:\/\/roveyayinevi.com.tr\/index.php\/wp-json\/wp\/v2\/product\/758775","targetHints":{"allow":["GET"]}}],"collection":[{"href":"https:\/\/roveyayinevi.com.tr\/index.php\/wp-json\/wp\/v2\/product"}],"about":[{"href":"https:\/\/roveyayinevi.com.tr\/index.php\/wp-json\/wp\/v2\/types\/product"}],"wp:attachment":[{"href":"https:\/\/roveyayinevi.com.tr\/index.php\/wp-json\/wp\/v2\/media?parent=758775"}],"wp:term":[{"taxonomy":"product_brand","embeddable":true,"href":"https:\/\/roveyayinevi.com.tr\/index.php\/wp-json\/wp\/v2\/product_brand?post=758775"},{"taxonomy":"product_cat","embeddable":true,"href":"https:\/\/roveyayinevi.com.tr\/index.php\/wp-json\/wp\/v2\/product_cat?post=758775"},{"taxonomy":"product_tag","embeddable":true,"href":"https:\/\/roveyayinevi.com.tr\/index.php\/wp-json\/wp\/v2\/product_tag?post=758775"}],"curies":[{"name":"wp","href":"https:\/\/api.w.org\/{rel}","templated":true}]}}