{"id":758774,"date":"2025-08-28T08:14:30","date_gmt":"2025-08-28T05:14:30","guid":{"rendered":"https:\/\/roveyayinevi.com.tr\/index.php\/urun\/doganin-agi-dijital-cagda-doganin-yeri\/"},"modified":"2026-04-16T03:11:46","modified_gmt":"2026-04-16T00:11:46","slug":"doganin-agi-dijital-cagda-doganin-yeri","status":"publish","type":"product","link":"https:\/\/roveyayinevi.com.tr\/index.php\/urun\/doganin-agi-dijital-cagda-doganin-yeri\/","title":{"rendered":"Do\u011fan\u0131n A\u011f\u0131 (Dijital \u00c7a\u011fda Do\u011fan\u0131n Yeri)"},"content":{"rendered":"<p>G\u00fcn\u00fcm\u00fczde gitgide teknolojik ara\u00e7lar\u0131n esiri olan insanlar, dijital \u00e7a\u011f\u0131n stresinden ka\u00e7mak, yenilenmek ve yeniden dengelenmek i\u00e7in do\u011faya ka\u00e7\u0131yor. Bu ba\u011flamda, do\u011fay\u0131 \u00e7are olarak, teknolojiyi ise hastal\u0131k olarak g\u00f6rmek kolay bir yol gibi g\u00f6r\u00fcn\u00fcyor. Ancak bu kitapta Richard Coyne, do\u011fan\u0131n yararlar\u0131na ili\u015fkin bu eskimi\u015f anlat\u0131ya meydan okuyor; do\u011fal ve yapay gibi tan\u0131mlar\u0131 yeniden de\u011ferlendiriyor. Do\u011fan\u0131n g\u00fcn\u00fcm\u00fczde bizim i\u00e7in de\u011fi\u015fen anlam\u0131 \u00fczerine etkileyici bir inceleme olan Do\u011fan\u0131n A\u011f\u0131, sosyal medya teknolojisi ile do\u011fa aras\u0131nda kurdu\u011fumuz mitsel ili\u015fkiye bamba\u015fka bir a\u00e7\u0131dan bakarak g\u00fcndelik anlay\u0131\u015f\u0131m\u0131z\u0131 sars\u0131yor. <\/p>\n","protected":false},"excerpt":{"rendered":"<p>G\u00fcn\u00fcm\u00fczde gitgide teknolojik ara\u00e7lar\u0131n esiri olan insanlar, dijital \u00e7a\u011f\u0131n stresinden ka\u00e7mak, yenilenmek ve yeniden dengelenmek i\u00e7in do\u011faya ka\u00e7\u0131yor. Bu ba\u011flamda, do\u011fay\u0131 \u00e7are olarak, teknolojiyi ise hastal\u0131k<span class=\"excerpt-hellip\"> [\u2026]<\/span><\/p>\n","protected":false},"featured_media":0,"template":"","meta":{"_monsterinsights_skip_tracking":false,"_monsterinsights_sitenote_active":false,"_monsterinsights_sitenote_note":"","_monsterinsights_sitenote_category":0},"product_brand":[],"product_cat":[15983,13488],"product_tag":[],"class_list":{"0":"post-758774","1":"product","2":"type-product","3":"status-publish","5":"product_cat-iletisim-ve-medya","6":"product_cat-toplum-ve-insan","7":"pa_cilt-ciltsiz","8":"pa_tur-kitap","9":"pa_yayinevi-anadolu-ajansi-yayinevi","10":"pa_yazar-richard-coyne","12":"first","13":"instock","14":"sale","15":"shipping-taxable","16":"purchasable","17":"product-type-simple"},"_links":{"self":[{"href":"https:\/\/roveyayinevi.com.tr\/index.php\/wp-json\/wp\/v2\/product\/758774","targetHints":{"allow":["GET"]}}],"collection":[{"href":"https:\/\/roveyayinevi.com.tr\/index.php\/wp-json\/wp\/v2\/product"}],"about":[{"href":"https:\/\/roveyayinevi.com.tr\/index.php\/wp-json\/wp\/v2\/types\/product"}],"wp:attachment":[{"href":"https:\/\/roveyayinevi.com.tr\/index.php\/wp-json\/wp\/v2\/media?parent=758774"}],"wp:term":[{"taxonomy":"product_brand","embeddable":true,"href":"https:\/\/roveyayinevi.com.tr\/index.php\/wp-json\/wp\/v2\/product_brand?post=758774"},{"taxonomy":"product_cat","embeddable":true,"href":"https:\/\/roveyayinevi.com.tr\/index.php\/wp-json\/wp\/v2\/product_cat?post=758774"},{"taxonomy":"product_tag","embeddable":true,"href":"https:\/\/roveyayinevi.com.tr\/index.php\/wp-json\/wp\/v2\/product_tag?post=758774"}],"curies":[{"name":"wp","href":"https:\/\/api.w.org\/{rel}","templated":true}]}}