{"id":758768,"date":"2025-08-28T08:14:22","date_gmt":"2025-08-28T05:14:22","guid":{"rendered":"https:\/\/roveyayinevi.com.tr\/index.php\/urun\/berzem\/"},"modified":"2026-04-16T03:11:46","modified_gmt":"2026-04-16T00:11:46","slug":"berzem","status":"publish","type":"product","link":"https:\/\/roveyayinevi.com.tr\/index.php\/urun\/berzem\/","title":{"rendered":"Berzem"},"content":{"rendered":"<p>BERZEM, ISFAHAN VE BA\u011eDAT \u00dc\u00c7GEN\u0130NDE G\u00d6LGE VE I\u015eI\u011eIN SAVA\u015eI   Sel\u00e7uklulara dair nitelikli \u00e7al\u0131\u015fmalar\u0131yla tan\u0131d\u0131\u011f\u0131m\u0131z Erkan G\u00f6ksu\u2019nun kaleminden B\u00fcy\u00fck Sel\u00e7uklu \u0130mparatorlu\u011fu\u2019nda ge\u00e7en bir roman: Berzem. Sultan Melik\u015fah devrinde Ba\u011fdat ikliminde zemin bulan bu romanda T\u00fcrk tarihinin b\u00fcy\u00fck isimleri T\u00fcrk seciyesinin abidevi birer \u015fahidi olarak kendilerine yer buluyor. Melik\u015fah, Nizam\u00fclm\u00fclk, Alp Arslan, Ka\u015fgarl\u0131 Mahmud\u2026 Berzem, Isfahan-Ba\u011fdat \u00e7eki\u015fmesinin g\u00f6lgesinde T\u00fcrk\u2019\u00fcn adalet hassasiyetini abart\u0131s\u0131z bi\u00e7imde g\u00f6zler \u00f6n\u00fcne seriyor. T\u00fcrklerin hakimiyetindeki Halife\u2019nin T\u00fcrk gul\u00e2mlar\u0131n\u0131, yani bir yerde varl\u0131\u011f\u0131n\u0131 bor\u00e7lu oldu\u011fu Sel\u00e7uklu askerlerini saray\u0131ndan s\u00fcrmesi, Sultan Melik\u015fah\u2019\u0131n adaleti sa\u011flamak i\u00e7in asker\u00ee seferini erteleyerek Ba\u011fdat\u2019a do\u011fru yola \u00e7\u0131kmas\u0131na neden olur. Ba\u011fdat\u2019ta i\u015fleri yoluna koyduktan Isfahan\u2019a d\u00f6nmek \u00fczere hareket etmi\u015fken bu sefer de gul\u00e2mlar\u0131n, babas\u0131 Sultan Alp Arslan\u2019\u0131n kadim hizmetk\u00e2rlar\u0131ndan Ferra\u015f C\u00e2mi\u2019nin o\u011flunu \u00f6ld\u00fcrd\u00fcklerini \u00f6\u011frenir. Bunun \u00fczerine Ba\u011fdat\u2019tan ayr\u0131lmaz ve adaletin sa\u011flanmas\u0131 i\u00e7in \u00e7abalar. Zira C\u00e2mi, Sultan Alp Arslan\u2019\u0131n Berzem g\u00fcn\u00fcn\u00fcn en vefal\u0131 ve sad\u0131k adam\u0131d\u0131r. Sultan Alp Arslan\u2019\u0131n Uhud\u2019u say\u0131labilecek Berzem g\u00fcn\u00fcnde ona sad\u0131k, ka\u00e7 adam kalm\u0131\u015ft\u0131? Berzem, tarih\u00ee olaylar\u0131n \u0131\u015f\u0131\u011f\u0131nda Melik\u015fah\u2019\u0131n kararl\u0131l\u0131\u011f\u0131ndan, Nizam\u00fclm\u00fclk\u2019\u00fcn sa\u011fduyusundan, Gevher\u00e2yin\u2019in cesaretinden, Ka\u015fgarl\u0131 Mahmud ma\u011frurlu\u011fundan, T\u00fcrk t\u00f6resinden \u00f6rnekler verirken okurlar\u0131n\u0131 \u015fimdilerde kurmaca g\u00f6r\u00fcnecek ancak asl\u0131nda tarihi hakikatlerin tam ortas\u0131na g\u00f6t\u00fcr\u00fcyor. Bu romanda ger\u00e7ek olaylar\u0131 okuyacak, ger\u00e7ek insanlarla tan\u0131\u015facaks\u0131n\u0131z\u2026 Ger\u00e7ek mek\u00e2nlarda dola\u015facak, ger\u00e7ek hayaller kuracaks\u0131n\u0131z&#8230; Tarihin romana de\u011fil, roman\u0131n tarihe malzeme oldu\u011fu \u201cger\u00e7ek\u201d bir tarih\u00ee roman&#8230; <\/p>\n","protected":false},"excerpt":{"rendered":"<p>BERZEM, ISFAHAN VE BA\u011eDAT \u00dc\u00c7GEN\u0130NDE G\u00d6LGE VE I\u015eI\u011eIN SAVA\u015eI Sel\u00e7uklulara dair nitelikli \u00e7al\u0131\u015fmalar\u0131yla tan\u0131d\u0131\u011f\u0131m\u0131z Erkan G\u00f6ksu\u2019nun kaleminden B\u00fcy\u00fck Sel\u00e7uklu \u0130mparatorlu\u011fu\u2019nda ge\u00e7en bir roman: Berzem. Sultan Melik\u015fah<span class=\"excerpt-hellip\"> [\u2026]<\/span><\/p>\n","protected":false},"featured_media":0,"template":"","meta":{"_monsterinsights_skip_tracking":false,"_monsterinsights_sitenote_active":false,"_monsterinsights_sitenote_note":"","_monsterinsights_sitenote_category":0},"product_brand":[],"product_cat":[12291,12745],"product_tag":[],"class_list":{"0":"post-758768","1":"product","2":"type-product","3":"status-publish","5":"product_cat-edebiyat","6":"product_cat-tarihi-roman","7":"pa_cilt-ciltsiz","8":"pa_tur-kitap","9":"pa_yayinevi-kronik-kitap","10":"pa_yazar-erkan-goksu","12":"first","13":"instock","14":"sale","15":"shipping-taxable","16":"purchasable","17":"product-type-simple"},"_links":{"self":[{"href":"https:\/\/roveyayinevi.com.tr\/index.php\/wp-json\/wp\/v2\/product\/758768","targetHints":{"allow":["GET"]}}],"collection":[{"href":"https:\/\/roveyayinevi.com.tr\/index.php\/wp-json\/wp\/v2\/product"}],"about":[{"href":"https:\/\/roveyayinevi.com.tr\/index.php\/wp-json\/wp\/v2\/types\/product"}],"wp:attachment":[{"href":"https:\/\/roveyayinevi.com.tr\/index.php\/wp-json\/wp\/v2\/media?parent=758768"}],"wp:term":[{"taxonomy":"product_brand","embeddable":true,"href":"https:\/\/roveyayinevi.com.tr\/index.php\/wp-json\/wp\/v2\/product_brand?post=758768"},{"taxonomy":"product_cat","embeddable":true,"href":"https:\/\/roveyayinevi.com.tr\/index.php\/wp-json\/wp\/v2\/product_cat?post=758768"},{"taxonomy":"product_tag","embeddable":true,"href":"https:\/\/roveyayinevi.com.tr\/index.php\/wp-json\/wp\/v2\/product_tag?post=758768"}],"curies":[{"name":"wp","href":"https:\/\/api.w.org\/{rel}","templated":true}]}}