{"id":758767,"date":"2025-08-28T08:14:20","date_gmt":"2025-08-28T05:14:20","guid":{"rendered":"https:\/\/roveyayinevi.com.tr\/index.php\/urun\/karanligi-taramak\/"},"modified":"2026-03-25T03:19:59","modified_gmt":"2026-03-25T00:19:59","slug":"karanligi-taramak","status":"publish","type":"product","link":"https:\/\/roveyayinevi.com.tr\/index.php\/urun\/karanligi-taramak\/","title":{"rendered":"Karanl\u0131\u011f\u0131 Taramak"},"content":{"rendered":"<p>1994 yaz\u0131. Yer: Orange County California. \u00d6l\u00fcm olarak da bilinen \u00d6 Maddesi beynin iki yar\u0131s\u0131 aras\u0131ndaki ba\u011flant\u0131y\u0131 kopar\u0131p kullan\u0131c\u0131lar\u0131n\u0131 geri d\u00f6n\u00fc\u015f\u00fc olmayan beyin hasar\u0131 veren korkun\u00e7 uyu\u015fturucu Los Angeles sokaklar\u0131nda. Uyu\u015fturucunun kayna\u011f\u0131n\u0131n pe\u015findeki bir gizli ajan Fred, kullan\u0131c\u0131 k\u0131l\u0131\u011f\u0131na girerek Bob Arctor ad\u0131yla ba\u011f\u0131ml\u0131lar\u0131n aras\u0131nda ya\u015far ama \u00e7ok ge\u00e7meden kendisi de bir ba\u011f\u0131ml\u0131ya d\u00f6n\u00fc\u015f\u00fcr. Aynadaki silik g\u00f6r\u00fcnt\u00fc ger\u00e7ekte kim?   PKD\u2019nin yar\u0131 otobiyografik roman\u0131, b\u00f6l\u00fcnm\u00fc\u015f ki\u015filikler, uyu\u015fturucu, paranoya. \u015eimdi her \u015feyi aynada silik bir g\u00f6r\u00fcnt\u00fc gibi g\u00f6r\u00fcyoruz ama bir g\u00fcn ger\u00e7e\u011fi g\u00f6rece\u011fiz.<\/p>\n","protected":false},"excerpt":{"rendered":"<p>1994 yaz\u0131. Yer: Orange County California. \u00d6l\u00fcm olarak da bilinen \u00d6 Maddesi beynin iki yar\u0131s\u0131 aras\u0131ndaki ba\u011flant\u0131y\u0131 kopar\u0131p kullan\u0131c\u0131lar\u0131n\u0131 geri d\u00f6n\u00fc\u015f\u00fc olmayan beyin hasar\u0131 veren korkun\u00e7<span class=\"excerpt-hellip\"> [\u2026]<\/span><\/p>\n","protected":false},"featured_media":0,"template":"","meta":{"_monsterinsights_skip_tracking":false,"_monsterinsights_sitenote_active":false,"_monsterinsights_sitenote_note":"","_monsterinsights_sitenote_category":0},"product_brand":[],"product_cat":[12291,12711],"product_tag":[],"class_list":{"0":"post-758767","1":"product","2":"type-product","3":"status-publish","5":"product_cat-edebiyat","6":"product_cat-roman-oyku","7":"pa_cilt-ciltsiz","8":"pa_tur-kitap","9":"pa_yayinevi-alfa-yayinlari","10":"pa_yazar-philip-k-dick","12":"first","13":"instock","14":"sale","15":"shipping-taxable","16":"purchasable","17":"product-type-simple"},"_links":{"self":[{"href":"https:\/\/roveyayinevi.com.tr\/index.php\/wp-json\/wp\/v2\/product\/758767","targetHints":{"allow":["GET"]}}],"collection":[{"href":"https:\/\/roveyayinevi.com.tr\/index.php\/wp-json\/wp\/v2\/product"}],"about":[{"href":"https:\/\/roveyayinevi.com.tr\/index.php\/wp-json\/wp\/v2\/types\/product"}],"wp:attachment":[{"href":"https:\/\/roveyayinevi.com.tr\/index.php\/wp-json\/wp\/v2\/media?parent=758767"}],"wp:term":[{"taxonomy":"product_brand","embeddable":true,"href":"https:\/\/roveyayinevi.com.tr\/index.php\/wp-json\/wp\/v2\/product_brand?post=758767"},{"taxonomy":"product_cat","embeddable":true,"href":"https:\/\/roveyayinevi.com.tr\/index.php\/wp-json\/wp\/v2\/product_cat?post=758767"},{"taxonomy":"product_tag","embeddable":true,"href":"https:\/\/roveyayinevi.com.tr\/index.php\/wp-json\/wp\/v2\/product_tag?post=758767"}],"curies":[{"name":"wp","href":"https:\/\/api.w.org\/{rel}","templated":true}]}}