{"id":758765,"date":"2025-08-28T08:14:17","date_gmt":"2025-08-28T05:14:17","guid":{"rendered":"https:\/\/roveyayinevi.com.tr\/index.php\/urun\/kisa-almanya-tarihi\/"},"modified":"2026-04-16T03:11:46","modified_gmt":"2026-04-16T00:11:46","slug":"kisa-almanya-tarihi","status":"publish","type":"product","link":"https:\/\/roveyayinevi.com.tr\/index.php\/urun\/kisa-almanya-tarihi\/","title":{"rendered":"K\u0131sa Almanya Tarihi"},"content":{"rendered":"<p>BATI AVRUPA\u2019NIN HIR\u00c7IN KARTALI   \u201cTemiz, \u00f6z ve yetkin. H\u00e2len Alman tarihini en iyi anlatan k\u0131sa tarih kitab\u0131.\u201d \u2013 Neil Gregor, Southampton \u00dcniversitesi     D\u00fcnyay\u0131 de\u011fi\u015ftiren fikirlerin do\u011fdu\u011fu \u00fclke, Almanya\u2026   Hayranl\u0131k b\u0131rakan Bavyera Alplerinden Kuzey Denizi\u2019ne, verimli Ren Vadisi\u2019nden Yukar\u0131 Pomeranya\u2019ya uzanan topraklar\u0131yla Almanya, d\u00fcnya tarihini derinden etkilemeyi ba\u015fard\u0131. \u0130hti\u015faml\u0131 ge\u00e7mi\u015fine zaman zaman vuran kara lekelerle Almanya, bilim, teknik, felsefe ve sanayide d\u00fcnyaya damga vurdu.   Kutsal Roma \u0130mparatorlu\u011fu\u2019nun temellerini atan Charlemagne, Kutsal Roma \u0130mparatorlu\u011fu\u2019nun en g\u00fc\u00e7l\u00fc lideri Frederick Barbarossa, zek\u00e2s\u0131 ve siyasi manevralar\u0131yla Alman prensliklerini birle\u015ftirmeyi ba\u015faran Otto von Bismarck, Kilise\u2019nin etkisi k\u0131rarak yepyeni bir mezhep ortaya \u00e7\u0131karan Martin Luther, fikirleriyle hem siyaseti hem de felsefeyi derinden etkileyen Marx, Nietzsche, Hegel ve Schopenhauer gibi \u00e7a\u011flar\u0131 a\u015fan isimler, tarih\u00e7i Mary Fulbrook\u2019un usta kalemiyle tekrardan hayat buluyor.   Binlerce y\u0131ll\u0131k tarihi titizlikle inceleyen Fulbrook, Almanya\u2019n\u0131n ge\u00e7mi\u015findeki ve bug\u00fcn\u00fcndeki karma\u015f\u0131k konular\u0131 da mahirane \u015fekilde aktar\u0131yor. Roma\u2019ya k\u00f6k s\u00f6kt\u00fcren Germen kabilelerini, Kutsal Roma \u0130mparatorlu\u011fu\u2019nu, Hohenstaufen ve Hohenzollern Hanedanlar\u0131n\u0131, Alman \u0130mparatorlu\u011fu ve Prusya\u2019y\u0131, Weimar Cumhuriyeti, Nazi \u0130mparatorlu\u011fu ve Almanya Federal Cumhuriyeti\u2019ni yak\u0131ndan tan\u0131ma \u015fans\u0131 yakalayaca\u011f\u0131n\u0131z bu k\u0131sa tarih, d\u00fcnyaya damga vurmu\u015f bu millete dair geni\u015f ve kapsaml\u0131 bir anlat\u0131 sunuyor.   Cambridge University Press taraf\u0131ndan yay\u0131mlanan ve Kronik Kitap K\u0131sa Tarih Dizisi\u2019nin yeni \u00fcyesi olan K\u0131sa Almanya Tarihi, Avrupa ve Almanya\u2019n\u0131n tarihi ve k\u00fclt\u00fcr\u00fcn\u00fc anlamak isteyen herkesin mutlaka okumas\u0131 gereken bir giri\u015f kitab\u0131. Mary Fulbrook\u2019un uzmanl\u0131\u011f\u0131 ve Sabri G\u00fcrses\u2019in yetkin \u00e7evirisi, bu kitab\u0131 paha bi\u00e7ilmez bir kaynak ve Almanya\u2019n\u0131n zengin tarihini ke\u015ffetmek i\u00e7in bir atlas haline getiriyor.<\/p>\n","protected":false},"excerpt":{"rendered":"<p>BATI AVRUPA\u2019NIN HIR\u00c7IN KARTALI \u201cTemiz, \u00f6z ve yetkin. H\u00e2len Alman tarihini en iyi anlatan k\u0131sa tarih kitab\u0131.\u201d \u2013 Neil Gregor, Southampton \u00dcniversitesi D\u00fcnyay\u0131 de\u011fi\u015ftiren fikirlerin do\u011fdu\u011fu<span class=\"excerpt-hellip\"> [\u2026]<\/span><\/p>\n","protected":false},"featured_media":0,"template":"","meta":{"_monsterinsights_skip_tracking":false,"_monsterinsights_sitenote_active":false,"_monsterinsights_sitenote_note":"","_monsterinsights_sitenote_category":0},"product_brand":[],"product_cat":[12304],"product_tag":[],"class_list":{"0":"post-758765","1":"product","2":"type-product","3":"status-publish","5":"product_cat-tarih","6":"pa_cilt-ciltsiz","7":"pa_tur-kitap","8":"pa_yayinevi-kronik-kitap","9":"pa_yazar-mary-fulbrook","11":"first","12":"instock","13":"sale","14":"shipping-taxable","15":"purchasable","16":"product-type-simple"},"_links":{"self":[{"href":"https:\/\/roveyayinevi.com.tr\/index.php\/wp-json\/wp\/v2\/product\/758765","targetHints":{"allow":["GET"]}}],"collection":[{"href":"https:\/\/roveyayinevi.com.tr\/index.php\/wp-json\/wp\/v2\/product"}],"about":[{"href":"https:\/\/roveyayinevi.com.tr\/index.php\/wp-json\/wp\/v2\/types\/product"}],"wp:attachment":[{"href":"https:\/\/roveyayinevi.com.tr\/index.php\/wp-json\/wp\/v2\/media?parent=758765"}],"wp:term":[{"taxonomy":"product_brand","embeddable":true,"href":"https:\/\/roveyayinevi.com.tr\/index.php\/wp-json\/wp\/v2\/product_brand?post=758765"},{"taxonomy":"product_cat","embeddable":true,"href":"https:\/\/roveyayinevi.com.tr\/index.php\/wp-json\/wp\/v2\/product_cat?post=758765"},{"taxonomy":"product_tag","embeddable":true,"href":"https:\/\/roveyayinevi.com.tr\/index.php\/wp-json\/wp\/v2\/product_tag?post=758765"}],"curies":[{"name":"wp","href":"https:\/\/api.w.org\/{rel}","templated":true}]}}