{"id":758761,"date":"2025-08-28T08:14:12","date_gmt":"2025-08-28T05:14:12","guid":{"rendered":"https:\/\/roveyayinevi.com.tr\/index.php\/urun\/osmanli-imparatorlugu-ii-2-cilt-kutulu\/"},"modified":"2026-04-16T03:11:46","modified_gmt":"2026-04-16T00:11:46","slug":"osmanli-imparatorlugu-ii-2-cilt-kutulu","status":"publish","type":"product","link":"https:\/\/roveyayinevi.com.tr\/index.php\/urun\/osmanli-imparatorlugu-ii-2-cilt-kutulu\/","title":{"rendered":"Osmanl\u0131 \u0130mparatorlu\u011fu II (2 Cilt Kutulu)"},"content":{"rendered":"<p>OSMANLI \u0130MPARATORLU\u011eU&#8217;NUN GER\u00c7EK TAR\u0130H\u0130N\u0130 HAL\u0130L \u0130NALCIK&#8217;IN KALEM\u0130NDEN OKUYUN   \u201cSel\u00e7uklu-Bizans s\u0131n\u0131r\u0131ndaki k\u00fc\u00e7\u00fck bir u\u00e7 beyli\u011finin nas\u0131l olup da yeni\u00e7a\u011flar\u0131n en g\u00fc\u00e7l\u00fc imparatorluklar\u0131ndan biri haline geldi\u011fi tarih\u00e7ileri h\u00e2l\u00e2 \u015fa\u015f\u0131rtmaktad\u0131r. \u0130ki imparatorluk miras\u0131n\u0131, \u0130slam ve Bizans miraslar\u0131n\u0131 b\u00fcnyesinde toplayan bu devlet, nas\u0131l olup da K\u00fc\u00e7\u00fck Asya ve Balkanlar\u2019da uzun \u00f6m\u00fcrl\u00fc bir imparatorluk kurmu\u015ftur?\u201d- Halil \u0130nalc\u0131k\u00d6mr\u00fcn\u00fc Osmanl\u0131 tarihine vakfetmi\u015f \u201ctarih\u00e7ilerin kutbu\u201d Halil \u0130nalc\u0131k\u2019\u0131n \u00e7al\u0131\u015fmalar\u0131 hem \u00fclkemizdeki hem de d\u00fcnyadaki tarih\u00e7ilere rehber olmaya devam ediyor. Daha \u00f6nce \u201cToplum ve Ekonomi\u201d ile \u201cSultan ve Siyaset\u201d ad\u0131 alt\u0131nda iki cilt olarak sundu\u011fumuz Osmanl\u0131 \u0130mparatorlu\u011fu Serisi, \u201cFetih ve Te\u015fkilat\u201d ile \u201cDevlet ve \u0130dare\u201d ciltleriyle tamamlan\u0131yor. B\u00f6ylece tarihseverler i\u00e7in e\u015fsiz bir koleksiyon ortaya \u00e7\u0131km\u0131\u015f oluyor.Okuyucular\u0131m\u0131z ilk ciltte Osmanl\u0131 \u0130mparatorlu\u011fu\u2019nun fetih y\u00f6ntemlerini, yeni fethedilen b\u00f6lgelerdeki te\u015fkilatlanma siyasetini, toprak meselelerini, ticaretin yayg\u0131nla\u015fmas\u0131n\u0131, sermaye olu\u015fumunu yak\u0131ndan tan\u0131yacaklar. Modern Avrupa\u2019n\u0131n geli\u015fmesinde T\u00fcrklerin etkilerini, Osmanl\u0131 vergilendirme sistemini, toplum yap\u0131s\u0131n\u0131n d\u00f6n\u00fc\u015f\u00fcm\u00fcn\u00fc, Osmanl\u0131 iktisadi zihniyetini, ate\u015fli silahlar\u0131n sosyo-politik etkisini ve Tanzimat\u2019\u0131n uyand\u0131rd\u0131\u011f\u0131 sosyal tepkileri g\u00f6recekler. Edirne\u2019nin fethi, Bursa\u2019n\u0131n Do\u011fu Akdeniz ticaretindeki konumu, \u0130nebaht\u0131 Sava\u015f\u0131 ve Sultan S\u00fcleyman\u2019a \u201cKanuni\u201d \u00fbnvan\u0131n\u0131 kazand\u0131ran yasa koyucu faaliyetleri bu cildin di\u011fer meseleleri. \u0130kinci ciltte ise modern tarih\u00e7ili\u011fin h\u00e2l\u00e2 b\u00fcy\u00fck bir meselesi olan Osmanl\u0131 \u0130mparatorlu\u011fu\u2019nun ortaya \u00e7\u0131k\u0131\u015f\u0131 ve 17. y\u00fczy\u0131lda bu imparatorlu\u011fun ge\u00e7irdi\u011fi asker\u00ee ve mal\u00ee d\u00f6n\u00fc\u015f\u00fcmlere dair b\u00fcy\u00fck bir tarih\u00e7inin bak\u0131\u015f a\u00e7\u0131s\u0131yla tan\u0131\u015facaklar. \u0130nalc\u0131k\u2019\u0131n \u00e7al\u0131\u015fmalar\u0131n\u0131n temelini olu\u015fturan toprak meselelerine dair kaynak niteli\u011fi ta\u015f\u0131yan di\u011fer makalelerde ise imparatorluktaki pirin\u00e7 \u00fcretimi, devlet kademelerinden el sanatlar\u0131na kadar pek \u00e7ok alanda rol\u00fc olan k\u00f6le eme\u011fi, b\u00fcy\u00fck \u00e7iftliklerin ortaya \u00e7\u0131k\u0131\u015f s\u00fcreci, \u0130stanbul\u2019un ticari yap\u0131s\u0131n\u0131n kalbi olan ve \u015fehrin uluslararas\u0131 bir ticaret merkezi olmas\u0131nda b\u00fcy\u00fck \u00f6nemi bulunan bedestenleri yak\u0131ndan tan\u0131yacaklar. Ayr\u0131ca bu ciltte modern tarih\u00e7ili\u011fin ba\u015fat \u00e7evrelerinden olan Annales Okulu\u2019nun Osmanl\u0131 ara\u015ft\u0131rmalar\u0131na etkisi ve a\u011f\u0131rl\u0131k ile \u00f6l\u00e7\u00fc birimlerinin tart\u0131\u015f\u0131ld\u0131\u011f\u0131 Osmanl\u0131 metrolojisi \u00e7al\u0131\u015fmalar\u0131 da yer al\u0131yor.Osmanl\u0131 \u0130mparatorlu\u011fu\u2019nun kurulu\u015fundan itibaren nas\u0131l bir sosyal ve ekonomik d\u00f6n\u00fc\u015f\u00fcm ge\u00e7irdi\u011fine tan\u0131k olmak i\u00e7in Halil \u0130nalc\u0131k\u2019\u0131n eserleri daim\u00ee bir ba\u015fvuru kayna\u011f\u0131d\u0131r. Kronik Kitap olarak bu kaynaklar\u0131 bir araya getirmekten ve tarih tutkunlar\u0131 i\u00e7in kolay ula\u015f\u0131labilir bir noktaya ta\u015f\u0131maktan b\u00fcy\u00fck mutluluk duyuyoruz. <\/p>\n","protected":false},"excerpt":{"rendered":"<p>OSMANLI \u0130MPARATORLU\u011eU&#8217;NUN GER\u00c7EK TAR\u0130H\u0130N\u0130 HAL\u0130L \u0130NALCIK&#8217;IN KALEM\u0130NDEN OKUYUN \u201cSel\u00e7uklu-Bizans s\u0131n\u0131r\u0131ndaki k\u00fc\u00e7\u00fck bir u\u00e7 beyli\u011finin nas\u0131l olup da yeni\u00e7a\u011flar\u0131n en g\u00fc\u00e7l\u00fc imparatorluklar\u0131ndan biri haline geldi\u011fi tarih\u00e7ileri h\u00e2l\u00e2<span class=\"excerpt-hellip\"> [\u2026]<\/span><\/p>\n","protected":false},"featured_media":0,"template":"","meta":{"_monsterinsights_skip_tracking":false,"_monsterinsights_sitenote_active":false,"_monsterinsights_sitenote_note":"","_monsterinsights_sitenote_category":0},"product_brand":[],"product_cat":[13517,12304],"product_tag":[],"class_list":{"0":"post-758761","1":"product","2":"type-product","3":"status-publish","5":"product_cat-osmanli-tarihi","6":"product_cat-tarih","7":"pa_cilt-ciltsiz","8":"pa_tur-kitap","9":"pa_yayinevi-kronik-kitap","10":"pa_yazar-halil-inalcik","12":"first","13":"instock","14":"sale","15":"shipping-taxable","16":"purchasable","17":"product-type-simple"},"_links":{"self":[{"href":"https:\/\/roveyayinevi.com.tr\/index.php\/wp-json\/wp\/v2\/product\/758761","targetHints":{"allow":["GET"]}}],"collection":[{"href":"https:\/\/roveyayinevi.com.tr\/index.php\/wp-json\/wp\/v2\/product"}],"about":[{"href":"https:\/\/roveyayinevi.com.tr\/index.php\/wp-json\/wp\/v2\/types\/product"}],"wp:attachment":[{"href":"https:\/\/roveyayinevi.com.tr\/index.php\/wp-json\/wp\/v2\/media?parent=758761"}],"wp:term":[{"taxonomy":"product_brand","embeddable":true,"href":"https:\/\/roveyayinevi.com.tr\/index.php\/wp-json\/wp\/v2\/product_brand?post=758761"},{"taxonomy":"product_cat","embeddable":true,"href":"https:\/\/roveyayinevi.com.tr\/index.php\/wp-json\/wp\/v2\/product_cat?post=758761"},{"taxonomy":"product_tag","embeddable":true,"href":"https:\/\/roveyayinevi.com.tr\/index.php\/wp-json\/wp\/v2\/product_tag?post=758761"}],"curies":[{"name":"wp","href":"https:\/\/api.w.org\/{rel}","templated":true}]}}