{"id":758760,"date":"2025-08-28T08:14:10","date_gmt":"2025-08-28T05:14:10","guid":{"rendered":"https:\/\/roveyayinevi.com.tr\/index.php\/urun\/longevity-plani\/"},"modified":"2026-04-16T03:11:46","modified_gmt":"2026-04-16T00:11:46","slug":"longevity-plani","status":"publish","type":"product","link":"https:\/\/roveyayinevi.com.tr\/index.php\/urun\/longevity-plani\/","title":{"rendered":"Longevity Plan\u0131"},"content":{"rendered":"<p>B\u0130L\u0130MSEL Y\u00d6NTEMLER I\u015eI\u011eINDAYA\u015eLANMAYA SON!   \u00b7         Ger\u00e7ekten ya\u015flanmak zorunda m\u0131y\u0131z? Ya\u015flanmak kaderimiz mi? \u00b7         Peki, neden ya\u015flan\u0131r\u0131z? \u00b7         Ya\u015flanmak asl\u0131nda bir hastal\u0131k m\u0131? Ya\u015flanman\u0131n \u00f6n\u00fcne ge\u00e7ilebilir mi? \u00b7         Peki, hangi \u00f6zelliklere sahip bir h\u00fccre ya\u015fl\u0131d\u0131r, hangisi gen\u00e7tir? \u00b7         Gen\u00e7lik d\u00f6nemini uzatmak m\u00fcmk\u00fcn m\u00fc? 140 y\u0131l ya\u015famak ister miydiniz?   T\u00fcm insanlar G\u0131lgam\u0131\u015f Destan\u0131\u2019ndan bu yana \u00f6l\u00fcms\u00fczl\u00fc\u011f\u00fc kovalam\u0131\u015f, g\u00fc\u00e7 sahibi ki\u015filer bu amaca ula\u015fmak i\u00e7in \u00e7aba sarf etmi\u015fler. Mumyalanm\u0131\u015f firavunlar bu arzunun en g\u00fczel antik \u00f6rneklerinden&#8230; Elbette kimse y\u00fcz ya\u015f\u0131na kadar ya\u015fay\u0131p da son yirmi y\u0131l\u0131n\u0131 ah\u2019lay\u0131p vah\u2019layarak ge\u00e7irmek istemez. Size bir haberim var; \u015fu andan itibaren a\u015fina oldu\u011fumuz dedelik-nineli\u011fin modas\u0131 ge\u00e7ti. Bizler \u00f6yle ya\u015flanmayaca\u011f\u0131z. Asl\u0131nda s\u0131k\u0131 durun, bu kitab\u0131 okuyan hi\u00e7 kimse eski usul ya\u015flanmayaca\u011f\u0131n\u0131 \u00f6\u011frenecek. Bir haberim daha var; bilim insanlar\u0131 geriye do\u011fru gen\u00e7le\u015fmenin de mu\u0308mku\u0308n olabilece\u011fini s\u00f6yl\u00fcyorlar. \u0130\u015fte Longevity Plan\u0131, o zamana en az zararla, en sa\u011fl\u0131kl\u0131 h\u00e2linizle ula\u015fmak, o g\u00fcne olabilen en gen\u00e7 h\u00fccrelerle varabilmek i\u00e7in rehberiniz olacak. Biyolojik olarak yerinde saymaya ba\u015flad\u0131\u011f\u0131n\u0131zda \u015fu anki durumunuzdan daha iyi bir h\u00e2lde olman\u0131n yollar\u0131n\u0131 g\u00f6sterecek. Longevity ad\u0131 verilen bu yeni t\u0131bb\u0131n hedefi, sizi hastal\u0131klar\u0131n\u0131z\u0131n hen\u00fcz ba\u015flamad\u0131\u011f\u0131 gen\u00e7likteki sa\u011fl\u0131\u011f\u0131n\u0131za d\u00f6nd\u00fcrmektir.  Unutmay\u0131n; ya\u015flanma bir hastal\u0131kt\u0131r, tedavi edilebilir, durdurulabilir. Bu kitap sizi ya\u015flanma hastal\u0131\u011f\u0131ndan kurtaracak. Ya\u015fam s\u00fcrenizi uzatma rehberiniz olacak. Y\u0131llar\u0131n\u0131 bu alana vermi\u015f Dr. Ay\u015feg\u00fcl \u00c7oruhlu, uzun zamand\u0131r beklenen bu kitab\u0131yla, bilimsel y\u00f6ntemlerin \u0131\u015f\u0131\u011f\u0131nda sizlere uzun sa\u011fl\u0131kl\u0131 bir ya\u015fam\u0131n m\u00fcmk\u00fcn oldu\u011funu ve bunun i\u00e7in yapman\u0131z gerekenleri, ya\u015f alma ile ya\u015flanma aras\u0131ndaki fark\u0131, \u00fcstelik bu kitapta \u00f6\u011frenece\u011finiz y\u00f6ntemler sayesinde zamana kar\u015f\u0131 bir sava\u015fla ya\u015flanmak yerine gen\u00e7le\u015febilece\u011finizi anlat\u0131yor. Longevity Plan\u0131, gen\u00e7le\u015fmek isteyenlerin el kitab\u0131\u2026 Haz\u0131rlan\u0131n, filmi geri sar\u0131yoruz! <\/p>\n","protected":false},"excerpt":{"rendered":"<p>B\u0130L\u0130MSEL Y\u00d6NTEMLER I\u015eI\u011eINDAYA\u015eLANMAYA SON! \u00b7 Ger\u00e7ekten ya\u015flanmak zorunda m\u0131y\u0131z? Ya\u015flanmak kaderimiz mi? \u00b7 Peki, neden ya\u015flan\u0131r\u0131z? \u00b7 Ya\u015flanmak asl\u0131nda bir hastal\u0131k m\u0131? Ya\u015flanman\u0131n \u00f6n\u00fcne ge\u00e7ilebilir mi?<span class=\"excerpt-hellip\"> [\u2026]<\/span><\/p>\n","protected":false},"featured_media":0,"template":"","meta":{"_monsterinsights_skip_tracking":false,"_monsterinsights_sitenote_active":false,"_monsterinsights_sitenote_note":"","_monsterinsights_sitenote_category":0},"product_brand":[],"product_cat":[13365],"product_tag":[],"class_list":{"0":"post-758760","1":"product","2":"type-product","3":"status-publish","5":"product_cat-saglik","6":"pa_cilt-ciltsiz","7":"pa_tur-kitap","8":"pa_yayinevi-kronik-kitap","9":"pa_yazar-aysegul-coruhlu","11":"first","12":"instock","13":"sale","14":"shipping-taxable","15":"purchasable","16":"product-type-simple"},"_links":{"self":[{"href":"https:\/\/roveyayinevi.com.tr\/index.php\/wp-json\/wp\/v2\/product\/758760","targetHints":{"allow":["GET"]}}],"collection":[{"href":"https:\/\/roveyayinevi.com.tr\/index.php\/wp-json\/wp\/v2\/product"}],"about":[{"href":"https:\/\/roveyayinevi.com.tr\/index.php\/wp-json\/wp\/v2\/types\/product"}],"wp:attachment":[{"href":"https:\/\/roveyayinevi.com.tr\/index.php\/wp-json\/wp\/v2\/media?parent=758760"}],"wp:term":[{"taxonomy":"product_brand","embeddable":true,"href":"https:\/\/roveyayinevi.com.tr\/index.php\/wp-json\/wp\/v2\/product_brand?post=758760"},{"taxonomy":"product_cat","embeddable":true,"href":"https:\/\/roveyayinevi.com.tr\/index.php\/wp-json\/wp\/v2\/product_cat?post=758760"},{"taxonomy":"product_tag","embeddable":true,"href":"https:\/\/roveyayinevi.com.tr\/index.php\/wp-json\/wp\/v2\/product_tag?post=758760"}],"curies":[{"name":"wp","href":"https:\/\/api.w.org\/{rel}","templated":true}]}}