{"id":758757,"date":"2025-08-28T08:14:05","date_gmt":"2025-08-28T05:14:05","guid":{"rendered":"https:\/\/roveyayinevi.com.tr\/index.php\/urun\/mavinin-sirri\/"},"modified":"2026-03-13T03:05:19","modified_gmt":"2026-03-13T00:05:19","slug":"mavinin-sirri","status":"publish","type":"product","link":"https:\/\/roveyayinevi.com.tr\/index.php\/urun\/mavinin-sirri\/","title":{"rendered":"Mavinin S\u0131rr\u0131"},"content":{"rendered":"<p>Maviler hakim olsa dizelere Griye bula\u015fmasa renkler \u015eairin g\u00f6nl\u00fc gibi Durgun sade ak\u0131c\u0131 Gelece\u011fe umut Ge\u00e7mi\u015ften an\u0131larla Muhsin SALMAN   Mehmet B\u00dcR y\u0131llard\u0131r biriktirdi\u011fi \u015fiirleri bu eserde sizlerin be\u011fenisine sunuyor. Y\u00fcre\u011finden d\u00f6k\u00fclen duygular\u0131, y\u00fcre\u011finize dokunmak i\u00e7in yola \u00e7\u0131kar\u0131yor. \u015eiir yolunda bulu\u015fmak \u00fczere. \u0130yi okumalar. <\/p>\n","protected":false},"excerpt":{"rendered":"<p>Maviler hakim olsa dizelere Griye bula\u015fmasa renkler \u015eairin g\u00f6nl\u00fc gibi Durgun sade ak\u0131c\u0131 Gelece\u011fe umut Ge\u00e7mi\u015ften an\u0131larla Muhsin SALMAN Mehmet B\u00dcR y\u0131llard\u0131r biriktirdi\u011fi \u015fiirleri bu eserde<span class=\"excerpt-hellip\"> [\u2026]<\/span><\/p>\n","protected":false},"featured_media":0,"template":"","meta":{"_monsterinsights_skip_tracking":false,"_monsterinsights_sitenote_active":false,"_monsterinsights_sitenote_note":"","_monsterinsights_sitenote_category":0},"product_brand":[],"product_cat":[12291,12509],"product_tag":[],"class_list":{"0":"post-758757","1":"product","2":"type-product","3":"status-publish","5":"product_cat-edebiyat","6":"product_cat-siir","7":"pa_cilt-ciltsiz","8":"pa_tur-kitap","9":"pa_yayinevi-kirmizi-cati-yayinlari","10":"pa_yazar-mehmet-bur","12":"first","13":"instock","14":"sale","15":"shipping-taxable","16":"purchasable","17":"product-type-simple"},"_links":{"self":[{"href":"https:\/\/roveyayinevi.com.tr\/index.php\/wp-json\/wp\/v2\/product\/758757","targetHints":{"allow":["GET"]}}],"collection":[{"href":"https:\/\/roveyayinevi.com.tr\/index.php\/wp-json\/wp\/v2\/product"}],"about":[{"href":"https:\/\/roveyayinevi.com.tr\/index.php\/wp-json\/wp\/v2\/types\/product"}],"wp:attachment":[{"href":"https:\/\/roveyayinevi.com.tr\/index.php\/wp-json\/wp\/v2\/media?parent=758757"}],"wp:term":[{"taxonomy":"product_brand","embeddable":true,"href":"https:\/\/roveyayinevi.com.tr\/index.php\/wp-json\/wp\/v2\/product_brand?post=758757"},{"taxonomy":"product_cat","embeddable":true,"href":"https:\/\/roveyayinevi.com.tr\/index.php\/wp-json\/wp\/v2\/product_cat?post=758757"},{"taxonomy":"product_tag","embeddable":true,"href":"https:\/\/roveyayinevi.com.tr\/index.php\/wp-json\/wp\/v2\/product_tag?post=758757"}],"curies":[{"name":"wp","href":"https:\/\/api.w.org\/{rel}","templated":true}]}}