{"id":758755,"date":"2025-08-28T08:14:01","date_gmt":"2025-08-28T05:14:01","guid":{"rendered":"https:\/\/roveyayinevi.com.tr\/index.php\/urun\/kanli-mafya-gunlukleri-1-onur\/"},"modified":"2026-04-16T03:11:46","modified_gmt":"2026-04-16T00:11:46","slug":"kanli-mafya-gunlukleri-1-onur","status":"publish","type":"product","link":"https:\/\/roveyayinevi.com.tr\/index.php\/urun\/kanli-mafya-gunlukleri-1-onur\/","title":{"rendered":"Kanl\u0131 Mafya G\u00fcnl\u00fckleri #1: Onur"},"content":{"rendered":"<p>Modern bir mafya masal\u0131     Chicago&#8217;nun \u00f6nde gelen mafya ailelerinden birinde do\u011fan Aria Scuderi, g\u00fczelli\u011fiyle tan\u0131nan bir mafya prensesidir. Pek \u00e7ok ki\u015finin b\u00fcy\u00fck bir \u00f6d\u00fcl olarak g\u00f6rd\u00fc\u011f\u00fc gen\u00e7 kad\u0131n, aileleri aras\u0131nda bar\u0131\u015f\u0131 sa\u011flamak i\u00e7in Luca Vitiello ile evlenmek zorunda kal\u0131r. Bu evlilik, onun sonu olabilir; \u00e7\u00fcnk\u00fc Luca, yani New York mafyas\u0131n\u0131n gelecekteki lideri, gaddarl\u0131\u011f\u0131 ve ac\u0131mas\u0131zl\u0131\u011f\u0131yla bilinir.   Luca yak\u0131\u015f\u0131kl\u0131 ve zengindir, ayr\u0131ca kar\u015f\u0131 konulmaz karizmas\u0131 sayesinde New York&#8217;un g\u00f6zde bek\u00e2rlar\u0131ndan biridir. Aria, onun gibi bir canavarla evlenmekten yine de korkar&#8230; \u00c7\u00fcnk\u00fc bu k\u00f6t\u00fc \u00e7ocuk havas\u0131n\u0131n sadece bir oyun olmad\u0131\u011f\u0131n\u0131 anlam\u0131\u015ft\u0131r. Luca&#8217;n\u0131n \u00e7arp\u0131c\u0131 gri g\u00f6zlerinin ve kibirli g\u00fcl\u00fcmsemesinin alt\u0131nda kan ve \u00f6l\u00fcm gizlenmektedir.   Onlar\u0131n d\u00fcnyas\u0131nda g\u00fczel bir d\u0131\u015f g\u00f6r\u00fcn\u00fc\u015f \u00e7o\u011fu zaman i\u00e7lerindeki canavar\u0131 gizler. Kurulan ba\u011fdan ka\u00e7\u0131\u015f yoktur. Luca, Aria&#8217;y\u0131 d\u00fcnyan\u0131n sonuna kadar takip edecektir.     Gen\u00e7 kad\u0131n\u0131n bu evlilikte hayatta kalmak i\u00e7in tek \u015fans\u0131 Luca&#8217;n\u0131n sevgisini kazanmak ve kalbine girmektir.   As\u0131l sorun, Luca&#8217;n\u0131n bir kalbi olup olmad\u0131\u011f\u0131n\u0131 bilmemesidir.<\/p>\n","protected":false},"excerpt":{"rendered":"<p>Modern bir mafya masal\u0131 Chicago&#8217;nun \u00f6nde gelen mafya ailelerinden birinde do\u011fan Aria Scuderi, g\u00fczelli\u011fiyle tan\u0131nan bir mafya prensesidir. Pek \u00e7ok ki\u015finin b\u00fcy\u00fck bir \u00f6d\u00fcl olarak g\u00f6rd\u00fc\u011f\u00fc<span class=\"excerpt-hellip\"> [\u2026]<\/span><\/p>\n","protected":false},"featured_media":0,"template":"","meta":{"_monsterinsights_skip_tracking":false,"_monsterinsights_sitenote_active":false,"_monsterinsights_sitenote_note":"","_monsterinsights_sitenote_category":0},"product_brand":[],"product_cat":[12291,12711],"product_tag":[],"class_list":{"0":"post-758755","1":"product","2":"type-product","3":"status-publish","5":"product_cat-edebiyat","6":"product_cat-roman-oyku","7":"pa_cilt-ciltsiz","8":"pa_tur-kitap","9":"pa_yayinevi-nemesis-kitap","10":"pa_yazar-cora-reilly","12":"first","13":"instock","14":"sale","15":"shipping-taxable","16":"purchasable","17":"product-type-simple"},"_links":{"self":[{"href":"https:\/\/roveyayinevi.com.tr\/index.php\/wp-json\/wp\/v2\/product\/758755","targetHints":{"allow":["GET"]}}],"collection":[{"href":"https:\/\/roveyayinevi.com.tr\/index.php\/wp-json\/wp\/v2\/product"}],"about":[{"href":"https:\/\/roveyayinevi.com.tr\/index.php\/wp-json\/wp\/v2\/types\/product"}],"wp:attachment":[{"href":"https:\/\/roveyayinevi.com.tr\/index.php\/wp-json\/wp\/v2\/media?parent=758755"}],"wp:term":[{"taxonomy":"product_brand","embeddable":true,"href":"https:\/\/roveyayinevi.com.tr\/index.php\/wp-json\/wp\/v2\/product_brand?post=758755"},{"taxonomy":"product_cat","embeddable":true,"href":"https:\/\/roveyayinevi.com.tr\/index.php\/wp-json\/wp\/v2\/product_cat?post=758755"},{"taxonomy":"product_tag","embeddable":true,"href":"https:\/\/roveyayinevi.com.tr\/index.php\/wp-json\/wp\/v2\/product_tag?post=758755"}],"curies":[{"name":"wp","href":"https:\/\/api.w.org\/{rel}","templated":true}]}}