{"id":758753,"date":"2025-08-28T08:13:59","date_gmt":"2025-08-28T05:13:59","guid":{"rendered":"https:\/\/roveyayinevi.com.tr\/index.php\/urun\/nevroz-ve-insan-gelisimi\/"},"modified":"2026-04-16T03:11:46","modified_gmt":"2026-04-16T00:11:46","slug":"nevroz-ve-insan-gelisimi","status":"publish","type":"product","link":"https:\/\/roveyayinevi.com.tr\/index.php\/urun\/nevroz-ve-insan-gelisimi\/","title":{"rendered":"Nevroz ve \u0130nsan Geli\u015fimi"},"content":{"rendered":"<p>Freud\u2019un ard\u0131ndan gelen en \u00f6zg\u00fcn psikanalistlerden biri olan Karen Horney, yabanc\u0131la\u015fma, kendini ger\u00e7ekle\u015ftirme ve idealize edilmi\u015f imge gibi kavramlara \u00f6nc\u00fcl\u00fck etmi\u015f, k\u00fclt\u00fcr ve \u00e7evrenin \u00f6nemine dair psikanalize yeni bir anlay\u0131\u015f getirmi\u015ftir. Bu kitapta Dr. Horney nevrotik s\u00fcreci, sa\u011fl\u0131kl\u0131 geli\u015fimin antitezi olan insan geli\u015fiminin \u00f6zel bir bi\u00e7imi olarak tart\u0131\u015fmaktad\u0131r. Bu durumun farkl\u0131 a\u015famalar\u0131n\u0131 ortaya koymu\u015f, nevrotik talepler, i\u00e7sel buyruklar\u0131n zorbal\u0131\u011f\u0131, kendinden nefret etme, hastal\u0131kl\u0131 ba\u011f\u0131ml\u0131l\u0131k ya da boyun e\u011fme ve insan ili\u015fkilerinde nevrotik rahats\u0131zl\u0131klar gibi duygusal tutumlardaki \u00e7at\u0131\u015fma gerilimlerini hafifletmek i\u00e7in buldu\u011fu \u00e7\u00f6z\u00fcmleri tan\u0131mlam\u0131\u015ft\u0131r. Nevroz ve \u0130nsan Geli\u015fimi, ba\u015ftan sona, ki\u015finin potansiyelini hem olumlu hem olumsuz y\u00f6nde etkileyen g\u00fc\u00e7leri \u00e7arp\u0131c\u0131 bir anlay\u0131\u015fla \u00f6zetleyen bir eser. <\/p>\n","protected":false},"excerpt":{"rendered":"<p>Freud\u2019un ard\u0131ndan gelen en \u00f6zg\u00fcn psikanalistlerden biri olan Karen Horney, yabanc\u0131la\u015fma, kendini ger\u00e7ekle\u015ftirme ve idealize edilmi\u015f imge gibi kavramlara \u00f6nc\u00fcl\u00fck etmi\u015f, k\u00fclt\u00fcr ve \u00e7evrenin \u00f6nemine dair<span class=\"excerpt-hellip\"> [\u2026]<\/span><\/p>\n","protected":false},"featured_media":0,"template":"","meta":{"_monsterinsights_skip_tracking":false,"_monsterinsights_sitenote_active":false,"_monsterinsights_sitenote_note":"","_monsterinsights_sitenote_category":0},"product_brand":[],"product_cat":[12357],"product_tag":[],"class_list":{"0":"post-758753","1":"product","2":"type-product","3":"status-publish","5":"product_cat-psikoloji","6":"pa_cilt-ciltsiz","7":"pa_tur-kitap","8":"pa_yayinevi-say-yayinlari","9":"pa_yazar-karen-horney","11":"first","12":"instock","13":"sale","14":"shipping-taxable","15":"purchasable","16":"product-type-simple"},"_links":{"self":[{"href":"https:\/\/roveyayinevi.com.tr\/index.php\/wp-json\/wp\/v2\/product\/758753","targetHints":{"allow":["GET"]}}],"collection":[{"href":"https:\/\/roveyayinevi.com.tr\/index.php\/wp-json\/wp\/v2\/product"}],"about":[{"href":"https:\/\/roveyayinevi.com.tr\/index.php\/wp-json\/wp\/v2\/types\/product"}],"wp:attachment":[{"href":"https:\/\/roveyayinevi.com.tr\/index.php\/wp-json\/wp\/v2\/media?parent=758753"}],"wp:term":[{"taxonomy":"product_brand","embeddable":true,"href":"https:\/\/roveyayinevi.com.tr\/index.php\/wp-json\/wp\/v2\/product_brand?post=758753"},{"taxonomy":"product_cat","embeddable":true,"href":"https:\/\/roveyayinevi.com.tr\/index.php\/wp-json\/wp\/v2\/product_cat?post=758753"},{"taxonomy":"product_tag","embeddable":true,"href":"https:\/\/roveyayinevi.com.tr\/index.php\/wp-json\/wp\/v2\/product_tag?post=758753"}],"curies":[{"name":"wp","href":"https:\/\/api.w.org\/{rel}","templated":true}]}}