{"id":758752,"date":"2025-08-28T08:13:58","date_gmt":"2025-08-28T05:13:58","guid":{"rendered":"https:\/\/roveyayinevi.com.tr\/index.php\/urun\/yaraticiligini-kesfet\/"},"modified":"2026-04-16T03:11:46","modified_gmt":"2026-04-16T00:11:46","slug":"yaraticiligini-kesfet","status":"publish","type":"product","link":"https:\/\/roveyayinevi.com.tr\/index.php\/urun\/yaraticiligini-kesfet\/","title":{"rendered":"Yarat\u0131c\u0131l\u0131\u011f\u0131n\u0131 Ke\u015ffet"},"content":{"rendered":"<p>S\u00fcrekli me\u015fgul olmay\u0131 b\u0131rak\u0131n; i\u015finizi en yarat\u0131c\u0131 \u015fekilde yapmaya ba\u015flay\u0131n. Yapacak \u00e7ok \u015feyiniz var ve bunlar\u0131 yapmak i\u00e7in yeterli zaman\u0131n\u0131z yok mu?  \u0130\u015f ve ya\u015fam dengeniz tamamen kontrolden \u00e7\u0131km\u0131\u015f durumda m\u0131? Dikkatiniz da\u011f\u0131lm\u0131\u015f ve i\u015flerden bunalm\u0131\u015f bir h\u00e2lde misiniz? B\u00fct\u00fcn g\u00fcn y\u00fcksek bir tempoda \u00e7al\u0131\u015f\u0131yor ancak bir t\u00fcrl\u00fc verimli \u00e7al\u0131\u015famad\u0131\u011f\u0131n\u0131z\u0131, yap\u0131lacaklar listenizin asla azalmad\u0131\u011f\u0131n\u0131 m\u0131 fark ediyorsunuz? Ve zihniniz, s\u00fcrekli yap\u0131lacaklar\u0131 s\u0131ralayarak gevezelik edip sizi ele ge\u00e7irmi\u015f gibi mi hissediyorsunuz? Korkmay\u0131n, yaln\u0131z de\u011filsiniz! Sadece, de\u011fi\u015fen d\u00fcnya d\u00fczenini, eski al\u0131\u015fkanl\u0131klarla s\u00fcrd\u00fcrmeye \u00e7al\u0131\u015ft\u0131\u011f\u0131n\u0131z i\u00e7in zorlan\u0131yorsunuz. Sistem de\u011fi\u015fti ve \u00e7al\u0131\u015fma \u015fekliniz de art\u0131k de\u011fi\u015fmek zorunda. \u00d6nde gelen 20 yarat\u0131c\u0131 zihnin bilgeli\u011fiyle haz\u0131rlanan Yarat\u0131c\u0131l\u0131\u011f\u0131n\u0131 Ke\u015ffet, \u201cs\u00fcrekli me\u015fgul\u201d modundan, \u201cyarat\u0131c\u0131 ve verimli\u201d moduna ge\u00e7meniz i\u00e7in size harika \u00f6neriler sunuyor. <\/p>\n","protected":false},"excerpt":{"rendered":"<p>S\u00fcrekli me\u015fgul olmay\u0131 b\u0131rak\u0131n; i\u015finizi en yarat\u0131c\u0131 \u015fekilde yapmaya ba\u015flay\u0131n. Yapacak \u00e7ok \u015feyiniz var ve bunlar\u0131 yapmak i\u00e7in yeterli zaman\u0131n\u0131z yok mu? \u0130\u015f ve ya\u015fam dengeniz<span class=\"excerpt-hellip\"> [\u2026]<\/span><\/p>\n","protected":false},"featured_media":0,"template":"","meta":{"_monsterinsights_skip_tracking":false,"_monsterinsights_sitenote_active":false,"_monsterinsights_sitenote_note":"","_monsterinsights_sitenote_category":0},"product_brand":[],"product_cat":[12364,12376],"product_tag":[],"class_list":{"0":"post-758752","1":"product","2":"type-product","3":"status-publish","5":"product_cat-genel-konular","6":"product_cat-kisisel-gelisim","7":"pa_cilt-ciltsiz","8":"pa_tur-kitap","9":"pa_yayinevi-omega","10":"pa_yazar-jocelyn-k-glei","12":"first","13":"instock","14":"sale","15":"shipping-taxable","16":"purchasable","17":"product-type-simple"},"_links":{"self":[{"href":"https:\/\/roveyayinevi.com.tr\/index.php\/wp-json\/wp\/v2\/product\/758752","targetHints":{"allow":["GET"]}}],"collection":[{"href":"https:\/\/roveyayinevi.com.tr\/index.php\/wp-json\/wp\/v2\/product"}],"about":[{"href":"https:\/\/roveyayinevi.com.tr\/index.php\/wp-json\/wp\/v2\/types\/product"}],"wp:attachment":[{"href":"https:\/\/roveyayinevi.com.tr\/index.php\/wp-json\/wp\/v2\/media?parent=758752"}],"wp:term":[{"taxonomy":"product_brand","embeddable":true,"href":"https:\/\/roveyayinevi.com.tr\/index.php\/wp-json\/wp\/v2\/product_brand?post=758752"},{"taxonomy":"product_cat","embeddable":true,"href":"https:\/\/roveyayinevi.com.tr\/index.php\/wp-json\/wp\/v2\/product_cat?post=758752"},{"taxonomy":"product_tag","embeddable":true,"href":"https:\/\/roveyayinevi.com.tr\/index.php\/wp-json\/wp\/v2\/product_tag?post=758752"}],"curies":[{"name":"wp","href":"https:\/\/api.w.org\/{rel}","templated":true}]}}