{"id":758748,"date":"2025-08-28T08:13:52","date_gmt":"2025-08-28T05:13:52","guid":{"rendered":"https:\/\/roveyayinevi.com.tr\/index.php\/urun\/kosullama-ve-ogrenmenin-temelleri\/"},"modified":"2026-04-16T03:11:46","modified_gmt":"2026-04-16T00:11:46","slug":"kosullama-ve-ogrenmenin-temelleri","status":"publish","type":"product","link":"https:\/\/roveyayinevi.com.tr\/index.php\/urun\/kosullama-ve-ogrenmenin-temelleri\/","title":{"rendered":"Ko\u015fullama ve \u00d6\u011frenmenin Temelleri"},"content":{"rendered":"<p>Michael Domjan&#8217;\u0131n klasik ders kitab\u0131, en etkili ara\u015ft\u0131rma bulgular\u0131n\u0131 ve kuramsal perspektifleri tan\u0131mlayan \u00f6\u011frenme ve ko\u015fullamaya kapsaml\u0131 bir giri\u015f sunuyor. Domjan hem insan hem de hayvan \u00f6rneklerini kullanarak temel \u00f6\u011frenme ve ko\u015fullama ilkelerini \u00f6zetlemekle kalm\u0131yor, ayn\u0131 zamanda bu alandaki en son ke\u015fiflerin sa\u011fl\u0131kla ilgili baz\u0131 ciddi sorunlar\u0131n \u00fcstesinden gelmek i\u00e7in nas\u0131l uyguland\u0131\u011f\u0131n\u0131 da anlat\u0131yor. Bu bask\u0131da, Domjan Pavlovian ko\u015fullaman\u0131n yeni uygulamalar\u0131na ek olarak, edimsel ko\u015fullama alan\u0131nda, tepki tahsisi ve davran\u0131\u015fsal ekonomi \u00fczerine yeni bulgular\u0131 a\u00e7\u0131kl\u0131yor. Psikoloji ve sinirbilim \u00f6\u011frencileri, ko\u015fullama ve \u00f6\u011frenmeden sorumlu s\u00fcre\u00e7 ve mekanizmalara ili\u015fkin bu bak\u0131\u015f\u0131 olduk\u00e7a de\u011ferli bulacak. \u2014 AMERICAN PSYCHOLOGICAL ASSOCIATION  \u201cBu m\u00fckemmel kitap, okuyucular\u0131 hem klasik hem de edimsel bir davran\u0131\u015fsal psikolojide gezdiriyor. Temel kavramlar tam olarak a\u00e7\u0131klanarak kitab\u0131 davran\u0131\u015fsal psikolojide ba\u015flang\u0131\u00e7 ve ileri s\u0131n\u0131flar i\u00e7in uygun hale getiriyor.\u201d \u2014 Doody&#8217;s Review Service<\/p>\n","protected":false},"excerpt":{"rendered":"<p>Michael Domjan&#8217;\u0131n klasik ders kitab\u0131, en etkili ara\u015ft\u0131rma bulgular\u0131n\u0131 ve kuramsal perspektifleri tan\u0131mlayan \u00f6\u011frenme ve ko\u015fullamaya kapsaml\u0131 bir giri\u015f sunuyor. Domjan hem insan hem de hayvan<span class=\"excerpt-hellip\"> [\u2026]<\/span><\/p>\n","protected":false},"featured_media":0,"template":"","meta":{"_monsterinsights_skip_tracking":false,"_monsterinsights_sitenote_active":false,"_monsterinsights_sitenote_note":"","_monsterinsights_sitenote_category":0},"product_brand":[],"product_cat":[12357],"product_tag":[],"class_list":{"0":"post-758748","1":"product","2":"type-product","3":"status-publish","5":"product_cat-psikoloji","6":"pa_cilt-ciltsiz","7":"pa_tur-kitap","8":"pa_yayinevi-ani-yayincilik","9":"pa_yazar-michael-domjan","11":"first","12":"instock","13":"sale","14":"shipping-taxable","15":"purchasable","16":"product-type-simple"},"_links":{"self":[{"href":"https:\/\/roveyayinevi.com.tr\/index.php\/wp-json\/wp\/v2\/product\/758748","targetHints":{"allow":["GET"]}}],"collection":[{"href":"https:\/\/roveyayinevi.com.tr\/index.php\/wp-json\/wp\/v2\/product"}],"about":[{"href":"https:\/\/roveyayinevi.com.tr\/index.php\/wp-json\/wp\/v2\/types\/product"}],"wp:attachment":[{"href":"https:\/\/roveyayinevi.com.tr\/index.php\/wp-json\/wp\/v2\/media?parent=758748"}],"wp:term":[{"taxonomy":"product_brand","embeddable":true,"href":"https:\/\/roveyayinevi.com.tr\/index.php\/wp-json\/wp\/v2\/product_brand?post=758748"},{"taxonomy":"product_cat","embeddable":true,"href":"https:\/\/roveyayinevi.com.tr\/index.php\/wp-json\/wp\/v2\/product_cat?post=758748"},{"taxonomy":"product_tag","embeddable":true,"href":"https:\/\/roveyayinevi.com.tr\/index.php\/wp-json\/wp\/v2\/product_tag?post=758748"}],"curies":[{"name":"wp","href":"https:\/\/api.w.org\/{rel}","templated":true}]}}