{"id":758745,"date":"2025-08-28T08:13:47","date_gmt":"2025-08-28T05:13:47","guid":{"rendered":"https:\/\/roveyayinevi.com.tr\/index.php\/urun\/memo-ve-ay-ciltli\/"},"modified":"2026-04-16T03:11:45","modified_gmt":"2026-04-16T00:11:45","slug":"memo-ve-ay-ciltli","status":"publish","type":"product","link":"https:\/\/roveyayinevi.com.tr\/index.php\/urun\/memo-ve-ay-ciltli\/","title":{"rendered":"Memo ve Ay (Ciltli)"},"content":{"rendered":"<p>Memo ufac\u0131k tefecik bir \u00e7ocuk. T\u00fcm iste\u011fi, annesine onun kadar g\u00fczel bir hediye verebilmek: G\u00f6kteki Ay\u2019\u0131&#8230; Ama Ay \u00f6yle y\u00fcksekte ki&#8230; O halde bizim Memo birilerinden yard\u0131m isteyecek. \u00dcstelik kar\u015f\u0131l\u0131\u011f\u0131nda hepsine Ay\u2019dan bir par\u00e7a verecek&#8230; Ama ya annesine kalmazsa, k\u00fc\u00e7\u00fck Memo ne yapacak? <\/p>\n","protected":false},"excerpt":{"rendered":"<p>Memo ufac\u0131k tefecik bir \u00e7ocuk. T\u00fcm iste\u011fi, annesine onun kadar g\u00fczel bir hediye verebilmek: G\u00f6kteki Ay\u2019\u0131&#8230; Ama Ay \u00f6yle y\u00fcksekte ki&#8230; O halde bizim Memo birilerinden<span class=\"excerpt-hellip\"> [\u2026]<\/span><\/p>\n","protected":false},"featured_media":0,"template":"","meta":{"_monsterinsights_skip_tracking":false,"_monsterinsights_sitenote_active":false,"_monsterinsights_sitenote_note":"","_monsterinsights_sitenote_category":0},"product_brand":[],"product_cat":[12274,12518],"product_tag":[],"class_list":{"0":"post-758745","1":"product","2":"type-product","3":"status-publish","5":"product_cat-cocuk-ve-genclik-kitaplari","6":"product_cat-okul-oncesi-kitaplar","7":"pa_cilt-ciltli","8":"pa_tur-kitap","9":"pa_yayinevi-mundi","10":"pa_yazar-alice-briere-haquet","12":"first","13":"instock","14":"sale","15":"shipping-taxable","16":"purchasable","17":"product-type-simple"},"_links":{"self":[{"href":"https:\/\/roveyayinevi.com.tr\/index.php\/wp-json\/wp\/v2\/product\/758745","targetHints":{"allow":["GET"]}}],"collection":[{"href":"https:\/\/roveyayinevi.com.tr\/index.php\/wp-json\/wp\/v2\/product"}],"about":[{"href":"https:\/\/roveyayinevi.com.tr\/index.php\/wp-json\/wp\/v2\/types\/product"}],"wp:attachment":[{"href":"https:\/\/roveyayinevi.com.tr\/index.php\/wp-json\/wp\/v2\/media?parent=758745"}],"wp:term":[{"taxonomy":"product_brand","embeddable":true,"href":"https:\/\/roveyayinevi.com.tr\/index.php\/wp-json\/wp\/v2\/product_brand?post=758745"},{"taxonomy":"product_cat","embeddable":true,"href":"https:\/\/roveyayinevi.com.tr\/index.php\/wp-json\/wp\/v2\/product_cat?post=758745"},{"taxonomy":"product_tag","embeddable":true,"href":"https:\/\/roveyayinevi.com.tr\/index.php\/wp-json\/wp\/v2\/product_tag?post=758745"}],"curies":[{"name":"wp","href":"https:\/\/api.w.org\/{rel}","templated":true}]}}