{"id":758739,"date":"2025-08-28T08:13:37","date_gmt":"2025-08-28T05:13:37","guid":{"rendered":"https:\/\/roveyayinevi.com.tr\/index.php\/urun\/musrif-deha-nikola-tesla\/"},"modified":"2026-04-16T03:11:45","modified_gmt":"2026-04-16T00:11:45","slug":"musrif-deha-nikola-tesla","status":"publish","type":"product","link":"https:\/\/roveyayinevi.com.tr\/index.php\/urun\/musrif-deha-nikola-tesla\/","title":{"rendered":"M\u00fcsrif Deha Nikola Tesla"},"content":{"rendered":"<p>John O\u2019Neill taraf\u0131ndan kaleme al\u0131nan M\u00fcsrif Deha Nikola Tesla, s\u0131ra d\u0131\u015f\u0131 bir zek\u00e2 ve \u00e7\u0131\u011f\u0131r a\u00e7an icatlarla dolu olan Nikola Tesla\u2019n\u0131n hayat\u0131na dair derinlemesine bir yolculu\u011fa davet ediyor. Tesla\u2019n\u0131n elektrik alan\u0131ndaki \u00f6nc\u00fc ara\u015ft\u0131rmas\u0131, onu bilimin tanr\u0131s\u0131 konumuna y\u00fckseltiyor. O\u2019Neill, mucit olma arzusu ve bilime olan tutkusuyla \u015fekillenen Tesla\u2019n\u0131n \u00e7ocukluktan ba\u015flayan kariyerine, bilim d\u00fcnyas\u0131ndaki y\u00fckseli\u015f ve d\u00fc\u015f\u00fc\u015flerine odaklan\u0131yor. Tesla\u2019n\u0131n bilim d\u00fcnyas\u0131ndaki \u00e7\u0131\u011f\u0131r a\u00e7an ba\u015far\u0131lar\u0131n\u0131 i\u00e7tenlikle ele al\u0131rken, i\u00e7sel \u00e7at\u0131\u015fmalar\u0131na, yaln\u0131zl\u0131\u011f\u0131na ve hayal k\u0131r\u0131kl\u0131klar\u0131na da adil bir yakla\u015f\u0131m sergiliyor. M\u00fcsrif Deha Nikola Tesla, sadece bir bilim kitab\u0131 de\u011fil, ayn\u0131 zamanda bir insan hik\u00e2yesi. Tesla\u2019n\u0131n hayat\u0131n\u0131 okurken bir yandan dehas\u0131n\u0131 ve karma\u015f\u0131k ki\u015fili\u011fini ke\u015ffedecek, bir yandan da onun hayat\u0131ndaki d\u00f6n\u00fcm noktalar\u0131n\u0131 deneyimleyecek ve bilim d\u00fcnyas\u0131ndaki unutulmaz bir fig\u00fcrle tan\u0131\u015facaks\u0131n\u0131z. <\/p>\n","protected":false},"excerpt":{"rendered":"<p>John O\u2019Neill taraf\u0131ndan kaleme al\u0131nan M\u00fcsrif Deha Nikola Tesla, s\u0131ra d\u0131\u015f\u0131 bir zek\u00e2 ve \u00e7\u0131\u011f\u0131r a\u00e7an icatlarla dolu olan Nikola Tesla\u2019n\u0131n hayat\u0131na dair derinlemesine bir yolculu\u011fa<span class=\"excerpt-hellip\"> [\u2026]<\/span><\/p>\n","protected":false},"featured_media":0,"template":"","meta":{"_monsterinsights_skip_tracking":false,"_monsterinsights_sitenote_active":false,"_monsterinsights_sitenote_note":"","_monsterinsights_sitenote_category":0},"product_brand":[],"product_cat":[14009,12291],"product_tag":[],"class_list":{"0":"post-758739","1":"product","2":"type-product","3":"status-publish","5":"product_cat-biyografi-otobiyografi-edebiyat","6":"product_cat-edebiyat","7":"pa_cilt-ciltsiz","8":"pa_tur-kitap","9":"pa_yayinevi-inkilap-kitabevi","10":"pa_yazar-john-oneill","12":"first","13":"instock","14":"sale","15":"shipping-taxable","16":"purchasable","17":"product-type-simple"},"_links":{"self":[{"href":"https:\/\/roveyayinevi.com.tr\/index.php\/wp-json\/wp\/v2\/product\/758739","targetHints":{"allow":["GET"]}}],"collection":[{"href":"https:\/\/roveyayinevi.com.tr\/index.php\/wp-json\/wp\/v2\/product"}],"about":[{"href":"https:\/\/roveyayinevi.com.tr\/index.php\/wp-json\/wp\/v2\/types\/product"}],"wp:attachment":[{"href":"https:\/\/roveyayinevi.com.tr\/index.php\/wp-json\/wp\/v2\/media?parent=758739"}],"wp:term":[{"taxonomy":"product_brand","embeddable":true,"href":"https:\/\/roveyayinevi.com.tr\/index.php\/wp-json\/wp\/v2\/product_brand?post=758739"},{"taxonomy":"product_cat","embeddable":true,"href":"https:\/\/roveyayinevi.com.tr\/index.php\/wp-json\/wp\/v2\/product_cat?post=758739"},{"taxonomy":"product_tag","embeddable":true,"href":"https:\/\/roveyayinevi.com.tr\/index.php\/wp-json\/wp\/v2\/product_tag?post=758739"}],"curies":[{"name":"wp","href":"https:\/\/api.w.org\/{rel}","templated":true}]}}