{"id":758738,"date":"2025-08-28T08:13:36","date_gmt":"2025-08-28T05:13:36","guid":{"rendered":"https:\/\/roveyayinevi.com.tr\/index.php\/urun\/mir-hamza-nigari-nigarname\/"},"modified":"2026-04-16T03:11:45","modified_gmt":"2026-04-16T00:11:45","slug":"mir-hamza-nigari-nigarname","status":"publish","type":"product","link":"https:\/\/roveyayinevi.com.tr\/index.php\/urun\/mir-hamza-nigari-nigarname\/","title":{"rendered":"Mir Hamza Nigari \u2013 Nigarname"},"content":{"rendered":"<p>\u015e\u00fckr eylerem ol H\u00fcd\u00e2ya her dem Tevf\u00ee\u1e33-i H\u00fcd\u00e2 ile dem-\u00e2-dem Erb\u00e2b-\u0131 dil\u00e2n olsun \u00e2g\u00e2h G\u00fcft\u00e2r\u0131m\u0131 eylesin na\u1e93ar-g\u00e2h G\u00fcft\u00e2r-\u0131 \u015fir\u00eenime inans\u0131n B\u00ee-\u015f\u00fcbhe s\u00f6z\u00fcm\u00fc do\u0121ru \u1e63ans\u0131n Ba\u015fdan aya\u0121a Nig\u00e2rn\u00e2me \u015e\u00e2yestedi c\u00fcmle i\u1e25tir\u00e2ma Ol n\u00e2me-i \u2018a\u015f\u1e33da ne kim var Ta\u1e25d\u00eesi \u00e7\u00fc \u1e33and \u00fc \u015fehd-i e\u015f\u2018\u00e2r &#8230;Ba\u015fda geze ol Nig\u00e2r-n\u00e2me Ba\u015f indire a\u019ea \u015e\u00e2h-n\u00e2me <\/p>\n","protected":false},"excerpt":{"rendered":"<p>\u015e\u00fckr eylerem ol H\u00fcd\u00e2ya her dem Tevf\u00ee\u1e33-i H\u00fcd\u00e2 ile dem-\u00e2-dem Erb\u00e2b-\u0131 dil\u00e2n olsun \u00e2g\u00e2h G\u00fcft\u00e2r\u0131m\u0131 eylesin na\u1e93ar-g\u00e2h G\u00fcft\u00e2r-\u0131 \u015fir\u00eenime inans\u0131n B\u00ee-\u015f\u00fcbhe s\u00f6z\u00fcm\u00fc do\u0121ru \u1e63ans\u0131n Ba\u015fdan aya\u0121a<span class=\"excerpt-hellip\"> [\u2026]<\/span><\/p>\n","protected":false},"featured_media":0,"template":"","meta":{"_monsterinsights_skip_tracking":false,"_monsterinsights_sitenote_active":false,"_monsterinsights_sitenote_note":"","_monsterinsights_sitenote_category":0},"product_brand":[],"product_cat":[12573,12566],"product_tag":[],"class_list":{"0":"post-758738","1":"product","2":"type-product","3":"status-publish","5":"product_cat-akademik-kitaplar","6":"product_cat-egitim","7":"pa_cilt-ciltsiz","8":"pa_tur-kitap","9":"pa_yayinevi-soncag-akademik-kitaplar","10":"pa_yazar-metin-hakverdioglu","12":"first","13":"instock","14":"sale","15":"shipping-taxable","16":"purchasable","17":"product-type-simple"},"_links":{"self":[{"href":"https:\/\/roveyayinevi.com.tr\/index.php\/wp-json\/wp\/v2\/product\/758738","targetHints":{"allow":["GET"]}}],"collection":[{"href":"https:\/\/roveyayinevi.com.tr\/index.php\/wp-json\/wp\/v2\/product"}],"about":[{"href":"https:\/\/roveyayinevi.com.tr\/index.php\/wp-json\/wp\/v2\/types\/product"}],"wp:attachment":[{"href":"https:\/\/roveyayinevi.com.tr\/index.php\/wp-json\/wp\/v2\/media?parent=758738"}],"wp:term":[{"taxonomy":"product_brand","embeddable":true,"href":"https:\/\/roveyayinevi.com.tr\/index.php\/wp-json\/wp\/v2\/product_brand?post=758738"},{"taxonomy":"product_cat","embeddable":true,"href":"https:\/\/roveyayinevi.com.tr\/index.php\/wp-json\/wp\/v2\/product_cat?post=758738"},{"taxonomy":"product_tag","embeddable":true,"href":"https:\/\/roveyayinevi.com.tr\/index.php\/wp-json\/wp\/v2\/product_tag?post=758738"}],"curies":[{"name":"wp","href":"https:\/\/api.w.org\/{rel}","templated":true}]}}