{"id":758734,"date":"2025-08-28T08:13:30","date_gmt":"2025-08-28T05:13:30","guid":{"rendered":"https:\/\/roveyayinevi.com.tr\/index.php\/urun\/turkiyede-para-ve-maliye-politikalari-uygulamalari\/"},"modified":"2026-04-16T03:11:45","modified_gmt":"2026-04-16T00:11:45","slug":"turkiyede-para-ve-maliye-politikalari-uygulamalari","status":"publish","type":"product","link":"https:\/\/roveyayinevi.com.tr\/index.php\/urun\/turkiyede-para-ve-maliye-politikalari-uygulamalari\/","title":{"rendered":"T\u00fcrkiye\u2019de Para Ve Maliye Politikalar\u0131 Uygulamalar\u0131"},"content":{"rendered":"<p>\u0130\u00e7indekiler :     \u00b7         B\u0130R\u0130NC\u0130 B\u00d6L\u00dcM: \u0130KT\u0130SAT OKULLARININ PARA POL\u0130T\u0130KASI YAKLA\u015eIMLARI   \u00b7         \u0130K\u0130NC\u0130 B\u00d6L\u00dcM: T\u00dcRK\u0130YE\u2019DE 1923-1939 D\u00d6NEM\u0130NDE UYGULANAN PARA POL\u0130T\u0130KALARI VE BANKACILIK ALANINDA YA\u015eANAN GEL\u0130\u015eMELER   \u00b7         \u00dc\u00c7\u00dcNC\u00dc B\u00d6L\u00dcM: T\u00dcRK\u0130YE\u2019DE \u0130HRACATA DAYALI SANAY\u0130LE\u015eME MODEL\u0130 D\u00d6NEM\u0130NDE PARA POL\u0130T\u0130KALARI (1980-1989)   \u00b7         D\u00d6RD\u00dcNC\u00dc B\u00d6L\u00dcM: T\u00dcRK\u0130YE\u2019DE 1990\u2019LI YILLARDA PARA POL\u0130T\u0130KALARI   \u00b7         BE\u015e\u0130NC\u0130 B\u00d6L\u00dcM: T\u00dcRK\u0130YE\u2019DE 2000-2023 YILLARINDA UYGULANAN PARA POL\u0130T\u0130KALARI   \u00b7         ALTINCI B\u00d6L\u00dcM: T\u00dcRK\u0130YE\u2019DE EKONOM\u0130K KR\u0130Z D\u00d6NEMLER\u0130NDE PARA POL\u0130T\u0130KALARI       \u00b7         YED\u0130NC\u0130 B\u00d6L\u00dcM: T\u00dcRK\u0130YE\u2019DE 2002-2023 D\u00d6NEM\u0130 PARA POL\u0130T\u0130KALARI UYGULAMALARININ EKONOMETR\u0130K ANAL\u0130Z\u0130   \u00b7         SEK\u0130Z\u0130NC\u0130 B\u00d6L\u00dcM: T\u00dcRK\u0130YE\u2019DE UYGULANAN PARA POL\u0130T\u0130KALARININ TAR\u0130HSEL S\u00dcRE\u00c7 \u0130\u00c7ER\u0130S\u0130NDE DE\u011eERLEND\u0130R\u0130LMES\u0130   \u00b7         DOKUZUNCU B\u00d6L\u00dcM: T\u00dcRK\u0130YE\u2019DE D\u00d6V\u0130Z KURU POL\u0130T\u0130KALARININ MAKROEKONOM\u0130K DE\u011e\u0130\u015eKENLER \u00dcZER\u0130NE ETK\u0130LER\u0130   \u00b7         ONUNCU B\u00d6L\u00dcM: MAL\u0130YE POL\u0130T\u0130KALARINA KAVRAMSAL YAKLA\u015eIM   \u00b7         ON B\u0130R\u0130NC\u0130 B\u00d6L\u00dcM: \u0130KT\u0130SAT OKULLARININ MAL\u0130YE POL\u0130T\u0130KASI YAKLA\u015eIMLARI   \u00b7         ON \u0130K\u0130NC\u0130 B\u00d6L\u00dcM: T\u00dcRK\u0130YE\u2019DE L\u0130BERAL EKONOM\u0130 POL\u0130T\u0130KALARI D\u00d6NEM\u0130NDE MAL\u0130YE POL\u0130T\u0130KALARI (1950-1960)   \u00b7         ON \u00dc\u00c7\u00dcNC\u00dc B\u00d6L\u00dcM: T\u00dcRK\u0130YE\u2019DE PLANLI KALKINMA D\u00d6NEM\u0130NDE MAL\u0130YE POL\u0130T\u0130KALARI (1960-1980)   \u00b7         ON D\u00d6RD\u00dcNC\u00dc B\u00d6L\u00dcM: G\u00dc\u00c7L\u00dc EKONOM\u0130YE GE\u00c7\u0130\u015e PROGRAMINDAN CUMHUR\u0130YET\u0130M\u0130Z\u0130N 100. YILINA KADAR T\u00dcRK\u0130YE\u2019DE UYGULANAN KIRSAL KALKINMA VE KOOPERAT\u0130FLE\u015eME \u00c7ALI\u015eMALARI   \u00b7         ON BE\u015e\u0130NC\u0130 B\u00d6L\u00dcM: T\u00dcRK\u0130YE\u2019DE KAMU SA\u011eLIK H\u0130ZMETLER\u0130N\u0130N Y\u00dcZ YILLIK SERENCAMI <\/p>\n","protected":false},"excerpt":{"rendered":"<p>\u0130\u00e7indekiler : \u00b7 B\u0130R\u0130NC\u0130 B\u00d6L\u00dcM: \u0130KT\u0130SAT OKULLARININ PARA POL\u0130T\u0130KASI YAKLA\u015eIMLARI \u00b7 \u0130K\u0130NC\u0130 B\u00d6L\u00dcM: T\u00dcRK\u0130YE\u2019DE 1923-1939 D\u00d6NEM\u0130NDE UYGULANAN PARA POL\u0130T\u0130KALARI VE BANKACILIK ALANINDA YA\u015eANAN GEL\u0130\u015eMELER \u00b7 \u00dc\u00c7\u00dcNC\u00dc<span class=\"excerpt-hellip\"> [\u2026]<\/span><\/p>\n","protected":false},"featured_media":0,"template":"","meta":{"_monsterinsights_skip_tracking":false,"_monsterinsights_sitenote_active":false,"_monsterinsights_sitenote_note":"","_monsterinsights_sitenote_category":0},"product_brand":[],"product_cat":[13043],"product_tag":[],"class_list":{"0":"post-758734","1":"product","2":"type-product","3":"status-publish","5":"product_cat-ekonomi","6":"pa_cilt-ciltsiz","7":"pa_tur-kitap","8":"pa_yayinevi-gazi-kitabevi","9":"pa_yazar-kolektif","11":"first","12":"instock","13":"sale","14":"shipping-taxable","15":"purchasable","16":"product-type-simple"},"_links":{"self":[{"href":"https:\/\/roveyayinevi.com.tr\/index.php\/wp-json\/wp\/v2\/product\/758734","targetHints":{"allow":["GET"]}}],"collection":[{"href":"https:\/\/roveyayinevi.com.tr\/index.php\/wp-json\/wp\/v2\/product"}],"about":[{"href":"https:\/\/roveyayinevi.com.tr\/index.php\/wp-json\/wp\/v2\/types\/product"}],"wp:attachment":[{"href":"https:\/\/roveyayinevi.com.tr\/index.php\/wp-json\/wp\/v2\/media?parent=758734"}],"wp:term":[{"taxonomy":"product_brand","embeddable":true,"href":"https:\/\/roveyayinevi.com.tr\/index.php\/wp-json\/wp\/v2\/product_brand?post=758734"},{"taxonomy":"product_cat","embeddable":true,"href":"https:\/\/roveyayinevi.com.tr\/index.php\/wp-json\/wp\/v2\/product_cat?post=758734"},{"taxonomy":"product_tag","embeddable":true,"href":"https:\/\/roveyayinevi.com.tr\/index.php\/wp-json\/wp\/v2\/product_tag?post=758734"}],"curies":[{"name":"wp","href":"https:\/\/api.w.org\/{rel}","templated":true}]}}