{"id":758731,"date":"2025-08-28T08:13:26","date_gmt":"2025-08-28T05:13:26","guid":{"rendered":"https:\/\/roveyayinevi.com.tr\/index.php\/urun\/ataturkun-inanci\/"},"modified":"2026-03-05T03:44:14","modified_gmt":"2026-03-05T00:44:14","slug":"ataturkun-inanci","status":"publish","type":"product","link":"https:\/\/roveyayinevi.com.tr\/index.php\/urun\/ataturkun-inanci\/","title":{"rendered":"Atat\u00fcrk&#8217;\u00fcn \u0130nanc\u0131"},"content":{"rendered":"<p>\u201cDindar olmakla Atat\u00fcrk\u00e7\u00fc olmak z\u0131t kavramlar m\u0131d\u0131r?\u201d sorusunun cevab\u0131 uzun s\u00fcredir T\u00fcrkiye Cumhuriyeti kamuoyunda gizliden gizliye aran\u0131r oldu. Gerek Atat\u00fcrk\u2019\u00fc yak\u0131ndan tan\u0131yan ki\u015filerin aktard\u0131\u011f\u0131 bilgiler, gerekse Atat\u00fcrk\u2019\u00fcn hayat\u0131n\u0131 anlatan g\u00fcvenilir kaynaklar incelendi\u011finde, Atat\u00fcrk\u2019\u00fcn din kar\u015f\u0131t\u0131 olmak bir yana, Allah inanc\u0131na sahip bir M\u00fcsl\u00fcman oldu\u011fu ortaya \u00e7\u0131k\u0131yordu. \u0130sl\u00e2m dininin son ve m\u00fckemmel din, Hz. Muhammed\u2019in de \u2018Son Peygamber\u2019 oldu\u011funu vurgulayan Atat\u00fcrk; \u201cDin insanlar\u0131n g\u0131das\u0131d\u0131r. Dinsiz adam bo\u015f eve benzer, h\u00fcz\u00fcn verir&#8230; Bu dinlerin en sonuncusu elbette en m\u00fckemmelidir. \u0130sl\u00e2m dini hepsinden \u00fcst\u00fcnd\u00fcr.\u201d demi\u015ftir Atat\u00fcrk\u2019\u00fcn \u0130slam\u2019a bak\u0131\u015f\u0131, Atat\u00fcrk\u2019\u00fcn \u0130slam devleti ve \u0130slam tarihi yorumu, Atat\u00fcrk\u2019\u00fcn Kur\u2019an-\u0131 Kerim tefsiri, Atat\u00fcrk\u2019\u00fcn dua g\u00fcnl\u00fc\u011f\u00fc ve Atat\u00fcrk\u2019\u00fcn M\u00fcsl\u00fcmanl\u0131\u011f\u0131 ya\u015fay\u0131\u015f\u0131n\u0131n ipu\u00e7lar\u0131n\u0131 \u00f6\u011frenmek istiyorsan\u0131z mutlaka bu kitab\u0131 okumal\u0131s\u0131n\u0131z. <\/p>\n","protected":false},"excerpt":{"rendered":"<p>\u201cDindar olmakla Atat\u00fcrk\u00e7\u00fc olmak z\u0131t kavramlar m\u0131d\u0131r?\u201d sorusunun cevab\u0131 uzun s\u00fcredir T\u00fcrkiye Cumhuriyeti kamuoyunda gizliden gizliye aran\u0131r oldu. Gerek Atat\u00fcrk\u2019\u00fc yak\u0131ndan tan\u0131yan ki\u015filerin aktard\u0131\u011f\u0131 bilgiler, gerekse<span class=\"excerpt-hellip\"> [\u2026]<\/span><\/p>\n","protected":false},"featured_media":0,"template":"","meta":{"_monsterinsights_skip_tracking":false,"_monsterinsights_sitenote_active":false,"_monsterinsights_sitenote_note":"","_monsterinsights_sitenote_category":0},"product_brand":[],"product_cat":[12530,12304],"product_tag":[],"class_list":{"0":"post-758731","1":"product","2":"type-product","3":"status-publish","5":"product_cat-mustafa-kemal-ataturk","6":"product_cat-tarih","7":"pa_cilt-ciltsiz","8":"pa_tur-kitap","9":"pa_yayinevi-elhamra-yayinlari","10":"pa_yazar-ibrahim-yilmaz","12":"first","13":"instock","14":"sale","15":"shipping-taxable","16":"purchasable","17":"product-type-simple"},"_links":{"self":[{"href":"https:\/\/roveyayinevi.com.tr\/index.php\/wp-json\/wp\/v2\/product\/758731","targetHints":{"allow":["GET"]}}],"collection":[{"href":"https:\/\/roveyayinevi.com.tr\/index.php\/wp-json\/wp\/v2\/product"}],"about":[{"href":"https:\/\/roveyayinevi.com.tr\/index.php\/wp-json\/wp\/v2\/types\/product"}],"wp:attachment":[{"href":"https:\/\/roveyayinevi.com.tr\/index.php\/wp-json\/wp\/v2\/media?parent=758731"}],"wp:term":[{"taxonomy":"product_brand","embeddable":true,"href":"https:\/\/roveyayinevi.com.tr\/index.php\/wp-json\/wp\/v2\/product_brand?post=758731"},{"taxonomy":"product_cat","embeddable":true,"href":"https:\/\/roveyayinevi.com.tr\/index.php\/wp-json\/wp\/v2\/product_cat?post=758731"},{"taxonomy":"product_tag","embeddable":true,"href":"https:\/\/roveyayinevi.com.tr\/index.php\/wp-json\/wp\/v2\/product_tag?post=758731"}],"curies":[{"name":"wp","href":"https:\/\/api.w.org\/{rel}","templated":true}]}}