{"id":758729,"date":"2025-08-28T08:13:22","date_gmt":"2025-08-28T05:13:22","guid":{"rendered":"https:\/\/roveyayinevi.com.tr\/index.php\/urun\/hikaye-hirsizi\/"},"modified":"2026-04-16T03:11:45","modified_gmt":"2026-04-16T00:11:45","slug":"hikaye-hirsizi","status":"publish","type":"product","link":"https:\/\/roveyayinevi.com.tr\/index.php\/urun\/hikaye-hirsizi\/","title":{"rendered":"Hikaye H\u0131rs\u0131z\u0131"},"content":{"rendered":"<p>Hik\u00e2yeler bize kim oldu\u011fumuzu s\u00f6yler, peki ya biri o hik\u00e2yeyi \u00e7ald\u0131ysa?Jake ilk kitab\u0131yla dikkate de\u011fer bir \u00e7\u0131k\u0131\u015f yapm\u0131\u015f, ancak ikinci kitab\u0131n\u0131n fiyaskosunun ard\u0131ndan yazar t\u0131kan\u0131kl\u0131\u011f\u0131na girmi\u015ftir. \u00dc\u00e7\u00fcnc\u00fc ve d\u00f6rd\u00fcnc\u00fc roman\u0131n\u0131n tasla\u011f\u0131 ise tam bir hayal k\u0131r\u0131kl\u0131\u011f\u0131d\u0131r. Bir yandan da ge\u00e7imini sa\u011flamak i\u00e7in bir yarat\u0131c\u0131 yazarl\u0131k at\u00f6lyesinde ders vermektedir. Ancak Jake i\u00e7in asla umut vaat etmeyen yeni ders d\u00f6neminde onu bir s\u00fcrpriz beklemektedir: iddial\u0131 yeni \u00f6\u011frencisi Evan Parker&#8217;\u0131n muhte\u015fem roman fikri.Y\u0131llar sonra Evan&#8217;\u0131n bu ola\u011fan\u00fcst\u00fc hik\u00e2yesinin h\u00e2l\u00e2 bir romana d\u00f6n\u00fc\u015f\u00fcp raflarda yerini almad\u0131\u011f\u0131n\u0131 g\u00f6ren Jake, merak edip biraz ara\u015ft\u0131r\u0131nca bu parlak \u00f6\u011frencisinin \u00f6ld\u00fc\u011f\u00fcn\u00fc \u00f6\u011frenir. Ve her yazar\u0131n yapaca\u011f\u0131 gibi hik\u00e2yenin ziyan olmas\u0131ndan korkarak (!) onu kendi yazmaya karar verir. Zira T.S. Eliot&#8217;\u0131n da dedi\u011fi ya da daha do\u011frusu b\u00fcy\u00fck olas\u0131l\u0131kla Oscar Wilde&#8217;dan &#8220;al\u0131nt\u0131lad\u0131\u011f\u0131&#8221; gibi: \u0130yi yazarlar \u00f6d\u00fcn\u00e7 al\u0131r, b\u00fcy\u00fck yazarlar \u00e7alar.Jake&#8217;in hayat\u0131 yazd\u0131\u011f\u0131 bu yeni romanla ba\u015ftan sona de\u011fi\u015firken Evan&#8217;\u0131n fikrinin ard\u0131ndaki s\u0131rlar da bir bir ortaya d\u00f6k\u00fcl\u00fcr. Peki bu roman konusunun ard\u0131ndaki korkun\u00e7 ger\u00e7ek nedir? Esas h\u0131rs\u0131z kimdir ve kimin hik\u00e2yesini ya da daha do\u011frusu kimin hayat\u0131n\u0131 \u00e7alm\u0131\u015ft\u0131r?<\/p>\n","protected":false},"excerpt":{"rendered":"<p>Hik\u00e2yeler bize kim oldu\u011fumuzu s\u00f6yler, peki ya biri o hik\u00e2yeyi \u00e7ald\u0131ysa?Jake ilk kitab\u0131yla dikkate de\u011fer bir \u00e7\u0131k\u0131\u015f yapm\u0131\u015f, ancak ikinci kitab\u0131n\u0131n fiyaskosunun ard\u0131ndan yazar t\u0131kan\u0131kl\u0131\u011f\u0131na girmi\u015ftir.<span class=\"excerpt-hellip\"> [\u2026]<\/span><\/p>\n","protected":false},"featured_media":0,"template":"","meta":{"_monsterinsights_skip_tracking":false,"_monsterinsights_sitenote_active":false,"_monsterinsights_sitenote_note":"","_monsterinsights_sitenote_category":0},"product_brand":[],"product_cat":[12291,12711],"product_tag":[],"class_list":{"0":"post-758729","1":"product","2":"type-product","3":"status-publish","5":"product_cat-edebiyat","6":"product_cat-roman-oyku","7":"pa_cilt-ciltsiz","8":"pa_tur-kitap","9":"pa_yayinevi-altin-kitaplar","10":"pa_yazar-jean-hanff-korelitz","12":"first","13":"instock","14":"sale","15":"shipping-taxable","16":"purchasable","17":"product-type-simple"},"_links":{"self":[{"href":"https:\/\/roveyayinevi.com.tr\/index.php\/wp-json\/wp\/v2\/product\/758729","targetHints":{"allow":["GET"]}}],"collection":[{"href":"https:\/\/roveyayinevi.com.tr\/index.php\/wp-json\/wp\/v2\/product"}],"about":[{"href":"https:\/\/roveyayinevi.com.tr\/index.php\/wp-json\/wp\/v2\/types\/product"}],"wp:attachment":[{"href":"https:\/\/roveyayinevi.com.tr\/index.php\/wp-json\/wp\/v2\/media?parent=758729"}],"wp:term":[{"taxonomy":"product_brand","embeddable":true,"href":"https:\/\/roveyayinevi.com.tr\/index.php\/wp-json\/wp\/v2\/product_brand?post=758729"},{"taxonomy":"product_cat","embeddable":true,"href":"https:\/\/roveyayinevi.com.tr\/index.php\/wp-json\/wp\/v2\/product_cat?post=758729"},{"taxonomy":"product_tag","embeddable":true,"href":"https:\/\/roveyayinevi.com.tr\/index.php\/wp-json\/wp\/v2\/product_tag?post=758729"}],"curies":[{"name":"wp","href":"https:\/\/api.w.org\/{rel}","templated":true}]}}