{"id":758728,"date":"2025-08-28T08:13:20","date_gmt":"2025-08-28T05:13:20","guid":{"rendered":"https:\/\/roveyayinevi.com.tr\/index.php\/urun\/kundakci\/"},"modified":"2026-04-16T03:11:45","modified_gmt":"2026-04-16T00:11:45","slug":"kundakci","status":"publish","type":"product","link":"https:\/\/roveyayinevi.com.tr\/index.php\/urun\/kundakci\/","title":{"rendered":"Kundak\u00e7\u0131"},"content":{"rendered":"<p>Ben Renata Convida\u2019y\u0131m. Y\u00fczlerce \u00e7al\u0131nt\u0131 hayat ya\u015fad\u0131m. Art\u0131k kendiminkini ya\u015f\u0131yorum.        Renata, yetene\u011fi y\u00fcz\u00fcnden hen\u00fcz k\u00fc\u00e7\u00fck bir \u00e7ocukken Kral\u0131n Adaleti taraf\u0131ndan ka\u00e7\u0131r\u0131l\u0131r ve Andalucia\u2019n\u0131n g\u00f6rkemli saray\u0131na getirilir. O, Moria \u0131rk\u0131n\u0131n en korkulanlar\u0131ndan biridir. Kraliyet d\u00fc\u015fmanlar\u0131ndan an\u0131lar\u0131 \u00e7alabilme yetene\u011fi, binlerce Moria\u2019n\u0131n \u00f6l\u00fcm\u00fcne yol a\u00e7an Kral\u0131n Gazab\u0131\u2019na neden olur.        Zaman ge\u00e7tik\u00e7e isyanc\u0131 bir casusa d\u00f6n\u00fc\u015f\u00fcr ve halk\u0131n\u0131 kurtarmak i\u00e7in F\u0131s\u0131ldayanlar\u2019la beraber hareket etmeye karar verir. Art\u0131k krall\u0131k aleyhine \u00e7al\u0131\u015facakt\u0131r. F\u0131s\u0131ldayanlar onu y\u0131llar \u00f6nce saraydan kurtarm\u0131\u015f olsalar da Renata orada ge\u00e7irdi\u011fi s\u00fcre boyunca \u201cbo\u015f\u201d h\u00e2le getirdi\u011fi y\u00fczlerce ruhun ezici an\u0131lar\u0131ndan ka\u00e7amayacakt\u0131r.        Komutanlar\u0131 Dez, korkun\u00e7 Kanl\u0131 Prens taraf\u0131ndan esir al\u0131nd\u0131\u011f\u0131nda Renata, b\u00fcy\u00fck a\u015fk\u0131n\u0131 kurtarmak u\u011fruna her \u015feyi yapacakt\u0131r. Hem kendi hayat\u0131 hem de Moria \u0131rk\u0131n\u0131n kaderi buna ba\u011fl\u0131d\u0131r. Renata, ac\u0131mas\u0131z prense kar\u015f\u0131 intikam ate\u015fiyle yan\u0131p tutu\u015furken bile, krall\u0131\u011f\u0131 onlara sad\u0131k oldu\u011funa ikna edebilecek midir?<\/p>\n","protected":false},"excerpt":{"rendered":"<p>Ben Renata Convida\u2019y\u0131m. Y\u00fczlerce \u00e7al\u0131nt\u0131 hayat ya\u015fad\u0131m. Art\u0131k kendiminkini ya\u015f\u0131yorum. Renata, yetene\u011fi y\u00fcz\u00fcnden hen\u00fcz k\u00fc\u00e7\u00fck bir \u00e7ocukken Kral\u0131n Adaleti taraf\u0131ndan ka\u00e7\u0131r\u0131l\u0131r ve Andalucia\u2019n\u0131n g\u00f6rkemli saray\u0131na getirilir.<span class=\"excerpt-hellip\"> [\u2026]<\/span><\/p>\n","protected":false},"featured_media":0,"template":"","meta":{"_monsterinsights_skip_tracking":false,"_monsterinsights_sitenote_active":false,"_monsterinsights_sitenote_note":"","_monsterinsights_sitenote_category":0},"product_brand":[],"product_cat":[12291,14777],"product_tag":[],"class_list":{"0":"post-758728","1":"product","2":"type-product","3":"status-publish","5":"product_cat-edebiyat","6":"product_cat-fantastik","7":"pa_cilt-ciltsiz","8":"pa_tur-kitap","9":"pa_yayinevi-epsilon-yayinlari","10":"pa_yazar-zoraida-cordova","12":"first","13":"instock","14":"sale","15":"shipping-taxable","16":"purchasable","17":"product-type-simple"},"_links":{"self":[{"href":"https:\/\/roveyayinevi.com.tr\/index.php\/wp-json\/wp\/v2\/product\/758728","targetHints":{"allow":["GET"]}}],"collection":[{"href":"https:\/\/roveyayinevi.com.tr\/index.php\/wp-json\/wp\/v2\/product"}],"about":[{"href":"https:\/\/roveyayinevi.com.tr\/index.php\/wp-json\/wp\/v2\/types\/product"}],"wp:attachment":[{"href":"https:\/\/roveyayinevi.com.tr\/index.php\/wp-json\/wp\/v2\/media?parent=758728"}],"wp:term":[{"taxonomy":"product_brand","embeddable":true,"href":"https:\/\/roveyayinevi.com.tr\/index.php\/wp-json\/wp\/v2\/product_brand?post=758728"},{"taxonomy":"product_cat","embeddable":true,"href":"https:\/\/roveyayinevi.com.tr\/index.php\/wp-json\/wp\/v2\/product_cat?post=758728"},{"taxonomy":"product_tag","embeddable":true,"href":"https:\/\/roveyayinevi.com.tr\/index.php\/wp-json\/wp\/v2\/product_tag?post=758728"}],"curies":[{"name":"wp","href":"https:\/\/api.w.org\/{rel}","templated":true}]}}