{"id":758727,"date":"2025-08-28T08:13:18","date_gmt":"2025-08-28T05:13:18","guid":{"rendered":"https:\/\/roveyayinevi.com.tr\/index.php\/urun\/gelecegin-ulasim-dunyasi\/"},"modified":"2026-04-16T03:11:45","modified_gmt":"2026-04-16T00:11:45","slug":"gelecegin-ulasim-dunyasi","status":"publish","type":"product","link":"https:\/\/roveyayinevi.com.tr\/index.php\/urun\/gelecegin-ulasim-dunyasi\/","title":{"rendered":"Gelece\u011fin Ula\u015f\u0131m D\u00fcnyas\u0131"},"content":{"rendered":"<p>&#8220;Gelece\u011fin Ula\u015f\u0131m D\u00fcnyas\u0131 Ak\u0131ll\u0131 Ula\u015f\u0131m Sistemleri, Veri Bilimi ve S\u00fcrd\u00fcr\u00fclebilirlik&#8221; adl\u0131 bu kitap, ak\u0131ll\u0131 ula\u015f\u0131m sistemleri alan\u0131nda uzmanla\u015fm\u0131\u015f bir grup yazar\u0131n bilgi ve deneyimleri ile yaz\u0131lmakla beraber kentsel mobiliteye \u015fekil veren, ula\u015f\u0131m sistemlerindeki d\u00f6n\u00fc\u015f\u00fcm\u00fc anlamam\u0131za yard\u0131mc\u0131 olan, b\u00fcy\u00fck veri analiti\u011fi, yapay zek\u00e2, makine \u00f6\u011frenimi gibi \u00e7a\u011f\u0131n teknolojilerini kullanarak gelece\u011fin ula\u015f\u0131m\u0131n\u0131 tasarlamaya y\u00f6nelik kapsaml\u0131 bir bak\u0131\u015f sunmaktad\u0131r.   Ak\u0131ll\u0131 Ula\u015f\u0131m Sistemlerinin geni\u015f bir yelpazesini kapsayan zengin i\u00e7eri\u011fiyle, okurlara hem g\u00fcncel bilgiler sunmay\u0131 hem de gelecekteki ula\u015f\u0131m\u0131n nas\u0131l evrilebilece\u011fine dair bir bak\u0131\u015f a\u00e7\u0131s\u0131 kazand\u0131rmay\u0131 ama\u00e7lamaktad\u0131r. <\/p>\n","protected":false},"excerpt":{"rendered":"<p>&#8220;Gelece\u011fin Ula\u015f\u0131m D\u00fcnyas\u0131 Ak\u0131ll\u0131 Ula\u015f\u0131m Sistemleri, Veri Bilimi ve S\u00fcrd\u00fcr\u00fclebilirlik&#8221; adl\u0131 bu kitap, ak\u0131ll\u0131 ula\u015f\u0131m sistemleri alan\u0131nda uzmanla\u015fm\u0131\u015f bir grup yazar\u0131n bilgi ve deneyimleri ile yaz\u0131lmakla<span class=\"excerpt-hellip\"> [\u2026]<\/span><\/p>\n","protected":false},"featured_media":0,"template":"","meta":{"_monsterinsights_skip_tracking":false,"_monsterinsights_sitenote_active":false,"_monsterinsights_sitenote_note":"","_monsterinsights_sitenote_category":0},"product_brand":[],"product_cat":[13005],"product_tag":[],"class_list":{"0":"post-758727","1":"product","2":"type-product","3":"status-publish","5":"product_cat-bilim-muhendislik","6":"pa_cilt-ciltsiz","7":"pa_tur-kitap","8":"pa_yayinevi-aktif-yayinevi","9":"pa_yazar-aktif-kolektif","11":"first","12":"instock","13":"sale","14":"shipping-taxable","15":"purchasable","16":"product-type-simple"},"_links":{"self":[{"href":"https:\/\/roveyayinevi.com.tr\/index.php\/wp-json\/wp\/v2\/product\/758727","targetHints":{"allow":["GET"]}}],"collection":[{"href":"https:\/\/roveyayinevi.com.tr\/index.php\/wp-json\/wp\/v2\/product"}],"about":[{"href":"https:\/\/roveyayinevi.com.tr\/index.php\/wp-json\/wp\/v2\/types\/product"}],"wp:attachment":[{"href":"https:\/\/roveyayinevi.com.tr\/index.php\/wp-json\/wp\/v2\/media?parent=758727"}],"wp:term":[{"taxonomy":"product_brand","embeddable":true,"href":"https:\/\/roveyayinevi.com.tr\/index.php\/wp-json\/wp\/v2\/product_brand?post=758727"},{"taxonomy":"product_cat","embeddable":true,"href":"https:\/\/roveyayinevi.com.tr\/index.php\/wp-json\/wp\/v2\/product_cat?post=758727"},{"taxonomy":"product_tag","embeddable":true,"href":"https:\/\/roveyayinevi.com.tr\/index.php\/wp-json\/wp\/v2\/product_tag?post=758727"}],"curies":[{"name":"wp","href":"https:\/\/api.w.org\/{rel}","templated":true}]}}