{"id":758725,"date":"2025-08-28T08:13:15","date_gmt":"2025-08-28T05:13:15","guid":{"rendered":"https:\/\/roveyayinevi.com.tr\/index.php\/urun\/filistin-defteri\/"},"modified":"2026-04-16T03:11:45","modified_gmt":"2026-04-16T00:11:45","slug":"filistin-defteri","status":"publish","type":"product","link":"https:\/\/roveyayinevi.com.tr\/index.php\/urun\/filistin-defteri\/","title":{"rendered":"Filistin Defteri"},"content":{"rendered":"<p>Herkesin bir Filistin defteri vard\u0131r. Filistin defteri oldu\u011funu bilmese bile bir Filistin defteri vard\u0131r. Kalpte yaz\u0131lmaya ba\u015flar ve sonras\u0131nda bazen sat\u0131rlara d\u00f6k\u00fcl\u00fcr.   Filistin, insanl\u0131\u011f\u0131n en b\u00fcy\u00fck defteri. Bu defterde eksik olmamas\u0131 gereken sayfalar var: Azim, kararl\u0131l\u0131k, gayret, fedak\u00e2rl\u0131k, sevgi, payla\u015fma, \u015fefkat sayfalar\u0131\u2026 Bu sayfalar\u0131 ekledik\u00e7e Filistin bize benzeyecek biz de Filistin\u2019e\u2026   Filistin defterimiz bize kim oldu\u011fumuzu hat\u0131rlatacak bir haf\u0131za kart\u0131, kendimizle mesafemizi ayarlamam\u0131z\u0131 sa\u011flayacak, kimi neden sevdi\u011fimizi kimden neden uzak durmam\u0131z gerekti\u011fini g\u00f6steren bir pusula olacakt\u0131r. Hayat\u0131m\u0131z boyunca ona bakarak istikametimizi hat\u0131rlayacak, insanl\u0131k hik\u00e2yesinde durdu\u011fumuz saf\u0131 belirleyecek ve hat\u0131rlatacak bir defter.   Bu defter ne kadar s\u0131k a\u00e7\u0131l\u0131rsa h\u00fcr Kud\u00fcs\u2019e ula\u015fmam\u0131z o kadar kolay olacakt\u0131r. Siyonit sald\u0131r\u0131lar\u0131n oldu\u011fu her d\u00f6nemde bu defteri a\u00e7t\u0131\u011f\u0131m\u0131 fark ettim. Demek ki yeterli de\u011fil, demek ki bu deftere her g\u00fcn ba\u015fka bir c\u00fcmle eklememiz gerekiyor. Hayat\u0131m\u0131z\u0131 Filistinle\u015ftirmeden, Filistin\u2019e ula\u015fmak m\u00fcmk\u00fcn olmayacak. O nedenle Filistin defterimizi kendi Filistinimizi, h\u00fcr Filistinimizi kurmak i\u00e7in bir f\u0131rsat olarak g\u00f6rebiliriz. Tertemiz bir sayfa a\u00e7\u0131p ba\u015flayal\u0131m yazmaya\u2026Haz\u0131rlanan bu se\u00e7ki, Niyazi\u2019nin ilgi \u00e7ekici hayat\u0131na dair \u00e7arp\u0131c\u0131 sahneleri aktard\u0131\u011f\u0131 gibi dillerde ve g\u00f6n\u00fcllerde yer etmi\u015f s\u00f6zlerinin pek \u00e7ok inceliklerini de yans\u0131tmaktad\u0131r. <\/p>\n","protected":false},"excerpt":{"rendered":"<p>Herkesin bir Filistin defteri vard\u0131r. Filistin defteri oldu\u011funu bilmese bile bir Filistin defteri vard\u0131r. Kalpte yaz\u0131lmaya ba\u015flar ve sonras\u0131nda bazen sat\u0131rlara d\u00f6k\u00fcl\u00fcr. Filistin, insanl\u0131\u011f\u0131n en b\u00fcy\u00fck<span class=\"excerpt-hellip\"> [\u2026]<\/span><\/p>\n","protected":false},"featured_media":0,"template":"","meta":{"_monsterinsights_skip_tracking":false,"_monsterinsights_sitenote_active":false,"_monsterinsights_sitenote_note":"","_monsterinsights_sitenote_category":0},"product_brand":[],"product_cat":[13590,12337],"product_tag":[],"class_list":{"0":"post-758725","1":"product","2":"type-product","3":"status-publish","5":"product_cat-arastirma-inceleme-politika-siyaset","6":"product_cat-politika-siyaset","7":"pa_cilt-ciltsiz","8":"pa_tur-kitap","9":"pa_yayinevi-muhit-kitap","10":"pa_yazar-halil-ibrahim-izgi","12":"first","13":"instock","14":"sale","15":"shipping-taxable","16":"purchasable","17":"product-type-simple"},"_links":{"self":[{"href":"https:\/\/roveyayinevi.com.tr\/index.php\/wp-json\/wp\/v2\/product\/758725","targetHints":{"allow":["GET"]}}],"collection":[{"href":"https:\/\/roveyayinevi.com.tr\/index.php\/wp-json\/wp\/v2\/product"}],"about":[{"href":"https:\/\/roveyayinevi.com.tr\/index.php\/wp-json\/wp\/v2\/types\/product"}],"wp:attachment":[{"href":"https:\/\/roveyayinevi.com.tr\/index.php\/wp-json\/wp\/v2\/media?parent=758725"}],"wp:term":[{"taxonomy":"product_brand","embeddable":true,"href":"https:\/\/roveyayinevi.com.tr\/index.php\/wp-json\/wp\/v2\/product_brand?post=758725"},{"taxonomy":"product_cat","embeddable":true,"href":"https:\/\/roveyayinevi.com.tr\/index.php\/wp-json\/wp\/v2\/product_cat?post=758725"},{"taxonomy":"product_tag","embeddable":true,"href":"https:\/\/roveyayinevi.com.tr\/index.php\/wp-json\/wp\/v2\/product_tag?post=758725"}],"curies":[{"name":"wp","href":"https:\/\/api.w.org\/{rel}","templated":true}]}}