{"id":758724,"date":"2025-08-28T08:13:13","date_gmt":"2025-08-28T05:13:13","guid":{"rendered":"https:\/\/roveyayinevi.com.tr\/index.php\/urun\/herkes-gittikten-sonra\/"},"modified":"2026-04-16T03:11:45","modified_gmt":"2026-04-16T00:11:45","slug":"herkes-gittikten-sonra","status":"publish","type":"product","link":"https:\/\/roveyayinevi.com.tr\/index.php\/urun\/herkes-gittikten-sonra\/","title":{"rendered":"Herkes Gittikten Sonra"},"content":{"rendered":"<p>M\u00fcslim Co\u015fkun, yaz\u0131y\u0131 yazg\u0131 olarak g\u00f6renlerden. Kendisini tan\u0131d\u0131\u011f\u0131mdan beri yazmaktan hi\u00e7 kopmad\u0131. Bu da otuz be\u015f y\u0131l demek oluyor. Bir insan\u0131n bunca zaman kalemi elden b\u0131rakmamas\u0131, elbette bir derdinin, meselesinin ve kuvvetli bir yazma gerek\u00e7esinin oldu\u011funu g\u00f6sterir. Herkes Gittikten Sonra kitab\u0131n\u0131 olu\u015fturan yaz\u0131lar, bizi daha iyi bir insan olmaya davet ediyor. B\u00f6yle bir davete icabet etmek gerekmez mi? <\/p>\n","protected":false},"excerpt":{"rendered":"<p>M\u00fcslim Co\u015fkun, yaz\u0131y\u0131 yazg\u0131 olarak g\u00f6renlerden. Kendisini tan\u0131d\u0131\u011f\u0131mdan beri yazmaktan hi\u00e7 kopmad\u0131. Bu da otuz be\u015f y\u0131l demek oluyor. Bir insan\u0131n bunca zaman kalemi elden b\u0131rakmamas\u0131,<span class=\"excerpt-hellip\"> [\u2026]<\/span><\/p>\n","protected":false},"featured_media":0,"template":"","meta":{"_monsterinsights_skip_tracking":false,"_monsterinsights_sitenote_active":false,"_monsterinsights_sitenote_note":"","_monsterinsights_sitenote_category":0},"product_brand":[],"product_cat":[12777,12291],"product_tag":[],"class_list":{"0":"post-758724","1":"product","2":"type-product","3":"status-publish","5":"product_cat-deneme","6":"product_cat-edebiyat","7":"pa_cilt-ciltsiz","8":"pa_tur-kitap","9":"pa_yayinevi-muhit-kitap","10":"pa_yazar-muslim-coskun","12":"first","13":"instock","14":"sale","15":"shipping-taxable","16":"purchasable","17":"product-type-simple"},"_links":{"self":[{"href":"https:\/\/roveyayinevi.com.tr\/index.php\/wp-json\/wp\/v2\/product\/758724","targetHints":{"allow":["GET"]}}],"collection":[{"href":"https:\/\/roveyayinevi.com.tr\/index.php\/wp-json\/wp\/v2\/product"}],"about":[{"href":"https:\/\/roveyayinevi.com.tr\/index.php\/wp-json\/wp\/v2\/types\/product"}],"wp:attachment":[{"href":"https:\/\/roveyayinevi.com.tr\/index.php\/wp-json\/wp\/v2\/media?parent=758724"}],"wp:term":[{"taxonomy":"product_brand","embeddable":true,"href":"https:\/\/roveyayinevi.com.tr\/index.php\/wp-json\/wp\/v2\/product_brand?post=758724"},{"taxonomy":"product_cat","embeddable":true,"href":"https:\/\/roveyayinevi.com.tr\/index.php\/wp-json\/wp\/v2\/product_cat?post=758724"},{"taxonomy":"product_tag","embeddable":true,"href":"https:\/\/roveyayinevi.com.tr\/index.php\/wp-json\/wp\/v2\/product_tag?post=758724"}],"curies":[{"name":"wp","href":"https:\/\/api.w.org\/{rel}","templated":true}]}}