{"id":758723,"date":"2025-08-28T08:13:12","date_gmt":"2025-08-28T05:13:12","guid":{"rendered":"https:\/\/roveyayinevi.com.tr\/index.php\/urun\/futbol-ve-ekosistemi\/"},"modified":"2026-04-16T03:11:45","modified_gmt":"2026-04-16T00:11:45","slug":"futbol-ve-ekosistemi","status":"publish","type":"product","link":"https:\/\/roveyayinevi.com.tr\/index.php\/urun\/futbol-ve-ekosistemi\/","title":{"rendered":"Futbol Ve Ekosistemi"},"content":{"rendered":"<p>\u0130\u00e7indekiler :     B\u00d6L\u00dcM 1: Futbolun Tarihi Geli\u015fimi   B\u00d6L\u00dcM 2: Futbol Oyununun Payda\u015flar\u0131   B\u00d6L\u00dcM 3: Futbol Tak\u0131m\u0131nda Oyuncu Pozisyonlar\u0131   B\u00d6L\u00dcM 4: Futbolda Performans   B\u00d6L\u00dcM 5: Futbolda Dinlenme (Toparlanma)   B\u00d6L\u00dcM 6: Futbolda Teknik ve Taktik   B\u00d6L\u00dcM 7: Futbolda Oyun Sistemleri   B\u00d6L\u00dcM 8: Futbolda Antrenman Planlamas\u0131   B\u00d6L\u00dcM 9: Motorik \u00d6zellikler   B\u00d6L\u00dcM 10: Futbol Altyap\u0131s\u0131   B\u00d6L\u00dcM 11: Futbol ve \u00c7ocuk Geli\u015fim D\u00f6nemleri   B\u00d6L\u00dcM 12: Farkl\u0131 Bile\u015fenleriyle Futbol   B\u00d6L\u00dcM 13: Futbolda Dijitalle\u015fme ve M\u00fcsabaka Analizleri <\/p>\n","protected":false},"excerpt":{"rendered":"<p>\u0130\u00e7indekiler : B\u00d6L\u00dcM 1: Futbolun Tarihi Geli\u015fimi B\u00d6L\u00dcM 2: Futbol Oyununun Payda\u015flar\u0131 B\u00d6L\u00dcM 3: Futbol Tak\u0131m\u0131nda Oyuncu Pozisyonlar\u0131 B\u00d6L\u00dcM 4: Futbolda Performans B\u00d6L\u00dcM 5: Futbolda Dinlenme<span class=\"excerpt-hellip\"> [\u2026]<\/span><\/p>\n","protected":false},"featured_media":0,"template":"","meta":{"_monsterinsights_skip_tracking":false,"_monsterinsights_sitenote_active":false,"_monsterinsights_sitenote_note":"","_monsterinsights_sitenote_category":0},"product_brand":[],"product_cat":[15563,15564],"product_tag":[],"class_list":{"0":"post-758723","1":"product","2":"type-product","3":"status-publish","5":"product_cat-hobi","6":"product_cat-spor","7":"pa_cilt-ciltsiz","8":"pa_tur-kitap","9":"pa_yayinevi-gazi-kitabevi","10":"pa_yazar-umit-yetis","12":"first","13":"instock","14":"sale","15":"shipping-taxable","16":"purchasable","17":"product-type-simple"},"_links":{"self":[{"href":"https:\/\/roveyayinevi.com.tr\/index.php\/wp-json\/wp\/v2\/product\/758723","targetHints":{"allow":["GET"]}}],"collection":[{"href":"https:\/\/roveyayinevi.com.tr\/index.php\/wp-json\/wp\/v2\/product"}],"about":[{"href":"https:\/\/roveyayinevi.com.tr\/index.php\/wp-json\/wp\/v2\/types\/product"}],"wp:attachment":[{"href":"https:\/\/roveyayinevi.com.tr\/index.php\/wp-json\/wp\/v2\/media?parent=758723"}],"wp:term":[{"taxonomy":"product_brand","embeddable":true,"href":"https:\/\/roveyayinevi.com.tr\/index.php\/wp-json\/wp\/v2\/product_brand?post=758723"},{"taxonomy":"product_cat","embeddable":true,"href":"https:\/\/roveyayinevi.com.tr\/index.php\/wp-json\/wp\/v2\/product_cat?post=758723"},{"taxonomy":"product_tag","embeddable":true,"href":"https:\/\/roveyayinevi.com.tr\/index.php\/wp-json\/wp\/v2\/product_tag?post=758723"}],"curies":[{"name":"wp","href":"https:\/\/api.w.org\/{rel}","templated":true}]}}