{"id":758714,"date":"2025-08-28T08:12:58","date_gmt":"2025-08-28T05:12:58","guid":{"rendered":"https:\/\/roveyayinevi.com.tr\/index.php\/urun\/2025-lgs-odak-noktasi-inkilap-tarihi-ozet-konu-anlatimi\/"},"modified":"2026-04-16T03:11:45","modified_gmt":"2026-04-16T00:11:45","slug":"2025-lgs-odak-noktasi-inkilap-tarihi-ozet-konu-anlatimi","status":"publish","type":"product","link":"https:\/\/roveyayinevi.com.tr\/index.php\/urun\/2025-lgs-odak-noktasi-inkilap-tarihi-ozet-konu-anlatimi\/","title":{"rendered":"2025 LGS Odak Noktas\u0131 \u0130nk\u0131lap Tarihi \u00d6zet Konu Anlat\u0131m\u0131"},"content":{"rendered":"<p>8. S\u0131n\u0131f LGS \u0130nk\u0131lap Tarihi ve Atat\u00fcrk\u00e7\u00fcl\u00fck \u00d6zet Konu Anlat\u0131ml\u0131 Ders Notlar\u0131 <\/p>\n","protected":false},"excerpt":{"rendered":"<p>8. S\u0131n\u0131f LGS \u0130nk\u0131lap Tarihi ve Atat\u00fcrk\u00e7\u00fcl\u00fck \u00d6zet Konu Anlat\u0131ml\u0131 Ders Notlar\u0131<\/p>\n","protected":false},"featured_media":0,"template":"","meta":{"_monsterinsights_skip_tracking":false,"_monsterinsights_sitenote_active":false,"_monsterinsights_sitenote_note":"","_monsterinsights_sitenote_category":0},"product_brand":[],"product_cat":[12566,71470,125232,13473],"product_tag":[],"class_list":{"0":"post-758714","1":"product","2":"type-product","3":"status-publish","5":"product_cat-egitim","6":"product_cat-lgs-kitaplari","7":"product_cat-lgs-konu-anlatimi","8":"product_cat-sinavlara-hazirlik-okula-yardimci-kaynaklar","9":"pa_cilt-ciltsiz","10":"pa_tur-kitap","11":"pa_yayinevi-marka-yayinlari","12":"pa_yazar-marka-komisyon","14":"first","15":"instock","16":"sale","17":"shipping-taxable","18":"purchasable","19":"product-type-simple"},"_links":{"self":[{"href":"https:\/\/roveyayinevi.com.tr\/index.php\/wp-json\/wp\/v2\/product\/758714","targetHints":{"allow":["GET"]}}],"collection":[{"href":"https:\/\/roveyayinevi.com.tr\/index.php\/wp-json\/wp\/v2\/product"}],"about":[{"href":"https:\/\/roveyayinevi.com.tr\/index.php\/wp-json\/wp\/v2\/types\/product"}],"wp:attachment":[{"href":"https:\/\/roveyayinevi.com.tr\/index.php\/wp-json\/wp\/v2\/media?parent=758714"}],"wp:term":[{"taxonomy":"product_brand","embeddable":true,"href":"https:\/\/roveyayinevi.com.tr\/index.php\/wp-json\/wp\/v2\/product_brand?post=758714"},{"taxonomy":"product_cat","embeddable":true,"href":"https:\/\/roveyayinevi.com.tr\/index.php\/wp-json\/wp\/v2\/product_cat?post=758714"},{"taxonomy":"product_tag","embeddable":true,"href":"https:\/\/roveyayinevi.com.tr\/index.php\/wp-json\/wp\/v2\/product_tag?post=758714"}],"curies":[{"name":"wp","href":"https:\/\/api.w.org\/{rel}","templated":true}]}}