{"id":758709,"date":"2025-08-28T08:12:51","date_gmt":"2025-08-28T05:12:51","guid":{"rendered":"https:\/\/roveyayinevi.com.tr\/index.php\/urun\/tuketicilerin-helal-sertifikali-urunlere-karsi-tutumlarini-etkileyen-faktorler-ve-risk-algisi\/"},"modified":"2026-04-16T03:11:45","modified_gmt":"2026-04-16T00:11:45","slug":"tuketicilerin-helal-sertifikali-urunlere-karsi-tutumlarini-etkileyen-faktorler-ve-risk-algisi","status":"publish","type":"product","link":"https:\/\/roveyayinevi.com.tr\/index.php\/urun\/tuketicilerin-helal-sertifikali-urunlere-karsi-tutumlarini-etkileyen-faktorler-ve-risk-algisi\/","title":{"rendered":"T\u00fcketicilerin Helal Sertifikal\u0131 \u00dcr\u00fcnlere Kar\u015f\u0131 Tutumlar\u0131n\u0131 Etkileyen Fakt\u00f6rler Ve Risk Alg\u0131s\u0131"},"content":{"rendered":"<p>T\u00fcketicilerin sat\u0131n ald\u0131klar\u0131 \u00fcr\u00fcnler hakk\u0131nda tercihlerini etkileyen \u00e7ok say\u0131da fakt\u00f6r bulunmaktad\u0131r. Zaman i\u00e7erisinde t\u00fcketicilerin ihtiya\u00e7lar\u0131 \u00e7e\u015fitlendi\u011fi gibi kendilerine sunulan alternatiflerin say\u0131s\u0131 da artm\u0131\u015ft\u0131r. Artan alternatifler t\u00fcketiciler i\u00e7in bilgi ihtiyac\u0131n\u0131n \u00f6nemini ortaya \u00e7\u0131karm\u0131\u015ft\u0131r. T\u00fcketiciler se\u00e7enekler hakk\u0131nda ne kadar \u00e7ok bilgi sahibi olurlarsa kendilerini o kadar rahat hissetmekte ve risk alg\u0131lamalar\u0131 azalmaktad\u0131r. \u0130htiya\u00e7 duyulan \u00fcr\u00fcn\u00fcn \u00f6zelli\u011fi kadar t\u00fcketicilerin \u00f6zellikleri de ihtiya\u00e7 duyulan bilginin t\u00fcr\u00fc ve niteli\u011fini belirleyici bir role sahiptir.   T\u00fcketicilerin dini inan\u00e7lar\u0131 sat\u0131n alma faaliyetleri \u00fczerine etkili olan bir fakt\u00f6rd\u00fcr. Her din \u00e7e\u015fitli konularda insanlara k\u0131s\u0131tlamalar getirmektedir. Bu durum t\u00fcketicilerin bilgi ihtiyac\u0131n\u0131 art\u0131ran bir di\u011fer etken olarak kar\u015f\u0131m\u0131za \u00e7\u0131kmaktad\u0131r. \u00c7e\u015fitli dinlere mensup t\u00fcketicilerin bilgi ihtiya\u00e7lar\u0131n\u0131n kar\u015f\u0131lanabilmesi i\u00e7in \u00e7e\u015fitli denetim ve sertifikaland\u0131rma sistemleri kurulmu\u015ftur. Ko\u015fer, Yahudi inanc\u0131na uygunlu\u011fu temsil ederken, &#8220;Hel\u00e2l G\u0131da&#8221; \u0130slam\u00ee kurallara uygunlu\u011fun bir g\u00f6stergesidir. D\u00fcnyada iki milyara yakla\u015fan n\u00fcfuslar\u0131 ile M\u00fcsl\u00fcmanlar \u00f6nemli bir pazar olu\u015fturmaktad\u0131r ve i\u015fletmeler i\u00e7in bu pazar g\u00f6z ard\u0131 edilemeyecek kadar b\u00fcy\u00fckt\u00fcr. <\/p>\n","protected":false},"excerpt":{"rendered":"<p>T\u00fcketicilerin sat\u0131n ald\u0131klar\u0131 \u00fcr\u00fcnler hakk\u0131nda tercihlerini etkileyen \u00e7ok say\u0131da fakt\u00f6r bulunmaktad\u0131r. Zaman i\u00e7erisinde t\u00fcketicilerin ihtiya\u00e7lar\u0131 \u00e7e\u015fitlendi\u011fi gibi kendilerine sunulan alternatiflerin say\u0131s\u0131 da artm\u0131\u015ft\u0131r. Artan alternatifler t\u00fcketiciler<span class=\"excerpt-hellip\"> [\u2026]<\/span><\/p>\n","protected":false},"featured_media":0,"template":"","meta":{"_monsterinsights_skip_tracking":false,"_monsterinsights_sitenote_active":false,"_monsterinsights_sitenote_note":"","_monsterinsights_sitenote_category":0},"product_brand":[],"product_cat":[13043,17647],"product_tag":[],"class_list":{"0":"post-758709","1":"product","2":"type-product","3":"status-publish","5":"product_cat-ekonomi","6":"product_cat-is-dunyasi","7":"pa_cilt-ciltsiz","8":"pa_tur-kitap","9":"pa_yayinevi-beykoz-universitesi-yayinlari","10":"pa_yazar-dursun-yener","12":"first","13":"instock","14":"sale","15":"shipping-taxable","16":"purchasable","17":"product-type-simple"},"_links":{"self":[{"href":"https:\/\/roveyayinevi.com.tr\/index.php\/wp-json\/wp\/v2\/product\/758709","targetHints":{"allow":["GET"]}}],"collection":[{"href":"https:\/\/roveyayinevi.com.tr\/index.php\/wp-json\/wp\/v2\/product"}],"about":[{"href":"https:\/\/roveyayinevi.com.tr\/index.php\/wp-json\/wp\/v2\/types\/product"}],"wp:attachment":[{"href":"https:\/\/roveyayinevi.com.tr\/index.php\/wp-json\/wp\/v2\/media?parent=758709"}],"wp:term":[{"taxonomy":"product_brand","embeddable":true,"href":"https:\/\/roveyayinevi.com.tr\/index.php\/wp-json\/wp\/v2\/product_brand?post=758709"},{"taxonomy":"product_cat","embeddable":true,"href":"https:\/\/roveyayinevi.com.tr\/index.php\/wp-json\/wp\/v2\/product_cat?post=758709"},{"taxonomy":"product_tag","embeddable":true,"href":"https:\/\/roveyayinevi.com.tr\/index.php\/wp-json\/wp\/v2\/product_tag?post=758709"}],"curies":[{"name":"wp","href":"https:\/\/api.w.org\/{rel}","templated":true}]}}