{"id":758708,"date":"2025-08-28T08:12:50","date_gmt":"2025-08-28T05:12:50","guid":{"rendered":"https:\/\/roveyayinevi.com.tr\/index.php\/urun\/meslek-yuksekokullari-icin-lojistik\/"},"modified":"2026-04-16T03:11:45","modified_gmt":"2026-04-16T00:11:45","slug":"meslek-yuksekokullari-icin-lojistik","status":"publish","type":"product","link":"https:\/\/roveyayinevi.com.tr\/index.php\/urun\/meslek-yuksekokullari-icin-lojistik\/","title":{"rendered":"Meslek Y\u00fcksekokullar\u0131 \u0130\u00e7in Lojistik"},"content":{"rendered":"<p>Lojistik y\u00f6netimi asl\u0131nda bir kriz y\u00f6netimidir. Ekonomik krizler, ger\u00e7ek profesyoneller ile amat\u00f6rleri birbirinden ay\u0131r\u0131r ve profesyonellere f\u0131rsat sunar. Lojistik sekt\u00f6r\u00fcnde bir\u00e7ok f\u0131rsat bulunmakta ancak bu f\u0131rsatlardan yararlanmak, yeti\u015fmi\u015f i\u015f g\u00fcc\u00fcne ba\u011fl\u0131 bulunmaktad\u0131r. Sadece sekt\u00f6re i\u015f g\u00fcc\u00fc sa\u011flaman\u0131n yan\u0131nda istihdamdaki i\u015f g\u00fcc\u00fcn\u00fcn s\u00fcrd\u00fcr\u00fclebilir olarak e\u011fitilmesi gerekmektedir. Bu a\u00e7\u0131dan bak\u0131ld\u0131\u011f\u0131nda Meslek Y\u00fcksekokullar\u0131na \u00f6nemli bir g\u00f6rev d\u00fc\u015fmektedir. Meslek Y\u00fcksekokulu&#8217;nun ana amac\u0131, lojistik sekt\u00f6r\u00fcne ve lojistik sekt\u00f6r\u00fcne destek veren di\u011fer sekt\u00f6rlere uygun \u00e7al\u0131\u015fanlar\u0131n yeti\u015ftirilmesine y\u00f6nelik e\u011fitim ve \u00f6\u011fretim vermektir.   Elinizde tuttu\u011funuz kitap, Meslek Y\u00fcksekokulu e\u011fitim tecr\u00fcbesi olan \u00f6\u011fretim elemanlar\u0131 taraf\u0131ndan, \u00f6\u011frencileri sekt\u00f6r\u00fcn ihtiya\u00e7lar\u0131 do\u011frultusunda yeti\u015ftirebilmek amac\u0131yla haz\u0131rlanm\u0131\u015ft\u0131r. Amac\u0131m\u0131z, bu eserin lojistik e\u011fitimi veren t\u00fcm meslek y\u00fcksekokullar\u0131 \u00f6\u011frencileri ve \u00f6\u011fretim elemanlar\u0131 i\u00e7in kullan\u0131labilir olmas\u0131n\u0131n sa\u011flanmas\u0131d\u0131r.   Bu \u00e7al\u0131\u015fman\u0131n ortaya \u00e7\u0131kmas\u0131nda eme\u011fi ge\u00e7en \u00f6\u011fretim g\u00f6revlilerimiz ba\u015fta olmak \u00fczere, kitab\u0131n edit\u00f6rl\u00fc\u011f\u00fcn\u00fc \u00fcstlenen y\u00fcksekokulumuz Lojistik Program\u0131 \u00d6\u011fretim G\u00f6revlisi Asl\u0131han Bekaro\u011flu&#8217;na, bu fikri geli\u015ftiren ve destekleyen Prof. Dr. Okan Tuna&#8217;ya ve eme\u011fi ge\u00e7en herkese en i\u00e7ten te\u015fekk\u00fcrlerimi sunuyorum. <\/p>\n","protected":false},"excerpt":{"rendered":"<p>Lojistik y\u00f6netimi asl\u0131nda bir kriz y\u00f6netimidir. Ekonomik krizler, ger\u00e7ek profesyoneller ile amat\u00f6rleri birbirinden ay\u0131r\u0131r ve profesyonellere f\u0131rsat sunar. Lojistik sekt\u00f6r\u00fcnde bir\u00e7ok f\u0131rsat bulunmakta ancak bu f\u0131rsatlardan<span class=\"excerpt-hellip\"> [\u2026]<\/span><\/p>\n","protected":false},"featured_media":0,"template":"","meta":{"_monsterinsights_skip_tracking":false,"_monsterinsights_sitenote_active":false,"_monsterinsights_sitenote_note":"","_monsterinsights_sitenote_category":0},"product_brand":[],"product_cat":[13043,14381],"product_tag":[],"class_list":{"0":"post-758708","1":"product","2":"type-product","3":"status-publish","5":"product_cat-ekonomi","6":"product_cat-isletme-muhasebe-maliye","7":"pa_cilt-ciltsiz","8":"pa_tur-kitap","9":"pa_yayinevi-beykoz-universitesi-yayinlari","10":"pa_yazar-kolektif","12":"first","13":"instock","14":"sale","15":"shipping-taxable","16":"purchasable","17":"product-type-simple"},"_links":{"self":[{"href":"https:\/\/roveyayinevi.com.tr\/index.php\/wp-json\/wp\/v2\/product\/758708","targetHints":{"allow":["GET"]}}],"collection":[{"href":"https:\/\/roveyayinevi.com.tr\/index.php\/wp-json\/wp\/v2\/product"}],"about":[{"href":"https:\/\/roveyayinevi.com.tr\/index.php\/wp-json\/wp\/v2\/types\/product"}],"wp:attachment":[{"href":"https:\/\/roveyayinevi.com.tr\/index.php\/wp-json\/wp\/v2\/media?parent=758708"}],"wp:term":[{"taxonomy":"product_brand","embeddable":true,"href":"https:\/\/roveyayinevi.com.tr\/index.php\/wp-json\/wp\/v2\/product_brand?post=758708"},{"taxonomy":"product_cat","embeddable":true,"href":"https:\/\/roveyayinevi.com.tr\/index.php\/wp-json\/wp\/v2\/product_cat?post=758708"},{"taxonomy":"product_tag","embeddable":true,"href":"https:\/\/roveyayinevi.com.tr\/index.php\/wp-json\/wp\/v2\/product_tag?post=758708"}],"curies":[{"name":"wp","href":"https:\/\/api.w.org\/{rel}","templated":true}]}}