{"id":758707,"date":"2025-08-28T08:12:49","date_gmt":"2025-08-28T05:12:49","guid":{"rendered":"https:\/\/roveyayinevi.com.tr\/index.php\/urun\/masa-basinda-calisanlarin-sagligi\/"},"modified":"2026-04-16T03:11:45","modified_gmt":"2026-04-16T00:11:45","slug":"masa-basinda-calisanlarin-sagligi","status":"publish","type":"product","link":"https:\/\/roveyayinevi.com.tr\/index.php\/urun\/masa-basinda-calisanlarin-sagligi\/","title":{"rendered":"Masa Ba\u015f\u0131nda \u00c7al\u0131\u015fanlar\u0131n Sa\u011fl\u0131\u011f\u0131"},"content":{"rendered":"<p>Doktora tezimden derlemi\u015f oldu\u011fum &#8220;\u00c7al\u0131\u015fan Sa\u011fl\u0131\u011f\u0131n\u0131 Geli\u015ftirici Hizmetlerin Bili\u015fim Sekt\u00f6r\u00fcnde Masa Ba\u015f\u0131nda \u00c7al\u0131\u015fan Sa\u011fl\u0131\u011f\u0131na Etkilerinin De\u011ferlemesi&#8221; ba\u015fl\u0131kl\u0131 kitab\u0131mda son y\u0131llarda \u00e7al\u0131\u015fma ko\u015fullar\u0131n\u0131n de\u011fi\u015fimi ile birlikte say\u0131lar\u0131 giderek artan masa ba\u015f\u0131nda \u00e7al\u0131\u015fanlar\u0131n, de\u011fi\u015fen \u00f6zellikleri ve kar\u015f\u0131la\u015ft\u0131klar\u0131 yeni sa\u011fl\u0131k sorunlar\u0131 ele al\u0131nm\u0131\u015ft\u0131r. Bu sorunlar verimsizlik, i\u015f tatminsizli\u011fi, \u00f6rg\u00fctsel ba\u011fl\u0131l\u0131k gibi uzun s\u00fcrede ortaya \u00e7\u0131kabilecek pek \u00e7ok \u00f6nemli \u00f6rg\u00fctsel sorunlard\u0131r.   Kitap \u00f6rg\u00fctlerin ya\u015fad\u0131\u011f\u0131 bu sorunlara kar\u015f\u0131l\u0131k \u00e7al\u0131\u015fan sa\u011fl\u0131\u011f\u0131n\u0131 geli\u015ftirici hizmetler ba\u015fl\u0131\u011f\u0131 alt\u0131nda fiziksel aktivite ve sa\u011fl\u0131kl\u0131 beslenme hizmetlerinin \u00e7al\u0131\u015fan sa\u011fl\u0131\u011f\u0131 \u00fczerinde bir etkisi olup olmad\u0131\u011f\u0131n\u0131 incelemekte ve bu konuda ileride yap\u0131lacak olan \u00e7al\u0131\u015fmalara bir temel olu\u015fturmay\u0131 hedeflemektedir. Kitab\u0131n haz\u0131rlanmas\u0131nda eme\u011fi olan herkese ve \u00f6zellikle Beykoz Lojistik Meslek Y\u00fcksekokulu&#8217;na kitab\u0131n bas\u0131m\u0131nda ki de\u011ferli katk\u0131lar\u0131nda dolay\u0131 te\u015fekk\u00fcr ederim. Kitab\u0131n Y\u00f6netim Organizasyon ve \u0130nsan Kaynaklar\u0131 alanlar\u0131nda \u00e7al\u0131\u015fanlara ve bu konularda akademik \u00e7al\u0131\u015fma yapanlara de\u011ferli katk\u0131lar sunmas\u0131n\u0131 temenni ederim. <\/p>\n","protected":false},"excerpt":{"rendered":"<p>Doktora tezimden derlemi\u015f oldu\u011fum &#8220;\u00c7al\u0131\u015fan Sa\u011fl\u0131\u011f\u0131n\u0131 Geli\u015ftirici Hizmetlerin Bili\u015fim Sekt\u00f6r\u00fcnde Masa Ba\u015f\u0131nda \u00c7al\u0131\u015fan Sa\u011fl\u0131\u011f\u0131na Etkilerinin De\u011ferlemesi&#8221; ba\u015fl\u0131kl\u0131 kitab\u0131mda son y\u0131llarda \u00e7al\u0131\u015fma ko\u015fullar\u0131n\u0131n de\u011fi\u015fimi ile birlikte say\u0131lar\u0131<span class=\"excerpt-hellip\"> [\u2026]<\/span><\/p>\n","protected":false},"featured_media":0,"template":"","meta":{"_monsterinsights_skip_tracking":false,"_monsterinsights_sitenote_active":false,"_monsterinsights_sitenote_note":"","_monsterinsights_sitenote_category":0},"product_brand":[],"product_cat":[13043,17647],"product_tag":[],"class_list":{"0":"post-758707","1":"product","2":"type-product","3":"status-publish","5":"product_cat-ekonomi","6":"product_cat-is-dunyasi","7":"pa_cilt-ciltsiz","8":"pa_tur-kitap","9":"pa_yayinevi-beykoz-universitesi-yayinlari","10":"pa_yazar-burcu-guven","12":"first","13":"instock","14":"sale","15":"shipping-taxable","16":"purchasable","17":"product-type-simple"},"_links":{"self":[{"href":"https:\/\/roveyayinevi.com.tr\/index.php\/wp-json\/wp\/v2\/product\/758707","targetHints":{"allow":["GET"]}}],"collection":[{"href":"https:\/\/roveyayinevi.com.tr\/index.php\/wp-json\/wp\/v2\/product"}],"about":[{"href":"https:\/\/roveyayinevi.com.tr\/index.php\/wp-json\/wp\/v2\/types\/product"}],"wp:attachment":[{"href":"https:\/\/roveyayinevi.com.tr\/index.php\/wp-json\/wp\/v2\/media?parent=758707"}],"wp:term":[{"taxonomy":"product_brand","embeddable":true,"href":"https:\/\/roveyayinevi.com.tr\/index.php\/wp-json\/wp\/v2\/product_brand?post=758707"},{"taxonomy":"product_cat","embeddable":true,"href":"https:\/\/roveyayinevi.com.tr\/index.php\/wp-json\/wp\/v2\/product_cat?post=758707"},{"taxonomy":"product_tag","embeddable":true,"href":"https:\/\/roveyayinevi.com.tr\/index.php\/wp-json\/wp\/v2\/product_tag?post=758707"}],"curies":[{"name":"wp","href":"https:\/\/api.w.org\/{rel}","templated":true}]}}