{"id":758704,"date":"2025-08-28T08:12:46","date_gmt":"2025-08-28T05:12:46","guid":{"rendered":"https:\/\/roveyayinevi.com.tr\/index.php\/urun\/lojistik-sektorunde-insan-kaynaklari-yonetimi-uygulamalari\/"},"modified":"2026-04-16T03:11:45","modified_gmt":"2026-04-16T00:11:45","slug":"lojistik-sektorunde-insan-kaynaklari-yonetimi-uygulamalari","status":"publish","type":"product","link":"https:\/\/roveyayinevi.com.tr\/index.php\/urun\/lojistik-sektorunde-insan-kaynaklari-yonetimi-uygulamalari\/","title":{"rendered":"Lojistik Sekt\u00f6r\u00fcnde \u0130nsan Kaynaklar\u0131 Y\u00f6netimi Uygulamalar\u0131"},"content":{"rendered":"<p>Ekonomik d\u00f6n\u00fc\u015f\u00fcmleri \u0130nsan kaynaklar\u0131 alan\u0131n\u0131 geli\u015ftirdi\u011fi gibi bilgi yo\u011fun hizmet sekt\u00f6rlerinden lojistik sekt\u00f6r\u00fcn\u00fcn geli\u015fmesine ve b\u00fcy\u00fcmesine de neden olmu\u015ftur. Bu b\u00fcy\u00fcmeyle beraber lojistik sekt\u00f6r\u00fcnde yeti\u015fmi\u015f insan kayna\u011f\u0131na ihtiya\u00e7 da giderek artmaktad\u0131r. Uluslararas\u0131 bir boyutu olan lojistik faaliyetlerde nitelikli insan kayna\u011f\u0131 ihtiyac\u0131 bulundu\u011fu gibi var olan insan kayna\u011f\u0131n\u0131 i\u015fletmelerde etkin kullanabilmek ve s\u00fcreklili\u011fini sa\u011flayabilmek olduk\u00e7a \u00f6nemli olmaktad\u0131r. Sekt\u00f6rdeki bu geli\u015fmeler gerek orta\u00f6\u011fretim gerekse y\u00fcksek\u00f6\u011fretim seviyesinde kar\u015f\u0131l\u0131\u011f\u0131n\u0131 bulmu\u015ftur. Son 10 y\u0131lda lojistik sekt\u00f6r\u00fcne hizmet verebilecek nitelikli eleman yeti\u015ftiren \u00e7ok say\u0131da program a\u00e7\u0131lm\u0131\u015ft\u0131r. &#8220;Lojistik Sekt\u00f6r\u00fcnde \u0130nsan Kaynaklar\u0131 Y\u00f6netimi Uygulamalar\u0131&#8221; ad\u0131yla haz\u0131rlanan bu kitap gerek yukar\u0131da bahsi ge\u00e7en e\u011fitim kurumlar\u0131nda kaynak kitap, gerekse sekt\u00f6rde ilgili departmanlar\u0131n insan kaynaklar uygulamalar\u0131n\u0131 \u00e7a\u011fda\u015f \u0130\u015fletmecilik anlay\u0131\u015f\u0131yla de\u011ferlendirebilmelerinde yard\u0131mc\u0131 olmak \u00fczere haz\u0131rlanm\u0131\u015ft\u0131r. Kitapta 9 adet makale ve sekt\u00f6rde kurumsalla\u015fm\u0131\u015f i\u015fletmelerde uygulanan baz\u0131 insan kaynaklar\u0131 fonksiyonlar\u0131 yer almaktad\u0131r. Yararlan\u0131c\u0131lara faydal\u0131 olmas\u0131 dileklerimizle. <\/p>\n","protected":false},"excerpt":{"rendered":"<p>Ekonomik d\u00f6n\u00fc\u015f\u00fcmleri \u0130nsan kaynaklar\u0131 alan\u0131n\u0131 geli\u015ftirdi\u011fi gibi bilgi yo\u011fun hizmet sekt\u00f6rlerinden lojistik sekt\u00f6r\u00fcn\u00fcn geli\u015fmesine ve b\u00fcy\u00fcmesine de neden olmu\u015ftur. Bu b\u00fcy\u00fcmeyle beraber lojistik sekt\u00f6r\u00fcnde yeti\u015fmi\u015f insan<span class=\"excerpt-hellip\"> [\u2026]<\/span><\/p>\n","protected":false},"featured_media":0,"template":"","meta":{"_monsterinsights_skip_tracking":false,"_monsterinsights_sitenote_active":false,"_monsterinsights_sitenote_note":"","_monsterinsights_sitenote_category":0},"product_brand":[],"product_cat":[13043,14381],"product_tag":[],"class_list":{"0":"post-758704","1":"product","2":"type-product","3":"status-publish","5":"product_cat-ekonomi","6":"product_cat-isletme-muhasebe-maliye","7":"pa_cilt-ciltsiz","8":"pa_tur-kitap","9":"pa_yayinevi-beykoz-universitesi-yayinlari","10":"pa_yazar-kolektif","12":"first","13":"instock","14":"sale","15":"shipping-taxable","16":"purchasable","17":"product-type-simple"},"_links":{"self":[{"href":"https:\/\/roveyayinevi.com.tr\/index.php\/wp-json\/wp\/v2\/product\/758704","targetHints":{"allow":["GET"]}}],"collection":[{"href":"https:\/\/roveyayinevi.com.tr\/index.php\/wp-json\/wp\/v2\/product"}],"about":[{"href":"https:\/\/roveyayinevi.com.tr\/index.php\/wp-json\/wp\/v2\/types\/product"}],"wp:attachment":[{"href":"https:\/\/roveyayinevi.com.tr\/index.php\/wp-json\/wp\/v2\/media?parent=758704"}],"wp:term":[{"taxonomy":"product_brand","embeddable":true,"href":"https:\/\/roveyayinevi.com.tr\/index.php\/wp-json\/wp\/v2\/product_brand?post=758704"},{"taxonomy":"product_cat","embeddable":true,"href":"https:\/\/roveyayinevi.com.tr\/index.php\/wp-json\/wp\/v2\/product_cat?post=758704"},{"taxonomy":"product_tag","embeddable":true,"href":"https:\/\/roveyayinevi.com.tr\/index.php\/wp-json\/wp\/v2\/product_tag?post=758704"}],"curies":[{"name":"wp","href":"https:\/\/api.w.org\/{rel}","templated":true}]}}