{"id":758703,"date":"2025-08-28T08:12:45","date_gmt":"2025-08-28T05:12:45","guid":{"rendered":"https:\/\/roveyayinevi.com.tr\/index.php\/urun\/orchestrator-role-of-third-party\/"},"modified":"2026-04-16T03:11:45","modified_gmt":"2026-04-16T00:11:45","slug":"orchestrator-role-of-third-party","status":"publish","type":"product","link":"https:\/\/roveyayinevi.com.tr\/index.php\/urun\/orchestrator-role-of-third-party\/","title":{"rendered":"Orchestrator Role of Third Party"},"content":{"rendered":"<p>Son y\u0131llarda uluslararas\u0131 ticaretin artmas\u0131yla daha da karma\u015f\u0131kla\u015fan lojistik faaliyetler, tedarik zincirinde i\u015f birli\u011finin \u00f6nemini ortaya koymu\u015ftur. Zincire kat\u0131lan t\u00fcm halkalar\u0131n, ba\u015fta tedarik\u00e7iler, \u00fcreticiler ve lojistik hizmet verenler olmak \u00fczere, birbirleriyle ortak hedefler do\u011frultusunda, kazan-kazan felsefesini ilke edinerek, koordineli ve etkin bir ileti\u015fimle \u015feffaf bir ili\u015fki i\u00e7erisinde olma gereklilikleri ba\u015far\u0131ya ula\u015fma ve s\u00fcreklili\u011fi koruma ad\u0131na g\u00fcn ge\u00e7tik\u00e7e art- maktad\u0131r. Ancak ne yaz\u0131k ki, genele bak\u0131ld\u0131\u011f\u0131nda hala \u00fc\u00e7\u00fcnc\u00fc parti lojistik hizmet sa\u011flay\u0131c\u0131lar\u0131n tedarik zincirinin do\u011fal bir \u00f6\u011fesi olarak kabul edilmedi\u011fini g\u00f6r\u00fcyoruz. Oysaki, T\u00fcrkiye&#8217;de lojistik i\u015fletmelerinin son y\u0131llarda edindikleri deneyimleri, sunduklar\u0131 hizmet \u00e7e\u015fitlili\u011fi, g\u00f6stermi\u015f olduklar\u0131 performans ve b\u00fcy\u00fcme stratejileri g\u00f6z \u00f6n\u00fcne al\u0131n\u0131rsa tedarik zincirinde art\u0131k geli\u015fmi\u015f bir rol edindiklerini s\u00f6yleyebiliriz. Bu olumlu de\u011fi\u015fim sonucunda lojistik\u00e7ilerin tedarik zincirinde i\u015f birli\u011fine daha fazla dahil edilmeleri ger\u00e7e\u011finin alt\u0131n\u0131 \u00e7izmek gerekir.   T\u00fcrkiye b\u00fcy\u00fcyen bir pazar. Sahip oldu\u011fu stratejik konum ve nitelikli i\u015fg\u00fcc\u00fc nedeniyle kom\u015fu \u00fclkelerle kar\u015f\u0131la\u015ft\u0131r\u0131ld\u0131\u011f\u0131nda lojistik merkez olmaya olduk\u00e7a m\u00fcsait bir aday. T\u00fcrkiye&#8217;de lojistik alan\u0131nda faaliyet g\u00f6steren i\u015fletmeler bu ger\u00e7ekli\u011fin fark\u0131nda ve tedarik zincirinde g\u00f6rev alan her bir halka ile kucakla\u015fmaya haz\u0131r. Bu nedenle tedarik zincirinin temel taraflar\u0131 olarak g\u00f6r\u00fclen tedarik\u00e7iler ve \u00fcreticilerin yan\u0131 s\u0131ra art\u0131k lojistik hizmet verenlerin de zincire \u00e7ok \u00f6nemli katk\u0131lar sa\u011flad\u0131\u011f\u0131n\u0131 ve de\u011fer kazand\u0131rd\u0131\u011f\u0131n\u0131 anlamak ve mevcut d\u00fczende i\u015f birli\u011fine dahil etmek gerekir.   \u0130\u015fte bu nedenle, tedarik zincirinde i\u015f birli\u011finde \u00fc\u00e7\u00fcnc\u00fc parti lojistik hizmet sa\u011flayanlar\u0131n \u00f6nemini vurgulamak ve sekt\u00f6r\u00fcm\u00fczde ya\u015fanan s\u0131k\u0131nt\u0131lara \u0131\u015f\u0131k tutmak amac\u0131yla, Y\u00f6netim ve Organizasyon B\u00f6l\u00fcm\u00fc Lojistik Program\u0131 hocam\u0131z Yard. Do\u00e7. Dr. Ezgi Uzel&#8217;in doktora tezinden olu\u015fan bu \u00e7al\u0131\u015fmay\u0131 Beykoz Lojistik Meslek Y\u00fcksekokulu olarak bu eserle yay\u0131nl\u0131yoruz. Bu eser sadece akademik bir \u00e7al\u0131\u015fma olarak yaz\u0131na katk\u0131 sa\u011flamakla kalm\u0131yor ayn\u0131 zamanda tedarik zinciri ve lojistik sekt\u00f6r\u00fcn\u00fcn uygulamac\u0131lar\u0131na da farkl\u0131 bak\u0131\u015f a\u00e7\u0131lar\u0131 sunuyor. <\/p>\n","protected":false},"excerpt":{"rendered":"<p>Son y\u0131llarda uluslararas\u0131 ticaretin artmas\u0131yla daha da karma\u015f\u0131kla\u015fan lojistik faaliyetler, tedarik zincirinde i\u015f birli\u011finin \u00f6nemini ortaya koymu\u015ftur. Zincire kat\u0131lan t\u00fcm halkalar\u0131n, ba\u015fta tedarik\u00e7iler, \u00fcreticiler ve lojistik<span class=\"excerpt-hellip\"> [\u2026]<\/span><\/p>\n","protected":false},"featured_media":0,"template":"","meta":{"_monsterinsights_skip_tracking":false,"_monsterinsights_sitenote_active":false,"_monsterinsights_sitenote_note":"","_monsterinsights_sitenote_category":0},"product_brand":[],"product_cat":[13043,14381],"product_tag":[],"class_list":{"0":"post-758703","1":"product","2":"type-product","3":"status-publish","5":"product_cat-ekonomi","6":"product_cat-isletme-muhasebe-maliye","7":"pa_cilt-ciltsiz","8":"pa_tur-kitap","9":"pa_yayinevi-beykoz-universitesi-yayinlari","10":"pa_yazar-ezgi-uzel","12":"first","13":"instock","14":"sale","15":"shipping-taxable","16":"purchasable","17":"product-type-simple"},"_links":{"self":[{"href":"https:\/\/roveyayinevi.com.tr\/index.php\/wp-json\/wp\/v2\/product\/758703","targetHints":{"allow":["GET"]}}],"collection":[{"href":"https:\/\/roveyayinevi.com.tr\/index.php\/wp-json\/wp\/v2\/product"}],"about":[{"href":"https:\/\/roveyayinevi.com.tr\/index.php\/wp-json\/wp\/v2\/types\/product"}],"wp:attachment":[{"href":"https:\/\/roveyayinevi.com.tr\/index.php\/wp-json\/wp\/v2\/media?parent=758703"}],"wp:term":[{"taxonomy":"product_brand","embeddable":true,"href":"https:\/\/roveyayinevi.com.tr\/index.php\/wp-json\/wp\/v2\/product_brand?post=758703"},{"taxonomy":"product_cat","embeddable":true,"href":"https:\/\/roveyayinevi.com.tr\/index.php\/wp-json\/wp\/v2\/product_cat?post=758703"},{"taxonomy":"product_tag","embeddable":true,"href":"https:\/\/roveyayinevi.com.tr\/index.php\/wp-json\/wp\/v2\/product_tag?post=758703"}],"curies":[{"name":"wp","href":"https:\/\/api.w.org\/{rel}","templated":true}]}}