{"id":758702,"date":"2025-08-28T08:12:43","date_gmt":"2025-08-28T05:12:43","guid":{"rendered":"https:\/\/roveyayinevi.com.tr\/index.php\/urun\/medrese-nedir\/"},"modified":"2026-04-16T03:11:44","modified_gmt":"2026-04-16T00:11:44","slug":"medrese-nedir","status":"publish","type":"product","link":"https:\/\/roveyayinevi.com.tr\/index.php\/urun\/medrese-nedir\/","title":{"rendered":"Medrese Nedir?"},"content":{"rendered":"<p>G\u00fcn\u00fcm\u00fcz\u00fcn \u00f6nde gelen \u0130slam d\u00fc\u015f\u00fcncesi uzmanlar\u0131ndan biri olan Ebrahim Moosa, bu kitapla, \u0130slam d\u00fcnyas\u0131n\u0131n en temel m\u00fcesseselerinden biri olan medreseleri anlamak isteyen herkes i\u00e7in vazge\u00e7ilmez bir kaynak sa\u011fl\u0131yor. Akademik ya\u015fam\u0131n\u0131 ABD\u2019nin Notre Dame \u00dcniversitesi\u2019nde s\u00fcrd\u00fcren Moosa, medreseleri anlamak ad\u0131na bilhassa Hindistan-Pakistan alt-k\u0131tas\u0131nda lise sonras\u0131nda hizmet veren dini \u00f6\u011fretim kurumlar\u0131na odaklan\u0131yor. Yazar kitap boyunca 11 Eyl\u00fcl sald\u0131r\u0131lar\u0131 sonras\u0131nda Bat\u0131 d\u00fcnyas\u0131n\u0131n rahats\u0131zl\u0131k duydu\u011fu hem de \u0130slami bilginin nesilden nesle aktar\u0131lmas\u0131 dolay\u0131s\u0131yla kritik bir toplumsal g\u00f6rev \u00fcstlenen bu yap\u0131lar\u0131 ola\u011fan\u00fcst\u00fc detaylar e\u015fli\u011finde analiz edip okurlar\u0131 i\u00e7in gizemli olmaktan \u00e7\u0131kar\u0131yor.<\/p>\n","protected":false},"excerpt":{"rendered":"<p>G\u00fcn\u00fcm\u00fcz\u00fcn \u00f6nde gelen \u0130slam d\u00fc\u015f\u00fcncesi uzmanlar\u0131ndan biri olan Ebrahim Moosa, bu kitapla, \u0130slam d\u00fcnyas\u0131n\u0131n en temel m\u00fcesseselerinden biri olan medreseleri anlamak isteyen herkes i\u00e7in vazge\u00e7ilmez bir<span class=\"excerpt-hellip\"> [\u2026]<\/span><\/p>\n","protected":false},"featured_media":0,"template":"","meta":{"_monsterinsights_skip_tracking":false,"_monsterinsights_sitenote_active":false,"_monsterinsights_sitenote_note":"","_monsterinsights_sitenote_category":0},"product_brand":[],"product_cat":[12718,12719],"product_tag":[],"class_list":{"0":"post-758702","1":"product","2":"type-product","3":"status-publish","5":"product_cat-din","6":"product_cat-islam","7":"pa_cilt-ciltsiz","8":"pa_tur-kitap","9":"pa_yayinevi-istanbul-sabahattin-zaim-universitesi","10":"pa_yazar-ebrahim-moosa","12":"first","13":"instock","14":"sale","15":"shipping-taxable","16":"purchasable","17":"product-type-simple"},"_links":{"self":[{"href":"https:\/\/roveyayinevi.com.tr\/index.php\/wp-json\/wp\/v2\/product\/758702","targetHints":{"allow":["GET"]}}],"collection":[{"href":"https:\/\/roveyayinevi.com.tr\/index.php\/wp-json\/wp\/v2\/product"}],"about":[{"href":"https:\/\/roveyayinevi.com.tr\/index.php\/wp-json\/wp\/v2\/types\/product"}],"wp:attachment":[{"href":"https:\/\/roveyayinevi.com.tr\/index.php\/wp-json\/wp\/v2\/media?parent=758702"}],"wp:term":[{"taxonomy":"product_brand","embeddable":true,"href":"https:\/\/roveyayinevi.com.tr\/index.php\/wp-json\/wp\/v2\/product_brand?post=758702"},{"taxonomy":"product_cat","embeddable":true,"href":"https:\/\/roveyayinevi.com.tr\/index.php\/wp-json\/wp\/v2\/product_cat?post=758702"},{"taxonomy":"product_tag","embeddable":true,"href":"https:\/\/roveyayinevi.com.tr\/index.php\/wp-json\/wp\/v2\/product_tag?post=758702"}],"curies":[{"name":"wp","href":"https:\/\/api.w.org\/{rel}","templated":true}]}}