{"id":758701,"date":"2025-08-28T08:12:42","date_gmt":"2025-08-28T05:12:42","guid":{"rendered":"https:\/\/roveyayinevi.com.tr\/index.php\/urun\/helal-gida-el-kitabi-halal-food-handbook\/"},"modified":"2026-04-16T03:11:44","modified_gmt":"2026-04-16T00:11:44","slug":"helal-gida-el-kitabi-halal-food-handbook","status":"publish","type":"product","link":"https:\/\/roveyayinevi.com.tr\/index.php\/urun\/helal-gida-el-kitabi-halal-food-handbook\/","title":{"rendered":"Helal G\u0131da El Kitab\u0131 ( Halal Food Handbook)"},"content":{"rendered":"<p>Yurtd\u0131\u015f\u0131nda \u00f6zellikle gayrim\u00fcslim \u00fclkelerde helal g\u0131da eri\u015fimine kar\u015f\u0131 ya\u015fad\u0131\u011f\u0131m\u0131z sorunlar herkes taraf\u0131ndan bilinmektedir. Bu sorunlardan hareketle yurtd\u0131\u015f\u0131 seyahati yapan ya da yurtd\u0131\u015f\u0131nda ya\u015fayan ve helal g\u0131da hassasiyeti olan b\u00fct\u00fcn insanlara y\u00f6nelik bir rehber olu\u015fturmak i\u00e7in Helal G\u0131da El Kitab\u0131 haz\u0131rlanm\u0131\u015ft\u0131r.\u0130slam dininin belirledi\u011fi helal g\u0131da kurallar\u0131na uygun bilgilerin, kitap i\u00e7erisinde T\u00fcrk\u00e7e, \u0130ngilizce, Frans\u0131zca, \u0130spanyolca ve Rus\u00e7a gibi farkl\u0131 dillere \u00e7evirileri yap\u0131larak helal g\u0131dan\u0131n daha iyi anla\u015f\u0131lmas\u0131 ve kar\u015f\u0131 tarafa daha iyi anlat\u0131lmas\u0131 hedeflenmi\u015ftir.Bunun yan\u0131nda T\u00fcrkiye i\u00e7erisinde de helal sertifikal\u0131 g\u0131da \u00fcretimi yapan firmalar\u0131n say\u0131s\u0131n\u0131n art\u0131r\u0131lmas\u0131 ve vatanda\u015flar\u0131m\u0131zda da helal g\u0131da konusunda bir fark\u0131ndal\u0131k olu\u015fturulmas\u0131 da ama\u00e7lanm\u0131\u015ft\u0131r.Helal G\u0131daya Eri\u015fim, Herkesin \u0130nsanl\u0131k Hakk\u0131d\u0131r.L\u00fctfen Helal G\u0131da Sertifikal\u0131 \u00fcr\u00fcnleri talep ediniz!!!Do\u00e7. Dr. Aydo\u011fan SOYG\u00dcDENProf. Dr. Hasan YET\u0130M<\/p>\n","protected":false},"excerpt":{"rendered":"<p>Yurtd\u0131\u015f\u0131nda \u00f6zellikle gayrim\u00fcslim \u00fclkelerde helal g\u0131da eri\u015fimine kar\u015f\u0131 ya\u015fad\u0131\u011f\u0131m\u0131z sorunlar herkes taraf\u0131ndan bilinmektedir. Bu sorunlardan hareketle yurtd\u0131\u015f\u0131 seyahati yapan ya da yurtd\u0131\u015f\u0131nda ya\u015fayan ve helal g\u0131da<span class=\"excerpt-hellip\"> [\u2026]<\/span><\/p>\n","protected":false},"featured_media":0,"template":"","meta":{"_monsterinsights_skip_tracking":false,"_monsterinsights_sitenote_active":false,"_monsterinsights_sitenote_note":"","_monsterinsights_sitenote_category":0},"product_brand":[],"product_cat":[12718],"product_tag":[],"class_list":{"0":"post-758701","1":"product","2":"type-product","3":"status-publish","5":"product_cat-din","6":"pa_cilt-ciltsiz","7":"pa_tur-kitap","8":"pa_yayinevi-istanbul-sabahattin-zaim-universitesi","9":"pa_yazar-aydogan-soyguden-hasan-yetim","11":"first","12":"instock","13":"sale","14":"shipping-taxable","15":"purchasable","16":"product-type-simple"},"_links":{"self":[{"href":"https:\/\/roveyayinevi.com.tr\/index.php\/wp-json\/wp\/v2\/product\/758701","targetHints":{"allow":["GET"]}}],"collection":[{"href":"https:\/\/roveyayinevi.com.tr\/index.php\/wp-json\/wp\/v2\/product"}],"about":[{"href":"https:\/\/roveyayinevi.com.tr\/index.php\/wp-json\/wp\/v2\/types\/product"}],"wp:attachment":[{"href":"https:\/\/roveyayinevi.com.tr\/index.php\/wp-json\/wp\/v2\/media?parent=758701"}],"wp:term":[{"taxonomy":"product_brand","embeddable":true,"href":"https:\/\/roveyayinevi.com.tr\/index.php\/wp-json\/wp\/v2\/product_brand?post=758701"},{"taxonomy":"product_cat","embeddable":true,"href":"https:\/\/roveyayinevi.com.tr\/index.php\/wp-json\/wp\/v2\/product_cat?post=758701"},{"taxonomy":"product_tag","embeddable":true,"href":"https:\/\/roveyayinevi.com.tr\/index.php\/wp-json\/wp\/v2\/product_tag?post=758701"}],"curies":[{"name":"wp","href":"https:\/\/api.w.org\/{rel}","templated":true}]}}