{"id":758695,"date":"2025-08-28T08:12:35","date_gmt":"2025-08-28T05:12:35","guid":{"rendered":"https:\/\/roveyayinevi.com.tr\/index.php\/urun\/islam-iktisadi-dusunce-tarihi-2-cilt-takim-ciltli\/"},"modified":"2026-04-16T03:11:44","modified_gmt":"2026-04-16T00:11:44","slug":"islam-iktisadi-dusunce-tarihi-2-cilt-takim-ciltli","status":"publish","type":"product","link":"https:\/\/roveyayinevi.com.tr\/index.php\/urun\/islam-iktisadi-dusunce-tarihi-2-cilt-takim-ciltli\/","title":{"rendered":"\u0130slam \u0130ktisadi D\u00fc\u015f\u00fcnce Tarihi (2 Cilt Tak\u0131m) Ciltli"},"content":{"rendered":"<p>Ya\u015fad\u0131\u011f\u0131m\u0131z \u00e7a\u011f\u0131n hakim olan Ortodoks iktisat anlay\u0131\u015f\u0131ndaki iktisadi d\u00fc\u015f\u00fcnce literat\u00fcr\u00fcnde on be\u015f as\u0131rl\u0131k \u0130slam d\u00fcnyas\u0131n\u0131n alim ve m\u00fctefekkirlerinin birikiminin yok varsay\u0131ld\u0131\u011f\u0131n\u0131 s\u00f6ylemek abart\u0131 olmaz. Bu konudaki bak\u0131\u015f a\u00e7\u0131s\u0131 sadece iktisadi d\u00fc\u015f\u00fcnceyle de s\u0131n\u0131rl\u0131 de\u011fildir. Bu meseleyi \u00f6nemseyip ciddiye alan herhangi bir ki\u015fi benzer durumun sosyal bilimlerin di\u011fer alanlar\u0131 i\u00e7in de ge\u00e7erli oldu\u011funu kolayl\u0131kla fark edebilir. Acaba bu do\u011fru, tutarl\u0131 ve kabul edilebilir bir yakla\u015f\u0131m m\u0131d\u0131r? Bu yakla\u015f\u0131m\u0131n temeli nereye dayanmaktad\u0131r? En az\u0131ndan bat\u0131 d\u0131\u015f\u0131ndaki co\u011frafyalarda omuzlar\u0131 \u00fczerinde sorumlu bir ba\u015f ta\u015f\u0131yan her sosyal bilimcinin sorgulamas\u0131 gereken bir yakla\u015f\u0131m de\u011fil midir? Bu gibi sorular\u0131n sorulmas\u0131nda ge\u00e7 kalman\u0131n temel nedenleri nelerdir? Bu sorular\u0131n hem niteli\u011fi hem niceli\u011fi artt\u0131r\u0131labilir. Mesele ger\u00e7ekten \u00f6nemlidir. O zaman ba\u015fta \u0130slam d\u00fcnyas\u0131ndakiler olmak \u00fczere Bat\u0131 d\u0131\u015f\u0131ndaki co\u011frafyalarda ya\u015fayan sosyal bilimciler olmak \u00fczere sorumluluk sahibi her d\u00fc\u015f\u00fcnen beyin bir \u00f6zele\u015ftiri yaparak kadim medeniyet havzalar\u0131ndaki insanl\u0131k miras\u0131n\u0131n g\u00fcn\u00fcm\u00fczde ya\u015fayan nesillere do\u011fru ve tutarl\u0131 bir b\u00fct\u00fcnl\u00fck i\u00e7inde ortaya \u00e7\u0131kar\u0131lmas\u0131 i\u00e7in yola koyulmal\u0131 ve gayretini art\u0131rmal\u0131d\u0131r. Bu kitap bu kayg\u0131larla ortaya \u00e7\u0131km\u0131\u015ft\u0131r ve \u0130slam d\u00fcnyas\u0131ndaki on be\u015f as\u0131rl\u0131k d\u00fc\u015f\u00fcnce miras\u0131n\u0131n iktisadi alandaki tezah\u00fcr\u00fcn\u00fc belli ba\u015fl\u0131 \u00f6nc\u00fc alim ve d\u00fc\u015f\u00fcn\u00fcrler \u00fczerinden yans\u0131tmay\u0131 hedeflemektedir.<\/p>\n","protected":false},"excerpt":{"rendered":"<p>Ya\u015fad\u0131\u011f\u0131m\u0131z \u00e7a\u011f\u0131n hakim olan Ortodoks iktisat anlay\u0131\u015f\u0131ndaki iktisadi d\u00fc\u015f\u00fcnce literat\u00fcr\u00fcnde on be\u015f as\u0131rl\u0131k \u0130slam d\u00fcnyas\u0131n\u0131n alim ve m\u00fctefekkirlerinin birikiminin yok varsay\u0131ld\u0131\u011f\u0131n\u0131 s\u00f6ylemek abart\u0131 olmaz. Bu konudaki<span class=\"excerpt-hellip\"> [\u2026]<\/span><\/p>\n","protected":false},"featured_media":0,"template":"","meta":{"_monsterinsights_skip_tracking":false,"_monsterinsights_sitenote_active":false,"_monsterinsights_sitenote_note":"","_monsterinsights_sitenote_category":0},"product_brand":[],"product_cat":[12718,12719],"product_tag":[],"class_list":{"0":"post-758695","1":"product","2":"type-product","3":"status-publish","5":"product_cat-din","6":"product_cat-islam","7":"pa_cilt-ciltli","8":"pa_tur-kitap","9":"pa_yayinevi-istanbul-sabahattin-zaim-universitesi","10":"pa_yazar-mehmet-bulut","12":"first","13":"instock","14":"sale","15":"shipping-taxable","16":"purchasable","17":"product-type-simple"},"_links":{"self":[{"href":"https:\/\/roveyayinevi.com.tr\/index.php\/wp-json\/wp\/v2\/product\/758695","targetHints":{"allow":["GET"]}}],"collection":[{"href":"https:\/\/roveyayinevi.com.tr\/index.php\/wp-json\/wp\/v2\/product"}],"about":[{"href":"https:\/\/roveyayinevi.com.tr\/index.php\/wp-json\/wp\/v2\/types\/product"}],"wp:attachment":[{"href":"https:\/\/roveyayinevi.com.tr\/index.php\/wp-json\/wp\/v2\/media?parent=758695"}],"wp:term":[{"taxonomy":"product_brand","embeddable":true,"href":"https:\/\/roveyayinevi.com.tr\/index.php\/wp-json\/wp\/v2\/product_brand?post=758695"},{"taxonomy":"product_cat","embeddable":true,"href":"https:\/\/roveyayinevi.com.tr\/index.php\/wp-json\/wp\/v2\/product_cat?post=758695"},{"taxonomy":"product_tag","embeddable":true,"href":"https:\/\/roveyayinevi.com.tr\/index.php\/wp-json\/wp\/v2\/product_tag?post=758695"}],"curies":[{"name":"wp","href":"https:\/\/api.w.org\/{rel}","templated":true}]}}