{"id":758694,"date":"2025-08-28T08:12:34","date_gmt":"2025-08-28T05:12:34","guid":{"rendered":"https:\/\/roveyayinevi.com.tr\/index.php\/urun\/epidemik-toplum\/"},"modified":"2026-04-16T03:11:44","modified_gmt":"2026-04-16T00:11:44","slug":"epidemik-toplum","status":"publish","type":"product","link":"https:\/\/roveyayinevi.com.tr\/index.php\/urun\/epidemik-toplum\/","title":{"rendered":"Epidemik Toplum"},"content":{"rendered":"<p>2019 y\u0131l\u0131n\u0131n sonunda \u00c7in&#8217;in Wuhan Eyaleti&#8217;nde ortaya \u00e7\u0131kan ve t\u00fcm d\u00fcnyaya h\u0131zl\u0131 bir \u015fekilde yay\u0131lan Covid-19 vir\u00fcs\u00fc k\u0131sa bir zamanda t\u00fcm insanlar\u0131 adeta e\u015fitledi ve e\u015fit bir hayata mecbur etti. Hi\u00e7 \u015f\u00fcphesiz k\u00fcreselle\u015fmede ve ileti\u015fimde gelinen a\u015faman\u0131n da etkisiyle daha \u00f6nceki salg\u0131nlarda t\u00fcm d\u00fcnyan\u0131n ayn\u0131 g\u00fcndeme bu d\u00fczeyde kilitlendi\u011fi ba\u015fka bir salg\u0131n hatta olay bu \u015fekilde belki de d\u00fcnya tarihinde ilk defa ya\u015fanmaktad\u0131r.D\u00fcnyan\u0131n bir \u00e7ok yerindeki gibi \u00fclkemizde de adeta her \u015fey yeniden g\u00f6zden ge\u00e7irildi ve \u015fekillendi. E\u011fitimden ticarete, turizmden siyasete kadar her alanla ilgili insanlar ve toplumlar bu s\u00fcre\u00e7ten etkilendi ve hala etkilenmeye devam ediyor. D\u00fcnya, \u00f6nceleri de \u00e7e\u015fitli salg\u0131n hastal\u0131klarla m\u00fccadele etmi\u015ftir. Bunlar\u0131 zamanla a\u015fm\u0131\u015ft\u0131r. Umuyoruz ki, k\u0131sa bir zaman sonra bunu da a\u015facakt\u0131r. \u201cArt\u0131k hi\u00e7bir \u015fey eskisi gibi olmayacak\u201d s\u00f6z\u00fc sanki bir ge\u00e7ekli\u011fe d\u00f6n\u00fc\u015ft\u00fc.Covid-19 s\u00fcreciyle birlikte sosyal alanda ortaya \u00e7\u0131kan ger\u00e7ekliklerin daha iyi anla\u015f\u0131lmas\u0131na \u00f6nemli katk\u0131lar sunaca\u011f\u0131na inand\u0131\u011f\u0131m\u0131z bu \u00e7al\u0131\u015fma ile aile ili\u015fkileri, izolasyon d\u00f6neminde nas\u0131l vakit ge\u00e7irildi\u011fi, bu s\u00fcrecin do\u011furaca\u011f\u0131 sosyal ve ekonomik problemleri toplumun nas\u0131l de\u011ferlendirdi\u011fi gibi konular ba\u015fta olmak \u00fczere g\u00fcndemde konu\u015fulan bir\u00e7ok konu kat\u0131l\u0131mc\u0131lara sorularak cevaplar al\u0131nd\u0131 ve T\u00fcrkiye&#8217;de verilere dayal\u0131 olarak konu analiz edildi.<\/p>\n","protected":false},"excerpt":{"rendered":"<p>2019 y\u0131l\u0131n\u0131n sonunda \u00c7in&#8217;in Wuhan Eyaleti&#8217;nde ortaya \u00e7\u0131kan ve t\u00fcm d\u00fcnyaya h\u0131zl\u0131 bir \u015fekilde yay\u0131lan Covid-19 vir\u00fcs\u00fc k\u0131sa bir zamanda t\u00fcm insanlar\u0131 adeta e\u015fitledi ve e\u015fit<span class=\"excerpt-hellip\"> [\u2026]<\/span><\/p>\n","protected":false},"featured_media":0,"template":"","meta":{"_monsterinsights_skip_tracking":false,"_monsterinsights_sitenote_active":false,"_monsterinsights_sitenote_note":"","_monsterinsights_sitenote_category":0},"product_brand":[],"product_cat":[13365],"product_tag":[],"class_list":{"0":"post-758694","1":"product","2":"type-product","3":"status-publish","5":"product_cat-saglik","6":"pa_cilt-ciltsiz","7":"pa_tur-kitap","8":"pa_yayinevi-istanbul-sabahattin-zaim-universitesi","9":"pa_yazar-kolektif","11":"first","12":"instock","13":"sale","14":"shipping-taxable","15":"purchasable","16":"product-type-simple"},"_links":{"self":[{"href":"https:\/\/roveyayinevi.com.tr\/index.php\/wp-json\/wp\/v2\/product\/758694","targetHints":{"allow":["GET"]}}],"collection":[{"href":"https:\/\/roveyayinevi.com.tr\/index.php\/wp-json\/wp\/v2\/product"}],"about":[{"href":"https:\/\/roveyayinevi.com.tr\/index.php\/wp-json\/wp\/v2\/types\/product"}],"wp:attachment":[{"href":"https:\/\/roveyayinevi.com.tr\/index.php\/wp-json\/wp\/v2\/media?parent=758694"}],"wp:term":[{"taxonomy":"product_brand","embeddable":true,"href":"https:\/\/roveyayinevi.com.tr\/index.php\/wp-json\/wp\/v2\/product_brand?post=758694"},{"taxonomy":"product_cat","embeddable":true,"href":"https:\/\/roveyayinevi.com.tr\/index.php\/wp-json\/wp\/v2\/product_cat?post=758694"},{"taxonomy":"product_tag","embeddable":true,"href":"https:\/\/roveyayinevi.com.tr\/index.php\/wp-json\/wp\/v2\/product_tag?post=758694"}],"curies":[{"name":"wp","href":"https:\/\/api.w.org\/{rel}","templated":true}]}}