{"id":758693,"date":"2025-08-28T08:12:32","date_gmt":"2025-08-28T05:12:32","guid":{"rendered":"https:\/\/roveyayinevi.com.tr\/index.php\/urun\/bilecik-golpazari-kirsal-mimari-mirasi\/"},"modified":"2026-04-16T03:11:44","modified_gmt":"2026-04-16T00:11:44","slug":"bilecik-golpazari-kirsal-mimari-mirasi","status":"publish","type":"product","link":"https:\/\/roveyayinevi.com.tr\/index.php\/urun\/bilecik-golpazari-kirsal-mimari-mirasi\/","title":{"rendered":"Bilecik G\u00f6lpazar\u0131 K\u0131rsal Mimari Miras\u0131"},"content":{"rendered":"<p>K\u0131rsal yerle\u015fim b\u00f6lgeleri bulunduklar\u0131 co\u011frafyadaki iklim \u015fartlar\u0131na g\u00f6re planlama gereklili\u011fini, yerel yap\u0131 malzemelerini kullanma gelene\u011fini, yerli halk\u0131n g\u00fcnl\u00fck ya\u015fam\u0131ndaki k\u00fclt\u00fcr\u00fcn\u00fc, sosyal ili\u015fkilerini ve al\u0131\u015fkanl\u0131klar\u0131n\u0131, yap\u0131 sahibinin ve ustas\u0131n\u0131n be\u011fenilerini, inan\u00e7lar\u0131n\u0131 ve ya\u015fam \u00f6nceliklerini birle\u015ftiren \u00e7ok zengin bir yap\u0131 \u00e7e\u015fitlili\u011fine sahiptir. K\u0131rsal alanlardaki yap\u0131lar kendi \u00f6zg\u00fcn kimli\u011fiyle var olmas\u0131yla birlikte; i\u00e7inde bulundu\u011fu \u00e7evre ve toplum ile b\u00fct\u00fcnle\u015fmekte ve ge\u00e7mi\u015fin izlerini ta\u015f\u0131yan yerle\u015fik k\u00fclt\u00fcr\u00fcn mimarl\u0131kla bulu\u015fmas\u0131yla k\u0131rsal dokunun en temel \u00f6\u011fesini olu\u015fturmaktad\u0131r.K\u0131rsal mimari miras, y\u00fczy\u0131llar boyunca deneyimlenmi\u015f ve ya\u015fam\u0131n i\u00e7inde \u015fekil bulmu\u015f olduk\u00e7a fazla bilgi birikimini g\u00fcn\u00fcm\u00fcze ta\u015f\u0131maktad\u0131r. Geleneksel yap\u0131larda g\u00f6rd\u00fc\u011f\u00fcm\u00fcz bir\u00e7ok \u00e7\u00f6z\u00fcm\u00fcn bug\u00fcn \u00e7a\u011fda\u015f olarak nitelendirdi\u011fimiz yap\u0131larda bulunmamas\u0131n\u0131n sebeplerinden biri ise end\u00fcstri devriminden sonra mimarl\u0131k alan\u0131nda ya\u015fanan h\u0131zl\u0131 geli\u015fmedir. Y\u00fczy\u0131llarca s\u00fcre gelen bu bilgi birikimini, g\u00fcn\u00fcm\u00fczde her bilimsel alanda oldu\u011fu gibi mimarl\u0131k alan\u0131nda da yeniden ke\u015ffetmeye ve tan\u0131mlamaya \u00e7al\u0131\u015fmaktay\u0131z.Bu \u00e7al\u0131\u015fmaya konu olan Bilecik ilinin G\u00f6lpazar\u0131 il\u00e7esi tarih \u00f6ncesi devirlerden itibaren bir yerle\u015fim yeri olmu\u015ftur ve bu d\u00f6nemlere ili\u015fkin H\u00f6y\u00fckler il\u00e7ede h\u00e2l\u00e2 mevcuttur. Osmanl\u0131 Beyli\u011fi\u2019nin kuruldu\u011fu S\u00f6\u011f\u00fct il\u00e7esine de yak\u0131n olan il\u00e7e bu d\u00f6nemde \u00abG\u00f6l\u00bb ad\u0131 ile an\u0131lm\u0131\u015f ve b\u00f6lge i\u00e7in \u00f6nemli bir pazar yeri olmu\u015ftur; ayr\u0131ca \u0130pekyolu ticaret aks\u0131nda da bir u\u011frak yeri haline gelmi\u015ftir. Osmanl\u0131 Devleti\u2019nin kurulmas\u0131 ve merkezinin \u0130stanbul\u2019a ta\u015f\u0131nmas\u0131, \u0130pekyolu ticaret aks\u0131n\u0131n da Anadolu\u2019da y\u00f6n de\u011fi\u015ftirmesi ile pazar yeri \u00f6nemini kaybetmi\u015f; ancak il\u00e7e G\u00f6lpazar\u0131 ad\u0131yla an\u0131lmaya devam etmi\u015ftir.<\/p>\n","protected":false},"excerpt":{"rendered":"<p>K\u0131rsal yerle\u015fim b\u00f6lgeleri bulunduklar\u0131 co\u011frafyadaki iklim \u015fartlar\u0131na g\u00f6re planlama gereklili\u011fini, yerel yap\u0131 malzemelerini kullanma gelene\u011fini, yerli halk\u0131n g\u00fcnl\u00fck ya\u015fam\u0131ndaki k\u00fclt\u00fcr\u00fcn\u00fc, sosyal ili\u015fkilerini ve al\u0131\u015fkanl\u0131klar\u0131n\u0131, yap\u0131 sahibinin<span class=\"excerpt-hellip\"> [\u2026]<\/span><\/p>\n","protected":false},"featured_media":0,"template":"","meta":{"_monsterinsights_skip_tracking":false,"_monsterinsights_sitenote_active":false,"_monsterinsights_sitenote_note":"","_monsterinsights_sitenote_category":0},"product_brand":[],"product_cat":[13512,12408],"product_tag":[],"class_list":{"0":"post-758693","1":"product","2":"type-product","3":"status-publish","5":"product_cat-mimarlik","6":"product_cat-sanat","7":"pa_cilt-ciltsiz","8":"pa_tur-kitap","9":"pa_yayinevi-istanbul-sabahattin-zaim-universitesi","10":"pa_yazar-gulcin-kahraman-umit-arpacioglu","12":"first","13":"instock","14":"sale","15":"shipping-taxable","16":"purchasable","17":"product-type-simple"},"_links":{"self":[{"href":"https:\/\/roveyayinevi.com.tr\/index.php\/wp-json\/wp\/v2\/product\/758693","targetHints":{"allow":["GET"]}}],"collection":[{"href":"https:\/\/roveyayinevi.com.tr\/index.php\/wp-json\/wp\/v2\/product"}],"about":[{"href":"https:\/\/roveyayinevi.com.tr\/index.php\/wp-json\/wp\/v2\/types\/product"}],"wp:attachment":[{"href":"https:\/\/roveyayinevi.com.tr\/index.php\/wp-json\/wp\/v2\/media?parent=758693"}],"wp:term":[{"taxonomy":"product_brand","embeddable":true,"href":"https:\/\/roveyayinevi.com.tr\/index.php\/wp-json\/wp\/v2\/product_brand?post=758693"},{"taxonomy":"product_cat","embeddable":true,"href":"https:\/\/roveyayinevi.com.tr\/index.php\/wp-json\/wp\/v2\/product_cat?post=758693"},{"taxonomy":"product_tag","embeddable":true,"href":"https:\/\/roveyayinevi.com.tr\/index.php\/wp-json\/wp\/v2\/product_tag?post=758693"}],"curies":[{"name":"wp","href":"https:\/\/api.w.org\/{rel}","templated":true}]}}