{"id":758692,"date":"2025-08-28T08:12:31","date_gmt":"2025-08-28T05:12:31","guid":{"rendered":"https:\/\/roveyayinevi.com.tr\/index.php\/urun\/avrupada-islam-politikalari\/"},"modified":"2026-04-12T03:15:47","modified_gmt":"2026-04-12T00:15:47","slug":"avrupada-islam-politikalari","status":"publish","type":"product","link":"https:\/\/roveyayinevi.com.tr\/index.php\/urun\/avrupada-islam-politikalari\/","title":{"rendered":"Avrupa\u2019da \u0130slam Politikalar\u0131"},"content":{"rendered":"<p>Avrupa geneline bakt\u0131\u011f\u0131m\u0131zda \u0130slam\u2019\u0131n kurumsal temsili her \u00fclkede farkl\u0131 \u015fartlarda ve farkl\u0131 bi\u00e7imlerde \u015fekillenmektedir. Bu \u015fekillenmede tarih, k\u00fclt\u00fcr, siyaset ve konjonkt\u00fcr kadar kurumsal d\u00fczenlemeler, M\u00fcsl\u00fcmanlar\u0131n tutumlar\u0131 ve kendi aralar\u0131ndaki ili\u015fkiler de etkili olmaktad\u0131r.Eser, yedi Avrupa \u00fclkesinde \u0130slam\u2019\u0131n kurumsal temsil sorununu ve bu sorunu \u00e7\u00f6zmek \u00fczere geli\u015ftirilen \u0130slam politikalar\u0131n\u0131 ele almaktad\u0131r. Her \u00fclkeyi inceleyen yazar hem ilgili \u00fclkedeki M\u00fcsl\u00fcmanlar\u0131n yap\u0131s\u0131 ve bile\u015fimi hem de \u00fclkenin politik s\u00fcre\u00e7leri hakk\u0131nda bilgiler vererek konuyu etrafl\u0131ca ele almaktad\u0131r. Bu \u00fclkeler grubunun be\u015fini; Almanya, Avusturya, Fransa, Bel\u00e7ika ve Hollanda olmak \u00fczere Bat\u0131 Avrupa \u00fclkesi, ikisini ise (\u0130sve\u00e7 ve Danimarka) Kuzey Avrupa \u00fclkesi olu\u015fturmaktad\u0131r.Her bir \u00fclkeyi, bu \u00fclkelerde bulunmu\u015f ve yak\u0131ndan tan\u0131yan uzman ki\u015filer yazm\u0131\u015ft\u0131r.<\/p>\n","protected":false},"excerpt":{"rendered":"<p>Avrupa geneline bakt\u0131\u011f\u0131m\u0131zda \u0130slam\u2019\u0131n kurumsal temsili her \u00fclkede farkl\u0131 \u015fartlarda ve farkl\u0131 bi\u00e7imlerde \u015fekillenmektedir. Bu \u015fekillenmede tarih, k\u00fclt\u00fcr, siyaset ve konjonkt\u00fcr kadar kurumsal d\u00fczenlemeler, M\u00fcsl\u00fcmanlar\u0131n tutumlar\u0131<span class=\"excerpt-hellip\"> [\u2026]<\/span><\/p>\n","protected":false},"featured_media":0,"template":"","meta":{"_monsterinsights_skip_tracking":false,"_monsterinsights_sitenote_active":false,"_monsterinsights_sitenote_note":"","_monsterinsights_sitenote_category":0},"product_brand":[],"product_cat":[20085,12337],"product_tag":[],"class_list":{"0":"post-758692","1":"product","2":"type-product","3":"status-publish","5":"product_cat-islam-ortadogu","6":"product_cat-politika-siyaset","7":"pa_cilt-ciltsiz","8":"pa_tur-kitap","9":"pa_yayinevi-istanbul-sabahattin-zaim-universitesi","10":"pa_yazar-kadir-canatan","12":"first","13":"instock","14":"sale","15":"shipping-taxable","16":"purchasable","17":"product-type-simple"},"_links":{"self":[{"href":"https:\/\/roveyayinevi.com.tr\/index.php\/wp-json\/wp\/v2\/product\/758692","targetHints":{"allow":["GET"]}}],"collection":[{"href":"https:\/\/roveyayinevi.com.tr\/index.php\/wp-json\/wp\/v2\/product"}],"about":[{"href":"https:\/\/roveyayinevi.com.tr\/index.php\/wp-json\/wp\/v2\/types\/product"}],"wp:attachment":[{"href":"https:\/\/roveyayinevi.com.tr\/index.php\/wp-json\/wp\/v2\/media?parent=758692"}],"wp:term":[{"taxonomy":"product_brand","embeddable":true,"href":"https:\/\/roveyayinevi.com.tr\/index.php\/wp-json\/wp\/v2\/product_brand?post=758692"},{"taxonomy":"product_cat","embeddable":true,"href":"https:\/\/roveyayinevi.com.tr\/index.php\/wp-json\/wp\/v2\/product_cat?post=758692"},{"taxonomy":"product_tag","embeddable":true,"href":"https:\/\/roveyayinevi.com.tr\/index.php\/wp-json\/wp\/v2\/product_tag?post=758692"}],"curies":[{"name":"wp","href":"https:\/\/api.w.org\/{rel}","templated":true}]}}