{"id":758688,"date":"2025-08-28T08:12:27","date_gmt":"2025-08-28T05:12:27","guid":{"rendered":"https:\/\/roveyayinevi.com.tr\/index.php\/urun\/medeniyetler-guzergahi-ipek-yolu\/"},"modified":"2026-04-16T03:11:44","modified_gmt":"2026-04-16T00:11:44","slug":"medeniyetler-guzergahi-ipek-yolu","status":"publish","type":"product","link":"https:\/\/roveyayinevi.com.tr\/index.php\/urun\/medeniyetler-guzergahi-ipek-yolu\/","title":{"rendered":"Medeniyetler G\u00fczergah\u0131 \u0130pek Yolu"},"content":{"rendered":"<p>\u0130smini \u00c7inlilerin \u00fcretip kulland\u0131klar\u0131, ihracata konu ettikleri ve d\u00fcnyada ilgi uyand\u0131ran ipekten alan tarihi \u0130pek Yolu, y\u00fcz y\u0131llar boyunca Do\u011fu D\u00fcnyas\u0131 ile Orta Asya, G\u00fcney Asya, Bat\u0131 Asya (modern zamanlardaki Ortado\u011fu) Kuzey Afrika ve Akdeniz \u00fczerinden Avrupa&#8217;n\u0131n Atlantik k\u0131y\u0131lar\u0131na uzanan geni\u015f co\u011frafyada k\u00fclt\u00fcr, medeniyet, bar\u0131\u015f ve refah yolu olma i\u015flevini yerine getirmi\u015ftir. \u0130pekyolu, d\u00fcnyan\u0131n bu havzalar\u0131 aras\u0131nda mal, bilgi, teknoloji ve k\u00fclt\u00fcrel de\u011ferlerin ak\u0131\u015f\u0131n\u0131 sa\u011flam\u0131\u015f; bu yol \u00fczerinde mamur k\u00fclt\u00fcr ve ticaret merkezleri olan \u015fehirlerin kurulmas\u0131nda \u00f6nemli bir rol oynam\u0131\u015ft\u0131r. \u0130pek yolu \u00c7in&#8217;in do\u011fusundaki en u\u00e7 noktas\u0131ndan ba\u015flay\u0131p Ka\u015fgar, Semerkant, Buhara, Rey, Hamedan, Tebriz, Ba\u011fdat gibi \u00f6nemli medeniyet merkezlerinden ve Anadolu&#8217;nun \u00f6nemli ticaret ve k\u00fclt\u00fcr merkezleri olan \u015fehirlerinden ge\u00e7erek \u0130stanbul&#8217;da birle\u015fen ve oradan da Avrupa&#8217;n\u0131n Atlantik k\u0131y\u0131lar\u0131na ula\u015fan bu yol boyunca, y\u00fckleri ta\u015f\u0131yan kervanlar sadece ticaretin geli\u015fmesini de\u011fil, Asya ile Avrupa aras\u0131nda g\u00fcn\u00fcm\u00fczde de izleri g\u00f6r\u00fclen k\u00fclt\u00fcr al\u0131\u015fveri\u015fini de sa\u011flam\u0131\u015ft\u0131r. Avrupa&#8217;dan yola \u00e7\u0131kanlar Yahudili\u011fi, H\u0131ristiyanl\u0131\u011f\u0131, M\u00fcsl\u00fcmanl\u0131\u011f\u0131, \u015eamanizmi, Zerd\u00fc\u015ftl\u00fc\u011f\u00fc, k\u0131sacas\u0131 t\u00fcm inan\u00e7lar\u0131n izini s\u00fcrebilir. B\u00fcy\u00fck \u0130skender&#8217;in Avrupa&#8217;dan Asya&#8217;ya ta\u015f\u0131d\u0131klar\u0131 ve izledi\u011fi yollar, kurdu\u011fu \u015fehirler de ipek yolu g\u00fczergah\u0131ndad\u0131r. Hz. Yusuf (AS)&#8217;\u0131n at\u0131ld\u0131\u011f\u0131 kuyu, O&#8217;nu kuyudan \u00e7\u0131karan kervan ve toplulu\u011fun izi de ipek ve baharat yolu g\u00fczergah\u0131nda bulunabilir. \u0130pek yolunun baharat yoluyla kesi\u015fen g\u00fczergahlar\u0131 dikkate al\u0131nd\u0131\u011f\u0131nda karasal alandaki Asya, Afrika ve Avrupa k\u0131talar\u0131 aras\u0131ndaki bu uzun g\u00fczergahla birlikte B\u00fcy\u00fck Okyanus, Hint Okyanusu ve Atlas Okyanusunu birle\u015ftiren kadim yol olarak da de\u011ferlendirilebilir. Tarih boyunca karadan ve denizden izi s\u00fcr\u00fclen bu do\u011fu-bat\u0131 g\u00fczergah\u0131 2013 y\u0131l\u0131n\u0131n Ekim ay\u0131 sonunda tarih boyunca d\u00fcnyan\u0131n en \u00f6nemli medeniyetlerine ba\u015fkentlik yapm\u0131\u015f olan \u0130stanbul&#8217;da devreye giren Marmaray ile demiryolu ba\u011flant\u0131s\u0131n\u0131n en \u00f6nemli altyap\u0131s\u0131 ger\u00e7ekle\u015fmi\u015f bulunmaktad\u0131r. Bu kitapta \u0130pek Yolu&#8217;nun ilk \u00e7a\u011flarda deve kervanlar\u0131ndan ba\u015flayan ve ya\u015fad\u0131\u011f\u0131m\u0131z d\u00f6nemde Asya ile Avrupa k\u0131talar\u0131 aras\u0131nda sa\u011flanan demiryolu (tren) ba\u011flant\u0131s\u0131yla ta\u00e7lanan ser\u00fcveni de\u011fi\u015fik boyutlar\u0131 ile uzmanlar\u0131 taraf\u0131ndan de\u011ferlendirilmektedir.<\/p>\n","protected":false},"excerpt":{"rendered":"<p>\u0130smini \u00c7inlilerin \u00fcretip kulland\u0131klar\u0131, ihracata konu ettikleri ve d\u00fcnyada ilgi uyand\u0131ran ipekten alan tarihi \u0130pek Yolu, y\u00fcz y\u0131llar boyunca Do\u011fu D\u00fcnyas\u0131 ile Orta Asya, G\u00fcney Asya,<span class=\"excerpt-hellip\"> [\u2026]<\/span><\/p>\n","protected":false},"featured_media":0,"template":"","meta":{"_monsterinsights_skip_tracking":false,"_monsterinsights_sitenote_active":false,"_monsterinsights_sitenote_note":"","_monsterinsights_sitenote_category":0},"product_brand":[],"product_cat":[12305,12304],"product_tag":[],"class_list":{"0":"post-758688","1":"product","2":"type-product","3":"status-publish","5":"product_cat-dunya-tarihi","6":"product_cat-tarih","7":"pa_cilt-ciltsiz","8":"pa_tur-kitap","9":"pa_yayinevi-istanbul-sabahattin-zaim-universitesi","10":"pa_yazar-mehmet-bulut","12":"first","13":"instock","14":"sale","15":"shipping-taxable","16":"purchasable","17":"product-type-simple"},"_links":{"self":[{"href":"https:\/\/roveyayinevi.com.tr\/index.php\/wp-json\/wp\/v2\/product\/758688","targetHints":{"allow":["GET"]}}],"collection":[{"href":"https:\/\/roveyayinevi.com.tr\/index.php\/wp-json\/wp\/v2\/product"}],"about":[{"href":"https:\/\/roveyayinevi.com.tr\/index.php\/wp-json\/wp\/v2\/types\/product"}],"wp:attachment":[{"href":"https:\/\/roveyayinevi.com.tr\/index.php\/wp-json\/wp\/v2\/media?parent=758688"}],"wp:term":[{"taxonomy":"product_brand","embeddable":true,"href":"https:\/\/roveyayinevi.com.tr\/index.php\/wp-json\/wp\/v2\/product_brand?post=758688"},{"taxonomy":"product_cat","embeddable":true,"href":"https:\/\/roveyayinevi.com.tr\/index.php\/wp-json\/wp\/v2\/product_cat?post=758688"},{"taxonomy":"product_tag","embeddable":true,"href":"https:\/\/roveyayinevi.com.tr\/index.php\/wp-json\/wp\/v2\/product_tag?post=758688"}],"curies":[{"name":"wp","href":"https:\/\/api.w.org\/{rel}","templated":true}]}}