{"id":758687,"date":"2025-08-28T08:12:25","date_gmt":"2025-08-28T05:12:25","guid":{"rendered":"https:\/\/roveyayinevi.com.tr\/index.php\/urun\/islamda-bankacilik-ve-finansman\/"},"modified":"2026-04-16T03:11:44","modified_gmt":"2026-04-16T00:11:44","slug":"islamda-bankacilik-ve-finansman","status":"publish","type":"product","link":"https:\/\/roveyayinevi.com.tr\/index.php\/urun\/islamda-bankacilik-ve-finansman\/","title":{"rendered":"\u0130slam&#8217;da Bankac\u0131l\u0131k ve Finansman"},"content":{"rendered":"<p>Toplumsal temelli bir finansman hizmeti sunan ve faizsiz \u00e7al\u0131\u015fan bir kurum, bir \u015firket veya te\u015fekk\u00fcl\u00fcn yahut da bir bankan\u0131n nas\u0131l kurulabilece\u011fini kararla\u015ft\u0131rmak en b\u00fcy\u00fck g\u00fc\u00e7l\u00fck ve m\u00fcc\u00e2dele alan\u0131n\u0131 te\u015fkil ediyordu. \u00d6zellikle Rib\u00e2 (faiz) esas\u0131na dayal\u0131 olarak \u00e7al\u0131\u015fan bir d\u00fcnyada bu nas\u0131l m\u00fcmk\u00fcn olabilecekti&#8230; ve bu faiz temelli Bat\u0131l\u0131 Sistem&#8230; en az 600 y\u0131ll\u0131k bir ge\u00e7mi\u015fte pek geli\u015fmi\u015f ve kendi standartlar\u0131n\u0131, sistem ve mahsullerini ortaya \u00e7\u0131karm\u0131\u015f bulunuyordu.Modern uygulamal\u0131 bir \u0130slami bankac\u0131l\u0131k hareketi, 1960&#8217;l\u0131 y\u0131llar\u0131n ba\u015flar\u0131nda M\u0131s\u0131r&#8217;da Nil deltas\u0131ndaki m\u00fctevazi bir k\u00f6yde&#8230; Almanya&#8217;da \u00f6\u011frenimini tamamlam\u0131\u015f Dr. Ahmed en-Necc\u00e2r&#8230; taraf\u0131ndan ba\u015flat\u0131lm\u0131\u015ft\u0131r&#8230; Banka \u00e7al\u0131\u015fanlar\u0131n\u0131n \u0130slam Bankac\u0131l\u0131\u011f\u0131nda e\u011fitilip yeti\u015ftirilmelerinde Dr. Ahmed en-Necc\u00e2r&#8217;\u0131n b\u00fcy\u00fck yarar ve yard\u0131mlar\u0131 olmu\u015ftur&#8230;.\u0130\u015fte b\u00f6ylece 1987 y\u0131l\u0131nda (ABD&#8217;de) &#8220;American Finance House LARIBA\u201dy\u0131 ba\u015flatm\u0131\u015f olduk&#8230; Baz\u0131 kimselere &#8220;LARIBA&#8221; deyiminin, &#8220;Los Angeles Reliable Investment Bankers Associates&#8221;in bir k\u0131saltmas\u0131ndan ib\u00e2ret oldu\u011funu a\u00e7\u0131kl\u0131yorduk&#8230;<\/p>\n","protected":false},"excerpt":{"rendered":"<p>Toplumsal temelli bir finansman hizmeti sunan ve faizsiz \u00e7al\u0131\u015fan bir kurum, bir \u015firket veya te\u015fekk\u00fcl\u00fcn yahut da bir bankan\u0131n nas\u0131l kurulabilece\u011fini kararla\u015ft\u0131rmak en b\u00fcy\u00fck g\u00fc\u00e7l\u00fck ve<span class=\"excerpt-hellip\"> [\u2026]<\/span><\/p>\n","protected":false},"featured_media":0,"template":"","meta":{"_monsterinsights_skip_tracking":false,"_monsterinsights_sitenote_active":false,"_monsterinsights_sitenote_note":"","_monsterinsights_sitenote_category":0},"product_brand":[],"product_cat":[12718,12719],"product_tag":[],"class_list":{"0":"post-758687","1":"product","2":"type-product","3":"status-publish","5":"product_cat-din","6":"product_cat-islam","7":"pa_cilt-ciltsiz","8":"pa_tur-kitap","9":"pa_yayinevi-istanbul-sabahattin-zaim-universitesi","10":"pa_yazar-yahia-abdul-rahman","12":"first","13":"instock","14":"sale","15":"shipping-taxable","16":"purchasable","17":"product-type-simple"},"_links":{"self":[{"href":"https:\/\/roveyayinevi.com.tr\/index.php\/wp-json\/wp\/v2\/product\/758687","targetHints":{"allow":["GET"]}}],"collection":[{"href":"https:\/\/roveyayinevi.com.tr\/index.php\/wp-json\/wp\/v2\/product"}],"about":[{"href":"https:\/\/roveyayinevi.com.tr\/index.php\/wp-json\/wp\/v2\/types\/product"}],"wp:attachment":[{"href":"https:\/\/roveyayinevi.com.tr\/index.php\/wp-json\/wp\/v2\/media?parent=758687"}],"wp:term":[{"taxonomy":"product_brand","embeddable":true,"href":"https:\/\/roveyayinevi.com.tr\/index.php\/wp-json\/wp\/v2\/product_brand?post=758687"},{"taxonomy":"product_cat","embeddable":true,"href":"https:\/\/roveyayinevi.com.tr\/index.php\/wp-json\/wp\/v2\/product_cat?post=758687"},{"taxonomy":"product_tag","embeddable":true,"href":"https:\/\/roveyayinevi.com.tr\/index.php\/wp-json\/wp\/v2\/product_tag?post=758687"}],"curies":[{"name":"wp","href":"https:\/\/api.w.org\/{rel}","templated":true}]}}