{"id":758686,"date":"2025-08-28T08:12:24","date_gmt":"2025-08-28T05:12:24","guid":{"rendered":"https:\/\/roveyayinevi.com.tr\/index.php\/urun\/muhendislik-tasarim-ve-teknik-sunu-ilkeleri\/"},"modified":"2026-04-16T03:11:44","modified_gmt":"2026-04-16T00:11:44","slug":"muhendislik-tasarim-ve-teknik-sunu-ilkeleri","status":"publish","type":"product","link":"https:\/\/roveyayinevi.com.tr\/index.php\/urun\/muhendislik-tasarim-ve-teknik-sunu-ilkeleri\/","title":{"rendered":"M\u00fchendislik Tasar\u0131m ve Teknik Sunu \u0130lkeleri"},"content":{"rendered":"<p>M\u00fchendisler bilimsel bulgular\u0131 m\u00fchendislik tasar\u0131m\u0131 ile pratik kullan\u0131ma d\u00f6n\u00fc\u015ft\u00fcr\u00fcrler. Bu konuda yeni ba\u015flayanlara kaynak olabilecek ba\u015far\u0131l\u0131 m\u00fchendislerin ortaya \u00e7\u0131kard\u0131\u011f\u0131 baz\u0131 kurallar vard\u0131r. M\u00fchendislik e\u011fitimi s\u0131ras\u0131nda \u00f6\u011frencilerin ger\u00e7ek hayattaki m\u00fchendislik sorunlar\u0131n\u0131n \u00e7\u00f6z\u00fcm\u00fcne benzeyen bir tasar\u0131m projesini ger\u00e7ekle\u015ftirmeleri de zorunluluktur. Bu tip projelere kilit ta\u015f\u0131 (capstone) tasar\u0131m projeleri denir ve lisans e\u011fitiminin son y\u0131l\u0131nda yap\u0131l\u0131r. Dr. Karag\u00f6zo\u011flu 1987 y\u0131l\u0131nda Kral Abdulaziz \u00dcniversitesi, Elektrik ve Bilgisayar M\u00fchendisli\u011fi (EBM) B\u00f6l\u00fcm\u00fc bitirme \u00f6\u011frencilerini projelerine rehberlik etmek i\u00e7in \u201cM\u00fchendislik Tasar\u0131m Y\u00f6ntemleri Ve Teknik Tan\u0131t\u0131m \u0130lkeleri\u201d konulu ders\/seminer \u00e7al\u0131\u015fmalar\u0131 ba\u015flatt\u0131. Bu \u00e7al\u0131\u015fma s\u00fcrecinde gen\u00e7 m\u00fchendis adaylar\u0131na tasar\u0131m projelerinde yard\u0131mc\u0131 ve ger\u00e7ek uygulamalar\u0131nda da kendilerine kaynak olabilecek malzemeyi bir araya getirerek elinizdeki kitab\u0131 yazd\u0131. Her biri \u00f6rnekler ve al\u0131\u015ft\u0131rmalarla desteklenmi\u015f 12 b\u00f6l\u00fcmden meydana gelen bu kitapta verilen bilgiler \u00e7ok ama\u00e7l\u0131 olup t\u00fcm m\u00fchendislik dallar\u0131nda rehber olarak kullan\u0131labilir.<\/p>\n","protected":false},"excerpt":{"rendered":"<p>M\u00fchendisler bilimsel bulgular\u0131 m\u00fchendislik tasar\u0131m\u0131 ile pratik kullan\u0131ma d\u00f6n\u00fc\u015ft\u00fcr\u00fcrler. Bu konuda yeni ba\u015flayanlara kaynak olabilecek ba\u015far\u0131l\u0131 m\u00fchendislerin ortaya \u00e7\u0131kard\u0131\u011f\u0131 baz\u0131 kurallar vard\u0131r. M\u00fchendislik e\u011fitimi s\u0131ras\u0131nda \u00f6\u011frencilerin<span class=\"excerpt-hellip\"> [\u2026]<\/span><\/p>\n","protected":false},"featured_media":0,"template":"","meta":{"_monsterinsights_skip_tracking":false,"_monsterinsights_sitenote_active":false,"_monsterinsights_sitenote_note":"","_monsterinsights_sitenote_category":0},"product_brand":[],"product_cat":[13005],"product_tag":[],"class_list":{"0":"post-758686","1":"product","2":"type-product","3":"status-publish","5":"product_cat-bilim-muhendislik","6":"pa_cilt-ciltsiz","7":"pa_tur-kitap","8":"pa_yayinevi-istanbul-sabahattin-zaim-universitesi","9":"pa_yazar-bahattin-karagozoglu","11":"first","12":"instock","13":"sale","14":"shipping-taxable","15":"purchasable","16":"product-type-simple"},"_links":{"self":[{"href":"https:\/\/roveyayinevi.com.tr\/index.php\/wp-json\/wp\/v2\/product\/758686","targetHints":{"allow":["GET"]}}],"collection":[{"href":"https:\/\/roveyayinevi.com.tr\/index.php\/wp-json\/wp\/v2\/product"}],"about":[{"href":"https:\/\/roveyayinevi.com.tr\/index.php\/wp-json\/wp\/v2\/types\/product"}],"wp:attachment":[{"href":"https:\/\/roveyayinevi.com.tr\/index.php\/wp-json\/wp\/v2\/media?parent=758686"}],"wp:term":[{"taxonomy":"product_brand","embeddable":true,"href":"https:\/\/roveyayinevi.com.tr\/index.php\/wp-json\/wp\/v2\/product_brand?post=758686"},{"taxonomy":"product_cat","embeddable":true,"href":"https:\/\/roveyayinevi.com.tr\/index.php\/wp-json\/wp\/v2\/product_cat?post=758686"},{"taxonomy":"product_tag","embeddable":true,"href":"https:\/\/roveyayinevi.com.tr\/index.php\/wp-json\/wp\/v2\/product_tag?post=758686"}],"curies":[{"name":"wp","href":"https:\/\/api.w.org\/{rel}","templated":true}]}}