{"id":758683,"date":"2025-08-28T08:12:20","date_gmt":"2025-08-28T05:12:20","guid":{"rendered":"https:\/\/roveyayinevi.com.tr\/index.php\/urun\/diferansiyel-denklemler-ders-notu\/"},"modified":"2026-04-16T03:11:44","modified_gmt":"2026-04-16T00:11:44","slug":"diferansiyel-denklemler-ders-notu","status":"publish","type":"product","link":"https:\/\/roveyayinevi.com.tr\/index.php\/urun\/diferansiyel-denklemler-ders-notu\/","title":{"rendered":"Diferansiyel Denklemler Ders Notu"},"content":{"rendered":"<p>Bu kitap, ge\u00e7mi\u015f y\u0131llarda ve g\u00fcn\u00fcm\u00fczde, ba\u015fta GebzeTeknik \u00dcniversitesi, Okan \u00dcniversitesi, Gedik \u00dcniversitesi, \u0130stanbul K\u00fclt\u00fcr \u00dcniversitesi ve I\u015f\u0131k \u00dcniversitesi olmak \u00fczere bir\u00e7ok kurumda yararland\u0131\u011f\u0131m\u0131z ders notlar\u0131m\u0131z ve s\u0131nav sorular\u0131n\u0131n derlenmesinden olu\u015fmu\u015ftur. Kitab\u0131n \u00fcniversitelerimiz m\u00fchendislik ve fen fak\u00fclteleri \u00f6\u011frencilerine yararl\u0131 olaca\u011f\u0131n\u0131 umar, kitab\u0131n daha sonraki bask\u0131lar\u0131 i\u00e7in yap\u0131lacak uyar\u0131 ve \u00f6nerilere te\u015fekk\u00fcr\u00fc bir bor\u00e7 biliriz.<\/p>\n","protected":false},"excerpt":{"rendered":"<p>Bu kitap, ge\u00e7mi\u015f y\u0131llarda ve g\u00fcn\u00fcm\u00fczde, ba\u015fta GebzeTeknik \u00dcniversitesi, Okan \u00dcniversitesi, Gedik \u00dcniversitesi, \u0130stanbul K\u00fclt\u00fcr \u00dcniversitesi ve I\u015f\u0131k \u00dcniversitesi olmak \u00fczere bir\u00e7ok kurumda yararland\u0131\u011f\u0131m\u0131z ders notlar\u0131m\u0131z<span class=\"excerpt-hellip\"> [\u2026]<\/span><\/p>\n","protected":false},"featured_media":0,"template":"","meta":{"_monsterinsights_skip_tracking":false,"_monsterinsights_sitenote_active":false,"_monsterinsights_sitenote_note":"","_monsterinsights_sitenote_category":0},"product_brand":[],"product_cat":[12573,12566],"product_tag":[],"class_list":{"0":"post-758683","1":"product","2":"type-product","3":"status-publish","5":"product_cat-akademik-kitaplar","6":"product_cat-egitim","7":"pa_cilt-ciltsiz","8":"pa_tur-kitap","9":"pa_yayinevi-istanbul-okan-universitesi","10":"pa_yazar-alinur-buyukaksoy-gokhan-uzgoren","12":"first","13":"instock","14":"sale","15":"shipping-taxable","16":"purchasable","17":"product-type-simple"},"_links":{"self":[{"href":"https:\/\/roveyayinevi.com.tr\/index.php\/wp-json\/wp\/v2\/product\/758683","targetHints":{"allow":["GET"]}}],"collection":[{"href":"https:\/\/roveyayinevi.com.tr\/index.php\/wp-json\/wp\/v2\/product"}],"about":[{"href":"https:\/\/roveyayinevi.com.tr\/index.php\/wp-json\/wp\/v2\/types\/product"}],"wp:attachment":[{"href":"https:\/\/roveyayinevi.com.tr\/index.php\/wp-json\/wp\/v2\/media?parent=758683"}],"wp:term":[{"taxonomy":"product_brand","embeddable":true,"href":"https:\/\/roveyayinevi.com.tr\/index.php\/wp-json\/wp\/v2\/product_brand?post=758683"},{"taxonomy":"product_cat","embeddable":true,"href":"https:\/\/roveyayinevi.com.tr\/index.php\/wp-json\/wp\/v2\/product_cat?post=758683"},{"taxonomy":"product_tag","embeddable":true,"href":"https:\/\/roveyayinevi.com.tr\/index.php\/wp-json\/wp\/v2\/product_tag?post=758683"}],"curies":[{"name":"wp","href":"https:\/\/api.w.org\/{rel}","templated":true}]}}