{"id":758680,"date":"2025-08-28T08:12:15","date_gmt":"2025-08-28T05:12:15","guid":{"rendered":"https:\/\/roveyayinevi.com.tr\/index.php\/urun\/kok-degerler-baglaminda-tuti-name\/"},"modified":"2026-04-16T03:11:44","modified_gmt":"2026-04-16T00:11:44","slug":"kok-degerler-baglaminda-tuti-name","status":"publish","type":"product","link":"https:\/\/roveyayinevi.com.tr\/index.php\/urun\/kok-degerler-baglaminda-tuti-name\/","title":{"rendered":"K\u00f6k De\u011ferler Ba\u011flam\u0131nda T\u00fbt\u00ee-N\u00e2me"},"content":{"rendered":"<p>Masal ve hik\u00e2ye t\u00fcr\u00fcn\u00fcn sentezlendi\u011fi mensur bir halk \u00fcr\u00fcn\u00fc olan T\u00fbt\u00ee-n\u00e2me\u2019de yer alan k\u00f6k de\u011ferler (adalet, dostluk, d\u00fcr\u00fcstl\u00fck, \u00f6z denetim, sab\u0131r, sayg\u0131, sevgi, sorumluluk, vatanseverlik ve yard\u0131mseverlik) ile bu de\u011ferlere ba\u011fl\u0131 alt de\u011ferlerin tespiti, bunlar\u0131n okuyucuya nas\u0131l aktar\u0131ld\u0131\u011f\u0131n\u0131n incelenmesi, de\u011fer e\u011fitiminin etkili bir dil ve sosyal bir y\u00f6ntemle kazand\u0131r\u0131lmas\u0131nda T\u00fbt\u00ee-n\u00e2me\u2019nin bir materyal olarak kullan\u0131lmas\u0131n\u0131n uygunlu\u011funun ortaya konmas\u0131 bu \u00e7al\u0131\u015fman\u0131n temel amac\u0131d\u0131r.De\u011ferlerin edeb\u00ee eserler arac\u0131l\u0131\u011f\u0131yla nas\u0131l aktar\u0131ld\u0131\u011f\u0131n\u0131 tespit etmek amac\u0131yla haz\u0131rlanan bu \u00e7al\u0131\u015fman\u0131n T\u00fcrk\u00e7e alan\u0131na katk\u0131 sa\u011flayaca\u011f\u0131 d\u00fc\u015f\u00fcn\u00fclmektedir. \u00d6zellikle de\u011ferlerin hangi y\u00f6ntemlerle okuyucuya iletildi\u011finis g\u00f6stermesi bak\u0131m\u0131ndan bir bo\u015flu\u011fu dolduraca\u011f\u0131n\u0131 d\u00fc\u015f\u00fcnd\u00fc\u011f\u00fcm\u00fcz bu \u00e7al\u0131\u015fman\u0131n, alana yeni bir bak\u0131\u015f a\u00e7\u0131s\u0131 kazand\u0131raca\u011f\u0131n\u0131 \u00fcmit ediyoruz.<\/p>\n","protected":false},"excerpt":{"rendered":"<p>Masal ve hik\u00e2ye t\u00fcr\u00fcn\u00fcn sentezlendi\u011fi mensur bir halk \u00fcr\u00fcn\u00fc olan T\u00fbt\u00ee-n\u00e2me\u2019de yer alan k\u00f6k de\u011ferler (adalet, dostluk, d\u00fcr\u00fcstl\u00fck, \u00f6z denetim, sab\u0131r, sayg\u0131, sevgi, sorumluluk, vatanseverlik ve<span class=\"excerpt-hellip\"> [\u2026]<\/span><\/p>\n","protected":false},"featured_media":0,"template":"","meta":{"_monsterinsights_skip_tracking":false,"_monsterinsights_sitenote_active":false,"_monsterinsights_sitenote_note":"","_monsterinsights_sitenote_category":0},"product_brand":[],"product_cat":[13072,12291],"product_tag":[],"class_list":{"0":"post-758680","1":"product","2":"type-product","3":"status-publish","5":"product_cat-arastirma-inceleme-referans","6":"product_cat-edebiyat","7":"pa_cilt-ciltsiz","8":"pa_tur-kitap","9":"pa_yayinevi-ihlamur-akademi","10":"pa_yazar-hasan-kavruk-tuba-gul-kosar","12":"first","13":"instock","14":"sale","15":"shipping-taxable","16":"purchasable","17":"product-type-simple"},"_links":{"self":[{"href":"https:\/\/roveyayinevi.com.tr\/index.php\/wp-json\/wp\/v2\/product\/758680","targetHints":{"allow":["GET"]}}],"collection":[{"href":"https:\/\/roveyayinevi.com.tr\/index.php\/wp-json\/wp\/v2\/product"}],"about":[{"href":"https:\/\/roveyayinevi.com.tr\/index.php\/wp-json\/wp\/v2\/types\/product"}],"wp:attachment":[{"href":"https:\/\/roveyayinevi.com.tr\/index.php\/wp-json\/wp\/v2\/media?parent=758680"}],"wp:term":[{"taxonomy":"product_brand","embeddable":true,"href":"https:\/\/roveyayinevi.com.tr\/index.php\/wp-json\/wp\/v2\/product_brand?post=758680"},{"taxonomy":"product_cat","embeddable":true,"href":"https:\/\/roveyayinevi.com.tr\/index.php\/wp-json\/wp\/v2\/product_cat?post=758680"},{"taxonomy":"product_tag","embeddable":true,"href":"https:\/\/roveyayinevi.com.tr\/index.php\/wp-json\/wp\/v2\/product_tag?post=758680"}],"curies":[{"name":"wp","href":"https:\/\/api.w.org\/{rel}","templated":true}]}}