{"id":758679,"date":"2025-08-28T08:12:14","date_gmt":"2025-08-28T05:12:14","guid":{"rendered":"https:\/\/roveyayinevi.com.tr\/index.php\/urun\/cankiri-ili-sabanozu-ilcesi-kamis-koyu-monografisi\/"},"modified":"2026-04-16T03:11:44","modified_gmt":"2026-04-16T00:11:44","slug":"cankiri-ili-sabanozu-ilcesi-kamis-koyu-monografisi","status":"publish","type":"product","link":"https:\/\/roveyayinevi.com.tr\/index.php\/urun\/cankiri-ili-sabanozu-ilcesi-kamis-koyu-monografisi\/","title":{"rendered":"\u00c7ank\u0131r\u0131 \u0130li \u015eaban\u00f6z\u00fc \u0130l\u00e7esi Kam\u0131\u015f K\u00f6y\u00fc Monografisi"},"content":{"rendered":"<p>Orta Asya\u2019dan getirilen k\u00fclt\u00fcr birikimini Anadolu k\u00fclt\u00fcr\u00fcyle harmanlayarak kendine \u00f6zg\u00fc bir k\u00fclt\u00fcr ortaya koyabilen Kam\u0131\u015f k\u00f6y\u00fc Anadolu\u2019nun renkli co\u011frafyalar\u0131ndan biridir. Kam\u0131\u015f k\u00f6y\u00fc uzun y\u0131llar d\u0131\u015fa kapal\u0131 toplum olarak k\u00fclt\u00fcrel de\u011ferlerini korumu\u015f ancak de\u011fi\u015fen ya\u015fam bi\u00e7imleri, teknolojik geli\u015fmeler, i\u00e7 ve d\u0131\u015f g\u00f6\u00e7ler gibi sebeplerle k\u00fclt\u00fcrel de\u011fi\u015fimden etkilenir olmu\u015ftur. K\u00f6y k\u00fclt\u00fcr\u00fcn\u00fcn \u015fekillenmesinde \u0130sl\u00e2m\u00ee inan\u00e7 ve d\u00fc\u015f\u00fcnce yap\u0131s\u0131 belirgin olmakla birlikte d\u00fc\u011f\u00fcnlerde yak\u0131lan Sinsin ate\u015fi, su, ate\u015f, a\u011fa\u00e7 ve t\u00fcrbeler etraf\u0131nda geli\u015fen halk inan\u0131\u015flar\u0131, do\u011fum, evlilik ve \u00f6l\u00fcm gibi ge\u00e7i\u015f d\u00f6nemi uygulama ve pratikleri, \u00e7ocuklara verilen isimler, kur\u015fun d\u00f6kme, nazar, geleneksel oyunlar ve daha bir\u00e7ok k\u00fclt\u00fcrel unsur Orta Asya \u015eamanizm inan\u00e7 ve d\u00fc\u015f\u00fcnce sisteminden izler ta\u015f\u0131maktad\u0131r.<\/p>\n","protected":false},"excerpt":{"rendered":"<p>Orta Asya\u2019dan getirilen k\u00fclt\u00fcr birikimini Anadolu k\u00fclt\u00fcr\u00fcyle harmanlayarak kendine \u00f6zg\u00fc bir k\u00fclt\u00fcr ortaya koyabilen Kam\u0131\u015f k\u00f6y\u00fc Anadolu\u2019nun renkli co\u011frafyalar\u0131ndan biridir. Kam\u0131\u015f k\u00f6y\u00fc uzun y\u0131llar d\u0131\u015fa kapal\u0131<span class=\"excerpt-hellip\"> [\u2026]<\/span><\/p>\n","protected":false},"featured_media":0,"template":"","meta":{"_monsterinsights_skip_tracking":false,"_monsterinsights_sitenote_active":false,"_monsterinsights_sitenote_note":"","_monsterinsights_sitenote_category":0},"product_brand":[],"product_cat":[12325,12324],"product_tag":[],"class_list":{"0":"post-758679","1":"product","2":"type-product","3":"status-publish","5":"product_cat-diger-sosyoloji","6":"product_cat-sosyoloji","7":"pa_cilt-ciltsiz","8":"pa_tur-kitap","9":"pa_yayinevi-ihlamur-akademi","10":"pa_yazar-munir-cerrahoglu","12":"first","13":"instock","14":"sale","15":"shipping-taxable","16":"purchasable","17":"product-type-simple"},"_links":{"self":[{"href":"https:\/\/roveyayinevi.com.tr\/index.php\/wp-json\/wp\/v2\/product\/758679","targetHints":{"allow":["GET"]}}],"collection":[{"href":"https:\/\/roveyayinevi.com.tr\/index.php\/wp-json\/wp\/v2\/product"}],"about":[{"href":"https:\/\/roveyayinevi.com.tr\/index.php\/wp-json\/wp\/v2\/types\/product"}],"wp:attachment":[{"href":"https:\/\/roveyayinevi.com.tr\/index.php\/wp-json\/wp\/v2\/media?parent=758679"}],"wp:term":[{"taxonomy":"product_brand","embeddable":true,"href":"https:\/\/roveyayinevi.com.tr\/index.php\/wp-json\/wp\/v2\/product_brand?post=758679"},{"taxonomy":"product_cat","embeddable":true,"href":"https:\/\/roveyayinevi.com.tr\/index.php\/wp-json\/wp\/v2\/product_cat?post=758679"},{"taxonomy":"product_tag","embeddable":true,"href":"https:\/\/roveyayinevi.com.tr\/index.php\/wp-json\/wp\/v2\/product_tag?post=758679"}],"curies":[{"name":"wp","href":"https:\/\/api.w.org\/{rel}","templated":true}]}}