{"id":758678,"date":"2025-08-28T08:12:12","date_gmt":"2025-08-28T05:12:12","guid":{"rendered":"https:\/\/roveyayinevi.com.tr\/index.php\/urun\/anketler-sorusturmalar-isiginda-turk-edebiyatinin-ic-100u-5-cilt-takim-ciltli\/"},"modified":"2026-04-16T03:11:44","modified_gmt":"2026-04-16T00:11:44","slug":"anketler-sorusturmalar-isiginda-turk-edebiyatinin-ic-100u-5-cilt-takim-ciltli","status":"publish","type":"product","link":"https:\/\/roveyayinevi.com.tr\/index.php\/urun\/anketler-sorusturmalar-isiginda-turk-edebiyatinin-ic-100u-5-cilt-takim-ciltli\/","title":{"rendered":"Anketler \/ Soru\u015fturmalar I\u015f\u0131\u011f\u0131nda T\u00fcrk Edebiyat\u0131\u2019n\u0131n \u0130\u00e7 100\u2019\u00fc (5 Cilt Tak\u0131m) (Ciltli)"},"content":{"rendered":"<p>Mill\u00ee M\u00fccadele\u2019nin ba\u015flad\u0131\u011f\u0131 y\u0131llardan 1980\u2019li y\u0131llar\u0131n ba\u015f\u0131na kadar olan anketleri\/soru\u015fturmalar\u0131; T\u00fcrk edebiyat\u0131n\u0131n Cumhuriyet y\u0131llar\u0131ndaki geli\u015fimini, sorunlar\u0131n\u0131\/edeb\u00ee eserlerin bir y\u00f6n\u00fcyle d\u0131\u015far\u0131da kalm\u0131\u015f y\u00f6nlerini, sanatk\u00e2rlar\u0131n\u0131n da edeb\u00ee eserlerde g\u00f6r\u00fcnmeyen y\u00fczlerini ortaya \u00e7\u0131karan anketlerin ba\u015fl\u0131\u011f\u0131 bu sebeple \u201cT\u00fcrk Edebiyat\u0131n\u0131n \u0130\u00e7 100\u2019\u00fc\u201d olarak belirlendi. \u201cY\u00fcz\u201d s\u00f6zc\u00fc\u011f\u00fcn\u00fcn yaz\u0131yla de\u011fil rakamla yaz\u0131lmas\u0131 ise anla\u015f\u0131labilece\u011fi gibi Cumhuriyet\u2019in y\u00fcz\u00fcnc\u00fc y\u0131l\u0131n\u0131, fakat di\u011fer taraftan kitapta bulunan 100 anketi ifade etmesi i\u00e7in tercih edildi. 1920\u2019li y\u0131llardan itibaren yay\u0131mlanm\u0131\u015f Ak\u015fam, Anadolu, Bug\u00fcn, Cumhuriyet, Haber, \u0130kdam, Kurun, Milliyet, Son Posta, Ulus, Tan gibi onlarca gazetenin g\u00fcn g\u00fcn maceras\u0131n\u0131; di\u011fer tarafta Akbaba, B\u00fcy\u00fck Do\u011fu, Dost, Edebiyat D\u00fcnyas\u0131, Kaynak, Muhit, Papir\u00fcs, Pazar Postas\u0131, Servet-i F\u00fcn\u00fbn, T\u00fcrk Dili, Varl\u0131k, Yeditepe, Yeni Adam, Yeni Edebiyat, Y\u00fccel gibi y\u00fczlerce derginin milyonlarca sayfa tutan t\u00fcm say\u0131lar\u0131n\u0131 g\u00f6zden ge\u00e7irerek haz\u0131rlanm\u0131\u015f olan elinizdeki \u00e7al\u0131\u015fma ile T\u00fcrk edebiyat\u0131n\u0131n bilindik simalar\u0131n\u0131n yan\u0131 s\u0131ra, devrinde hayli \u00fcn yapm\u0131\u015f ama bug\u00fcn unutulmu\u015f pek \u00e7ok sanatk\u00e2r\u0131n da ya\u015fad\u0131\u011f\u0131n\u0131 g\u00f6receksiniz. Hatta B\u00fclent Ecevit\u2019ten, Zeki M\u00fcren\u2019e ve M\u00fcnir \u00d6zkul\u2019a de\u011fin pek \u00e7ok ismin edebiyata ili\u015fkin fikirlerini okuma f\u0131rsat\u0131 bulacaks\u0131n\u0131z.<\/p>\n","protected":false},"excerpt":{"rendered":"<p>Mill\u00ee M\u00fccadele\u2019nin ba\u015flad\u0131\u011f\u0131 y\u0131llardan 1980\u2019li y\u0131llar\u0131n ba\u015f\u0131na kadar olan anketleri\/soru\u015fturmalar\u0131; T\u00fcrk edebiyat\u0131n\u0131n Cumhuriyet y\u0131llar\u0131ndaki geli\u015fimini, sorunlar\u0131n\u0131\/edeb\u00ee eserlerin bir y\u00f6n\u00fcyle d\u0131\u015far\u0131da kalm\u0131\u015f y\u00f6nlerini, sanatk\u00e2rlar\u0131n\u0131n da edeb\u00ee eserlerde<span class=\"excerpt-hellip\"> [\u2026]<\/span><\/p>\n","protected":false},"featured_media":0,"template":"","meta":{"_monsterinsights_skip_tracking":false,"_monsterinsights_sitenote_active":false,"_monsterinsights_sitenote_note":"","_monsterinsights_sitenote_category":0},"product_brand":[],"product_cat":[13072,12291],"product_tag":[],"class_list":{"0":"post-758678","1":"product","2":"type-product","3":"status-publish","5":"product_cat-arastirma-inceleme-referans","6":"product_cat-edebiyat","7":"pa_cilt-ciltli","8":"pa_tur-kitap","9":"pa_yayinevi-ihlamur-akademi","10":"pa_yazar-selcuk-atay","12":"first","13":"instock","14":"sale","15":"shipping-taxable","16":"purchasable","17":"product-type-simple"},"_links":{"self":[{"href":"https:\/\/roveyayinevi.com.tr\/index.php\/wp-json\/wp\/v2\/product\/758678","targetHints":{"allow":["GET"]}}],"collection":[{"href":"https:\/\/roveyayinevi.com.tr\/index.php\/wp-json\/wp\/v2\/product"}],"about":[{"href":"https:\/\/roveyayinevi.com.tr\/index.php\/wp-json\/wp\/v2\/types\/product"}],"wp:attachment":[{"href":"https:\/\/roveyayinevi.com.tr\/index.php\/wp-json\/wp\/v2\/media?parent=758678"}],"wp:term":[{"taxonomy":"product_brand","embeddable":true,"href":"https:\/\/roveyayinevi.com.tr\/index.php\/wp-json\/wp\/v2\/product_brand?post=758678"},{"taxonomy":"product_cat","embeddable":true,"href":"https:\/\/roveyayinevi.com.tr\/index.php\/wp-json\/wp\/v2\/product_cat?post=758678"},{"taxonomy":"product_tag","embeddable":true,"href":"https:\/\/roveyayinevi.com.tr\/index.php\/wp-json\/wp\/v2\/product_tag?post=758678"}],"curies":[{"name":"wp","href":"https:\/\/api.w.org\/{rel}","templated":true}]}}