{"id":758672,"date":"2025-08-28T08:12:00","date_gmt":"2025-08-28T05:12:00","guid":{"rendered":"https:\/\/roveyayinevi.com.tr\/index.php\/urun\/ben-nefsimi-temize-cikarmam\/"},"modified":"2026-04-16T03:11:44","modified_gmt":"2026-04-16T00:11:44","slug":"ben-nefsimi-temize-cikarmam","status":"publish","type":"product","link":"https:\/\/roveyayinevi.com.tr\/index.php\/urun\/ben-nefsimi-temize-cikarmam\/","title":{"rendered":"Ben Nefsimi Temize \u00c7\u0131karmam"},"content":{"rendered":"<p>\u201c\u00c7ok yemek, Allah\u2019tan gafil olman\u0131n ve haddi a\u015fman\u0131n kayna\u011f\u0131 ve ba\u015flang\u0131c\u0131d\u0131r. Bu bak\u0131mdan nefis, a\u00e7l\u0131kla uysalla\u015f\u0131p k\u0131r\u0131ld\u0131\u011f\u0131 kadar ba\u015fka hi\u00e7bir \u015feyle uysalla\u015f\u0131p k\u0131r\u0131lmaz. A\u00e7 kalan nefis, sahibine kar\u015f\u0131 sakinle\u015fir ve ondan korkar. \u00c2cizli\u011fini ve zelilli\u011fini anlar. Zira kuvveti zay\u0131flam\u0131\u015f, elinden ka\u00e7an birka\u00e7 lokma y\u00fcz\u00fcnden hileleri olduk\u00e7a daralm\u0131\u015f, i\u00e7emedi\u011fi bir yudum sudan dolay\u0131 da d\u00fcnya kendisine zindan kesilmi\u015ftir. \u0130nsano\u011flu nefsinin zelilli\u011fini ve \u00e2cizli\u011fini anlamad\u0131k\u00e7a mevlas\u0131n\u0131n izzet ve kahr\u0131n\u0131 g\u00f6remez. \u0130nsano\u011flunun saadeti ancak daimi olarak nefsinin zillet ve \u00e2cziyetini anlay\u0131p, mevlas\u0131n\u0131n izzet, kudret ve kahr\u0131n\u0131 bilmesindedir. Bu bak\u0131mdan insano\u011flu daima a\u00e7, mevlas\u0131na muhta\u00e7 ve mecbur oldu\u011funu bilmeli ve bundan zevk almal\u0131d\u0131r.\u201d *** Asr\u0131n\u0131n m\u00fcceddidi H\u00fcccet\u00fc\u2019l-\u0130slam \u0130mam Gazal\u00ee bu kitab\u0131nda \u201cnefs, gurur, kibir, \u015f\u00fck\u00fcr\u201d kelimelerini merkeze al\u0131yor. Bu kelimelerin mahiyetini, \u00f6zelli\u011fini, kime ve neye nas\u0131l y\u00f6nlendirilmesi gerekti\u011fini a\u00e7\u0131kl\u0131yor.  <\/p>\n","protected":false},"excerpt":{"rendered":"<p>\u201c\u00c7ok yemek, Allah\u2019tan gafil olman\u0131n ve haddi a\u015fman\u0131n kayna\u011f\u0131 ve ba\u015flang\u0131c\u0131d\u0131r. Bu bak\u0131mdan nefis, a\u00e7l\u0131kla uysalla\u015f\u0131p k\u0131r\u0131ld\u0131\u011f\u0131 kadar ba\u015fka hi\u00e7bir \u015feyle uysalla\u015f\u0131p k\u0131r\u0131lmaz. A\u00e7 kalan nefis,<span class=\"excerpt-hellip\"> [\u2026]<\/span><\/p>\n","protected":false},"featured_media":0,"template":"","meta":{"_monsterinsights_skip_tracking":false,"_monsterinsights_sitenote_active":false,"_monsterinsights_sitenote_note":"","_monsterinsights_sitenote_category":0},"product_brand":[],"product_cat":[12718],"product_tag":[],"class_list":{"0":"post-758672","1":"product","2":"type-product","3":"status-publish","5":"product_cat-din","6":"pa_cilt-ciltsiz","7":"pa_tur-kitap","8":"pa_yayinevi-nesil-yayinlari","9":"pa_yazar-imam-gazali","11":"first","12":"instock","13":"sale","14":"shipping-taxable","15":"purchasable","16":"product-type-simple"},"_links":{"self":[{"href":"https:\/\/roveyayinevi.com.tr\/index.php\/wp-json\/wp\/v2\/product\/758672","targetHints":{"allow":["GET"]}}],"collection":[{"href":"https:\/\/roveyayinevi.com.tr\/index.php\/wp-json\/wp\/v2\/product"}],"about":[{"href":"https:\/\/roveyayinevi.com.tr\/index.php\/wp-json\/wp\/v2\/types\/product"}],"wp:attachment":[{"href":"https:\/\/roveyayinevi.com.tr\/index.php\/wp-json\/wp\/v2\/media?parent=758672"}],"wp:term":[{"taxonomy":"product_brand","embeddable":true,"href":"https:\/\/roveyayinevi.com.tr\/index.php\/wp-json\/wp\/v2\/product_brand?post=758672"},{"taxonomy":"product_cat","embeddable":true,"href":"https:\/\/roveyayinevi.com.tr\/index.php\/wp-json\/wp\/v2\/product_cat?post=758672"},{"taxonomy":"product_tag","embeddable":true,"href":"https:\/\/roveyayinevi.com.tr\/index.php\/wp-json\/wp\/v2\/product_tag?post=758672"}],"curies":[{"name":"wp","href":"https:\/\/api.w.org\/{rel}","templated":true}]}}