{"id":758670,"date":"2025-08-28T08:11:57","date_gmt":"2025-08-28T05:11:57","guid":{"rendered":"https:\/\/roveyayinevi.com.tr\/index.php\/urun\/kucuk-napolyon\/"},"modified":"2026-04-16T03:11:44","modified_gmt":"2026-04-16T00:11:44","slug":"kucuk-napolyon","status":"publish","type":"product","link":"https:\/\/roveyayinevi.com.tr\/index.php\/urun\/kucuk-napolyon\/","title":{"rendered":"K\u00fc\u00e7\u00fck Napolyon"},"content":{"rendered":"<p>III. Napolyon 1848\u2019de cumhurba\u015fkan\u0131 se\u00e7ildi ve anayasaya ba\u011fl\u0131l\u0131k yemini etti, 1851\u2019de yeminine ihanet ederek bir darbeyle meclisi feshetti, \u00fclkede ba\u015f g\u00f6steren ayaklanmay\u0131 kanla bast\u0131rd\u0131, bu kanl\u0131 hareketin ard\u0131ndan gelen bask\u0131 ortam\u0131nda plebisit yaparak kendini on y\u0131ll\u0131\u011f\u0131na cumhurba\u015fkan\u0131 se\u00e7tirdi, askeri ve m\u00fclki g\u00f6revlere adamlar\u0131n\u0131 yerle\u015ftirerek kendine biat edenlere servet da\u011f\u0131tt\u0131, ard\u0131ndan kendini imparator ilan etti. \u0130ktidar\u0131 d\u00f6neminde bas\u0131n \u00f6zg\u00fcrl\u00fc\u011f\u00fcn\u00fc ve ba\u011f\u0131ms\u0131z yarg\u0131y\u0131 yok etti, cumhuriyet\u00e7i hocalar\u0131 \u00fcniversiteden att\u0131rd\u0131, grevlere yasak getirdi. D\u0131\u015f politikan\u0131n da tek karar vericisi olarak Rusya, \u0130talya, Meksika ve Prusya\u2019ya sava\u015f a\u00e7t\u0131. Bu son sava\u015fta Prusya\u2019ya esir d\u00fc\u015ft\u00fc. \u0130mparatorluktan azledildi, 1870\u2019te Fransa\u2019da \u00dc\u00e7\u00fcnc\u00fc Cumhuriyet kuruldu. III. Napolyon s\u00fcrg\u00fcn hayat\u0131 ya\u015fad\u0131\u011f\u0131 \u0130ngiltere\u2019de \u00f6ld\u00fc. III. Napolyon\u2019un darbesine \u015fiddetle kar\u015f\u0131 duran, sonras\u0131nda Fransa\u2019dan ka\u00e7mak zorunda kalan ve \u00dc\u00e7\u00fcnc\u00fc Cumhuriyet\u2019in ilan\u0131na kadar s\u00fcrg\u00fcnde ya\u015fayan Victor Hugo\u2019nun 1852\u2019de yay\u0131nlad\u0131\u011f\u0131 ve bir hayk\u0131r\u0131\u015f olarak niteledi\u011fi bu kitap, matbuat tarihinin en keskin siyasi yergilerden biri, despot bir lider kar\u015f\u0131s\u0131nda cesur bir isyan, cumhuriyet\u00e7ilik ruhunun ders kitab\u0131d\u0131r. \u201cAdalet Saray\u0131\u2019nda kim oturuyor? Vazifeyi suiistimal. Peki ya hapishanelerde, hisarlarda, h\u00fccrelerde, s\u0131\u011f\u0131naklarda, zindanlarda, Lambessa\u2019da, Cayenne\u2019de, s\u00fcrg\u00fcndekiler kim? Yasa, \u015feref, ak\u0131l, \u00f6zg\u00fcrl\u00fck, hak.\u201d <\/p>\n","protected":false},"excerpt":{"rendered":"<p>III. Napolyon 1848\u2019de cumhurba\u015fkan\u0131 se\u00e7ildi ve anayasaya ba\u011fl\u0131l\u0131k yemini etti, 1851\u2019de yeminine ihanet ederek bir darbeyle meclisi feshetti, \u00fclkede ba\u015f g\u00f6steren ayaklanmay\u0131 kanla bast\u0131rd\u0131, bu kanl\u0131<span class=\"excerpt-hellip\"> [\u2026]<\/span><\/p>\n","protected":false},"featured_media":0,"template":"","meta":{"_monsterinsights_skip_tracking":false,"_monsterinsights_sitenote_active":false,"_monsterinsights_sitenote_note":"","_monsterinsights_sitenote_category":0},"product_brand":[],"product_cat":[13946,12304],"product_tag":[],"class_list":{"0":"post-758670","1":"product","2":"type-product","3":"status-publish","5":"product_cat-biyografi-otobiyografi","6":"product_cat-tarih","7":"pa_cilt-ciltsiz","8":"pa_tur-kitap","9":"pa_yayinevi-kirmizi-kedi-yayinevi","10":"pa_yazar-victor-hugo","12":"first","13":"instock","14":"sale","15":"shipping-taxable","16":"purchasable","17":"product-type-simple"},"_links":{"self":[{"href":"https:\/\/roveyayinevi.com.tr\/index.php\/wp-json\/wp\/v2\/product\/758670","targetHints":{"allow":["GET"]}}],"collection":[{"href":"https:\/\/roveyayinevi.com.tr\/index.php\/wp-json\/wp\/v2\/product"}],"about":[{"href":"https:\/\/roveyayinevi.com.tr\/index.php\/wp-json\/wp\/v2\/types\/product"}],"wp:attachment":[{"href":"https:\/\/roveyayinevi.com.tr\/index.php\/wp-json\/wp\/v2\/media?parent=758670"}],"wp:term":[{"taxonomy":"product_brand","embeddable":true,"href":"https:\/\/roveyayinevi.com.tr\/index.php\/wp-json\/wp\/v2\/product_brand?post=758670"},{"taxonomy":"product_cat","embeddable":true,"href":"https:\/\/roveyayinevi.com.tr\/index.php\/wp-json\/wp\/v2\/product_cat?post=758670"},{"taxonomy":"product_tag","embeddable":true,"href":"https:\/\/roveyayinevi.com.tr\/index.php\/wp-json\/wp\/v2\/product_tag?post=758670"}],"curies":[{"name":"wp","href":"https:\/\/api.w.org\/{rel}","templated":true}]}}