{"id":758667,"date":"2025-08-28T08:11:50","date_gmt":"2025-08-28T05:11:50","guid":{"rendered":"https:\/\/roveyayinevi.com.tr\/index.php\/urun\/adi-sevgi\/"},"modified":"2026-01-30T03:49:35","modified_gmt":"2026-01-30T00:49:35","slug":"adi-sevgi","status":"publish","type":"product","link":"https:\/\/roveyayinevi.com.tr\/index.php\/urun\/adi-sevgi\/","title":{"rendered":"Ad\u0131 Sevgi"},"content":{"rendered":"<p>\u015eiir kitab\u0131 diyerek ge\u00e7meyin.             \u0130\u00e7indeki konular her insan\u0131n hissetti\u011fi bildik, tan\u0131d\u0131k, duygu d\u00fc\u015f\u00fcnce ve fikirlerin \u015fiire d\u00f6k\u00fclmesidir.             Kitab\u0131n ad\u0131 Sevgi olsa da temas\u0131 sevgi mahrumiyetidir.Ger\u00e7ek sevginin tan\u0131nmad\u0131\u011f\u0131,\u00f6\u011frenilmedi\u011fi,ya\u015fanmad\u0131\u011f\u0131 bu d\u00fcnyada sevgiden mahrum kalmak bir sonu\u00e7tur.             G\u00f6n\u00fcl b\u00f6yle olmas\u0131n ister.             D\u00fcnya durduk\u00e7a ve insanlar ya\u015fad\u0131k\u00e7a bu kitap b\u00fct\u00fcn zamanlar\u0131n kitab\u0131 olacakt\u0131r.<\/p>\n","protected":false},"excerpt":{"rendered":"<p>\u015eiir kitab\u0131 diyerek ge\u00e7meyin. \u0130\u00e7indeki konular her insan\u0131n hissetti\u011fi bildik, tan\u0131d\u0131k, duygu d\u00fc\u015f\u00fcnce ve fikirlerin \u015fiire d\u00f6k\u00fclmesidir. Kitab\u0131n ad\u0131 Sevgi olsa da temas\u0131 sevgi mahrumiyetidir.Ger\u00e7ek sevginin<span class=\"excerpt-hellip\"> [\u2026]<\/span><\/p>\n","protected":false},"featured_media":0,"template":"","meta":{"_monsterinsights_skip_tracking":false,"_monsterinsights_sitenote_active":false,"_monsterinsights_sitenote_note":"","_monsterinsights_sitenote_category":0},"product_brand":[],"product_cat":[12291,12509],"product_tag":[],"class_list":{"0":"post-758667","1":"product","2":"type-product","3":"status-publish","5":"product_cat-edebiyat","6":"product_cat-siir","7":"pa_cilt-ciltsiz","8":"pa_tur-kitap","9":"pa_yayinevi-vova-yayinlari","10":"pa_yazar-bilgi-ozkay","12":"first","13":"instock","14":"sale","15":"shipping-taxable","16":"purchasable","17":"product-type-simple"},"_links":{"self":[{"href":"https:\/\/roveyayinevi.com.tr\/index.php\/wp-json\/wp\/v2\/product\/758667","targetHints":{"allow":["GET"]}}],"collection":[{"href":"https:\/\/roveyayinevi.com.tr\/index.php\/wp-json\/wp\/v2\/product"}],"about":[{"href":"https:\/\/roveyayinevi.com.tr\/index.php\/wp-json\/wp\/v2\/types\/product"}],"wp:attachment":[{"href":"https:\/\/roveyayinevi.com.tr\/index.php\/wp-json\/wp\/v2\/media?parent=758667"}],"wp:term":[{"taxonomy":"product_brand","embeddable":true,"href":"https:\/\/roveyayinevi.com.tr\/index.php\/wp-json\/wp\/v2\/product_brand?post=758667"},{"taxonomy":"product_cat","embeddable":true,"href":"https:\/\/roveyayinevi.com.tr\/index.php\/wp-json\/wp\/v2\/product_cat?post=758667"},{"taxonomy":"product_tag","embeddable":true,"href":"https:\/\/roveyayinevi.com.tr\/index.php\/wp-json\/wp\/v2\/product_tag?post=758667"}],"curies":[{"name":"wp","href":"https:\/\/api.w.org\/{rel}","templated":true}]}}