{"id":758666,"date":"2025-08-28T08:11:49","date_gmt":"2025-08-28T05:11:49","guid":{"rendered":"https:\/\/roveyayinevi.com.tr\/index.php\/urun\/buz-2\/"},"modified":"2026-04-16T03:11:44","modified_gmt":"2026-04-16T00:11:44","slug":"buz-2","status":"publish","type":"product","link":"https:\/\/roveyayinevi.com.tr\/index.php\/urun\/buz-2\/","title":{"rendered":"Buz"},"content":{"rendered":"<p>HAYATIMIN EN K\u00d6T\u00dc DO\u011eUM G\u00dcN\u00dcN\u00dc YA\u015eIYORDUM VE G\u00dcN HEN\u00dcZ B\u0130TMEM\u0130\u015eT\u0130. EVE GELD\u0130\u011e\u0130MDE ERKEK ARKADA\u015eIMI BA\u015eKA B\u0130R KADINLA B\u0130RL\u0130KTE BULDUM. Birka\u00e7 saat i\u00e7inde t\u00fcm hayat\u0131m alt\u00fcst olmu\u015ftu; sarho\u015f, evsiz ve sonsuza kadar bek\u00e2r kalmaya yeminliydim. Tam o s\u0131rada tehlikeli derecede \u00e7ekici Seelie Kral\u0131 benim gibi perileri aramak i\u00e7in \u015fehre gelmi\u015fti. Seelie Kral\u0131 Torin, eski bir gelene\u011fi devam ettirip krali\u00e7esini se\u00e7mek i\u00e7in bir yar\u0131\u015fma d\u00fczenlemi\u015fti. Fakat a\u00e7\u0131klamad\u0131\u011f\u0131 sebeplerden dolay\u0131 Torin ger\u00e7ek bir evlilik de\u011fil, g\u00f6stermelik bir t\u00f6ren pe\u015findeydi. Sarho\u015fken ona hakaretler savurdu\u011fumda kral\u0131n dikkatini hemen \u00fczerime \u00e7ektim. Torin bana turnuvaya kat\u0131lmam i\u00e7in \u00e7ok iyi bir teklif sundu\u011funda \u201cKaybedecek neyim var ki?\u201d diye d\u00fc\u015f\u00fcnm\u00fc\u015ft\u00fcm. K\u0131sa s\u00fcre sonra cevab\u0131n \u201chayat\u0131m\u201d oldu\u011funu \u00f6\u011frendim. Rakiplerim ta\u00e7 i\u00e7in \u00f6ld\u00fcrmeyi bile g\u00f6ze alm\u0131\u015flard\u0131. Ayr\u0131ca, Torin ve kar\u015f\u0131 konulamaz cazibesiyle ne kadar \u00e7ok zaman ge\u00e7irirsem, her \u015feyin sahte oldu\u011funu hat\u0131rlamak o kadar g\u00fc\u00e7le\u015fiyordu. \u015eimdi, hayat\u0131m \u2013ve kalbim\u2013 tehlikedeydi. \u201cAva&#8217;y\u0131 sarho\u015f olup Peri Kral\u2019a hakaret etti\u011fi anda sevmeye ba\u015flad\u0131m ve o andan itibaren Peri \u00dclkesi\u2019nde beni i\u00e7ine \u00e7eken tonlarca cinsel gerilimle dolu, vah\u015fi bir yolculu\u011fa \u00e7\u0131kt\u0131m.\u201d-Washington Post \u00e7oksatan yazar\u0131, K.F. Breene \u201cGurur ve \u00d6nyarg\u0131&#8217;n\u0131n Peri \u00dclkesi\u2019nde ge\u00e7mesi durumunda neler olaca\u011f\u0131n\u0131 d\u00fc\u015f\u00fcnd\u00fcren birka\u00e7 sahne de i\u00e7eren, tutkulu ve e\u011flenceli bir hik\u00e2ye.\u201d-Washington Post \u00e7oksatan yazar\u0131, Shannon Mayer<\/p>\n","protected":false},"excerpt":{"rendered":"<p>HAYATIMIN EN K\u00d6T\u00dc DO\u011eUM G\u00dcN\u00dcN\u00dc YA\u015eIYORDUM VE G\u00dcN HEN\u00dcZ B\u0130TMEM\u0130\u015eT\u0130. EVE GELD\u0130\u011e\u0130MDE ERKEK ARKADA\u015eIMI BA\u015eKA B\u0130R KADINLA B\u0130RL\u0130KTE BULDUM. Birka\u00e7 saat i\u00e7inde t\u00fcm hayat\u0131m alt\u00fcst olmu\u015ftu;<span class=\"excerpt-hellip\"> [\u2026]<\/span><\/p>\n","protected":false},"featured_media":0,"template":"","meta":{"_monsterinsights_skip_tracking":false,"_monsterinsights_sitenote_active":false,"_monsterinsights_sitenote_note":"","_monsterinsights_sitenote_category":0},"product_brand":[],"product_cat":[12291,14777],"product_tag":[],"class_list":{"0":"post-758666","1":"product","2":"type-product","3":"status-publish","5":"product_cat-edebiyat","6":"product_cat-fantastik","7":"pa_cilt-ciltsiz","8":"pa_tur-kitap","9":"pa_yayinevi-nemesis-kitap","10":"pa_yazar-c-n-crawford","12":"first","13":"instock","14":"sale","15":"shipping-taxable","16":"purchasable","17":"product-type-simple"},"_links":{"self":[{"href":"https:\/\/roveyayinevi.com.tr\/index.php\/wp-json\/wp\/v2\/product\/758666","targetHints":{"allow":["GET"]}}],"collection":[{"href":"https:\/\/roveyayinevi.com.tr\/index.php\/wp-json\/wp\/v2\/product"}],"about":[{"href":"https:\/\/roveyayinevi.com.tr\/index.php\/wp-json\/wp\/v2\/types\/product"}],"wp:attachment":[{"href":"https:\/\/roveyayinevi.com.tr\/index.php\/wp-json\/wp\/v2\/media?parent=758666"}],"wp:term":[{"taxonomy":"product_brand","embeddable":true,"href":"https:\/\/roveyayinevi.com.tr\/index.php\/wp-json\/wp\/v2\/product_brand?post=758666"},{"taxonomy":"product_cat","embeddable":true,"href":"https:\/\/roveyayinevi.com.tr\/index.php\/wp-json\/wp\/v2\/product_cat?post=758666"},{"taxonomy":"product_tag","embeddable":true,"href":"https:\/\/roveyayinevi.com.tr\/index.php\/wp-json\/wp\/v2\/product_tag?post=758666"}],"curies":[{"name":"wp","href":"https:\/\/api.w.org\/{rel}","templated":true}]}}